
{"id":10000,"date":"2021-08-04T13:41:45","date_gmt":"2021-08-04T13:41:45","guid":{"rendered":"https:\/\/acosgraf.com\/?post_type=product&#038;p=10000"},"modified":"2021-11-09T08:38:46","modified_gmt":"2021-11-09T08:38:46","slug":"tampo-tp-185-a","status":"publish","type":"product","link":"https:\/\/acosgraf.com\/en\/produto\/tampo-tp-185-a\/","title":{"rendered":"TAMPO &#8211; TP 185 A"},"content":{"rendered":"\t\t<div data-elementor-type=\"product-post\" data-elementor-id=\"10000\" class=\"elementor elementor-10000\" data-elementor-post-type=\"product\">\n\t\t\t\t\t\t<section class=\"elementor-section elementor-top-section elementor-element elementor-element-16619a13 elementor-section-boxed elementor-section-height-default elementor-section-height-default\" data-id=\"16619a13\" data-element_type=\"section\" data-e-type=\"section\">\n\t\t\t\t\t\t<div class=\"elementor-container elementor-column-gap-default\">\n\t\t\t\t\t<div class=\"elementor-column elementor-col-100 elementor-top-column elementor-element elementor-element-a2e57bb\" data-id=\"a2e57bb\" data-element_type=\"column\" data-e-type=\"column\">\n\t\t\t<div class=\"elementor-widget-wrap elementor-element-populated\">\n\t\t\t\t\t\t<div class=\"elementor-element elementor-element-5af0e7c0 elementor-widget elementor-widget-text-editor\" data-id=\"5af0e7c0\" data-element_type=\"widget\" data-e-type=\"widget\" data-widget_type=\"text-editor.default\">\n\t\t\t\t<div class=\"elementor-widget-container\">\n\t\t\t\t\t\t\t\t\t<ul>\n \t<li>Painel LCD;<\/li>\n \t<li>Paragem de emerg\u00eancia;<\/li>\n \t<li>Contador parcial e total das pe\u00e7as;<\/li>\n \t<li>Pausa entre impress\u00f5es;<\/li>\n \t<li>Velocidades de impress\u00e3o independentes e regul\u00e1veis (avan\u00e7o; recuo; subir, descer);<\/li>\n \t<li>Mesa de impress\u00e3o ajust\u00e1vel em altura;<\/li>\n \t<li>Sistema de impress\u00e3o por tamp\u00e3o e clich\u00e9;<\/li>\n \t<li>Ajuste longitudinal e transversal da coloca\u00e7\u00e3o da pe\u00e7a;<\/li>\n<\/ul>\n<table class=\"tbl-products\">\n<tbody>\n<tr>\n<th>TAMPO &#8211; TP 185 A<\/th>\n<th style=\"text-align: center;\">Uni<\/th>\n<th>TP &#8211; 185 A 200<\/th>\n<th>TP &#8211; 185 A 250<\/th>\n<\/tr>\n<tr>\n<td>Formato m\u00e1ximo de impress\u00e3o (prof. * larg.)<\/td>\n<td style=\"text-align: center;\">mm<\/td>\n<td style=\"text-align: center;\">100 x 150<\/td>\n<td style=\"text-align: center;\">100 x 200<\/td>\n<\/tr>\n<tr>\n<td>Press\u00e3o de tamponagem m\u00e1xima<\/td>\n<td style=\"text-align: center;\">N<\/td>\n<td style=\"text-align: center;\">168<\/td>\n<td style=\"text-align: center;\">168<\/td>\n<\/tr>\n<tr>\n<td>Tamanho m\u00e1ximo de clich\u00e9 (prof.*larg.)<\/td>\n<td style=\"text-align: center;\">mm<\/td>\n<td style=\"text-align: center;\">150 x 200<\/td>\n<td style=\"text-align: center;\">150 x 250<\/td>\n<\/tr>\n<tr>\n<td>Profundidade exterior<\/td>\n<td style=\"text-align: center;\">Cm<\/td>\n<td style=\"text-align: center;\">88<\/td>\n<td style=\"text-align: center;\">88<\/td>\n<\/tr>\n<tr>\n<td>Largura exterior<\/td>\n<td style=\"text-align: center;\">Cm<\/td>\n<td style=\"text-align: center;\">62<\/td>\n<td style=\"text-align: center;\">62<\/td>\n<\/tr>\n<tr>\n<td>Altura exterior<\/td>\n<td style=\"text-align: center;\">Cm<\/td>\n<td style=\"text-align: center;\">145<\/td>\n<td style=\"text-align: center;\">145<\/td>\n<\/tr>\n<tr>\n<td>Peso<\/td>\n<td style=\"text-align: center;\">Kg<\/td>\n<td style=\"text-align: center;\">149<\/td>\n<td style=\"text-align: center;\">149<\/td>\n<\/tr>\n<tr>\n<td>Voltagem<\/td>\n<td style=\"text-align: center;\">V<\/td>\n<td style=\"text-align: center;\">230<\/td>\n<td style=\"text-align: center;\">230<\/td>\n<\/tr>\n<\/tbody>\n<\/table>\t\t\t\t\t\t\t\t<\/div>\n\t\t\t\t<\/div>\n\t\t\t\t\t<\/div>\n\t\t<\/div>\n\t\t\t\t\t<\/div>\n\t\t<\/section>\n\t\t\t\t<\/div>\n\t\t","protected":false},"excerpt":{"rendered":"<p>O equipamento TAMPO TP 185 \u00e9 uma maquina de tampografia a uma cor electro pneum\u00e1tica que utiliza tinteiro aberto.<\/p>\n","protected":false},"featured_media":10001,"template":"","meta":[],"product_cat":[107,104],"product_tag":[],"class_list":["post-10000","product","type-product","status-publish","has-post-thumbnail","hentry","product_cat-1-cor-com-1-ano-de-garantia","product_cat-tampografia"],"_links":{"self":[{"href":"https:\/\/acosgraf.com\/en\/wp-json\/wp\/v2\/product\/10000","targetHints":{"allow":["GET"]}}],"collection":[{"href":"https:\/\/acosgraf.com\/en\/wp-json\/wp\/v2\/product"}],"about":[{"href":"https:\/\/acosgraf.com\/en\/wp-json\/wp\/v2\/types\/product"}],"version-history":[{"count":5,"href":"https:\/\/acosgraf.com\/en\/wp-json\/wp\/v2\/product\/10000\/revisions"}],"predecessor-version":[{"id":10138,"href":"https:\/\/acosgraf.com\/en\/wp-json\/wp\/v2\/product\/10000\/revisions\/10138"}],"wp:featuredmedia":[{"embeddable":true,"href":"https:\/\/acosgraf.com\/en\/wp-json\/wp\/v2\/media\/10001"}],"wp:attachment":[{"href":"https:\/\/acosgraf.com\/en\/wp-json\/wp\/v2\/media?parent=10000"}],"wp:term":[{"taxonomy":"product_cat","embeddable":true,"href":"https:\/\/acosgraf.com\/en\/wp-json\/wp\/v2\/product_cat?post=10000"},{"taxonomy":"product_tag","embeddable":true,"href":"https:\/\/acosgraf.com\/en\/wp-json\/wp\/v2\/product_tag?post=10000"}],"curies":[{"name":"wp","href":"https:\/\/api.w.org\/{rel}","templated":true}]}}