
{"id":11599,"date":"2023-08-03T09:02:18","date_gmt":"2023-08-03T08:02:18","guid":{"rendered":"https:\/\/acosgraf.com\/?post_type=product&#038;p=11599"},"modified":"2023-08-03T09:16:49","modified_gmt":"2023-08-03T08:16:49","slug":"spiral-waterbase","status":"publish","type":"product","link":"https:\/\/acosgraf.com\/en\/produto\/spiral-waterbase\/","title":{"rendered":"SPIRAL WATER BASE"},"content":{"rendered":"\t\t<div data-elementor-type=\"product-post\" data-elementor-id=\"11599\" class=\"elementor elementor-11599\" data-elementor-post-type=\"product\">\n\t\t\t\t\t\t<section class=\"elementor-section elementor-top-section elementor-element elementor-element-7841fea0 elementor-section-boxed elementor-section-height-default elementor-section-height-default\" data-id=\"7841fea0\" data-element_type=\"section\" data-e-type=\"section\">\n\t\t\t\t\t\t<div class=\"elementor-container elementor-column-gap-default\">\n\t\t\t\t\t<div class=\"elementor-column elementor-col-100 elementor-top-column elementor-element elementor-element-477800a4\" data-id=\"477800a4\" data-element_type=\"column\" data-e-type=\"column\">\n\t\t\t<div class=\"elementor-widget-wrap elementor-element-populated\">\n\t\t\t\t\t\t<div class=\"elementor-element elementor-element-5b1381c2 elementor-widget elementor-widget-text-editor\" data-id=\"5b1381c2\" data-element_type=\"widget\" data-e-type=\"widget\" data-widget_type=\"text-editor.default\">\n\t\t\t\t<div class=\"elementor-widget-container\">\n\t\t\t\t\t\t\t\t\t<ul><li>Regula\u00e7\u00e3o electr\u00f3nica da velocidade de girar ;<\/li><li>Desenho especial de lamina de mistura;<\/li><li>Aperto pneum\u00e1tico do balde;<\/li><li>Possibilidade de utiliza\u00e7\u00e3o de baldes deste 110 mm at\u00e9 380 mm de di\u00e2metro;<\/li><li>Possibilidade de rota\u00e7\u00e3o nos dois sentidos;<\/li><li>Sistema de contra peso para ajuda do ajuste de altura da lamina de mistura;<\/li><li>Fabricado em 100% a\u00e7o inox para f\u00e1cil limpeza;<\/li><li>Manivela de juste do di\u00e2metro do balde;<\/li><\/ul><table class=\"tbl-products\"><tbody><tr><th>SPIRAL WATER BASE<\/th><th style=\"text-align: center;\">Uni<\/th><th>SP WB 20<\/th><\/tr><tr><td>Di\u00e2metro de baldes a mexer<\/td><td style=\"text-align: center;\">mm<\/td><td style=\"text-align: center;\">110 at\u00e9 380<\/td><\/tr><tr><td>Profundidade exterior<\/td><td style=\"text-align: center;\">Cm<\/td><td style=\"text-align: center;\">185<\/td><\/tr><tr><td>Largura exterior<\/td><td style=\"text-align: center;\">Cm<\/td><td style=\"text-align: center;\">81<\/td><\/tr><tr><td>Altura exterior<\/td><td style=\"text-align: center;\">Cm<\/td><td style=\"text-align: center;\">81<\/td><\/tr><tr><td>Peso<\/td><td style=\"text-align: center;\">Kg<\/td><td style=\"text-align: center;\">95<\/td><\/tr><tr><td>Voltagem<\/td><td style=\"text-align: center;\">V<\/td><td style=\"text-align: center;\">230 \/ 50<\/td><\/tr><tr><td>Dimens\u00f5es de envio (larg*prof*alt.)<\/td><td style=\"text-align: center;\">Cm<\/td><td style=\"text-align: center;\">\u00a0<\/td><\/tr><\/tbody><\/table>\t\t\t\t\t\t\t\t<\/div>\n\t\t\t\t<\/div>\n\t\t\t\t\t<\/div>\n\t\t<\/div>\n\t\t\t\t\t<\/div>\n\t\t<\/section>\n\t\t\t\t<\/div>\n\t\t","protected":false},"excerpt":{"rendered":"<p>O SPIRAL WATER BASE \u00e9 uma m\u00e1quina desenhada para misturar tintas base de \u00e1gua. O SPIRAL WATER BASE pode utilizar baldes de di\u00e2metro deste 110 mm at\u00e9 380 mm . O SPIRAL WATER BASE v\u00eam equipado de s\u00e9rie com ajuste da velocidade de rota\u00e7\u00e3o e ajuda f\u00e1cil na regula\u00e7\u00e3o da altura de mistura. <\/p>\n","protected":false},"featured_media":11600,"template":"","meta":[],"product_cat":[275,54],"product_tag":[],"class_list":["post-11599","product","type-product","status-publish","has-post-thumbnail","hentry","product_cat-mexedor-tintas-2","product_cat-serigrafia"],"_links":{"self":[{"href":"https:\/\/acosgraf.com\/en\/wp-json\/wp\/v2\/product\/11599","targetHints":{"allow":["GET"]}}],"collection":[{"href":"https:\/\/acosgraf.com\/en\/wp-json\/wp\/v2\/product"}],"about":[{"href":"https:\/\/acosgraf.com\/en\/wp-json\/wp\/v2\/types\/product"}],"version-history":[{"count":7,"href":"https:\/\/acosgraf.com\/en\/wp-json\/wp\/v2\/product\/11599\/revisions"}],"predecessor-version":[{"id":11609,"href":"https:\/\/acosgraf.com\/en\/wp-json\/wp\/v2\/product\/11599\/revisions\/11609"}],"wp:featuredmedia":[{"embeddable":true,"href":"https:\/\/acosgraf.com\/en\/wp-json\/wp\/v2\/media\/11600"}],"wp:attachment":[{"href":"https:\/\/acosgraf.com\/en\/wp-json\/wp\/v2\/media?parent=11599"}],"wp:term":[{"taxonomy":"product_cat","embeddable":true,"href":"https:\/\/acosgraf.com\/en\/wp-json\/wp\/v2\/product_cat?post=11599"},{"taxonomy":"product_tag","embeddable":true,"href":"https:\/\/acosgraf.com\/en\/wp-json\/wp\/v2\/product_tag?post=11599"}],"curies":[{"name":"wp","href":"https:\/\/api.w.org\/{rel}","templated":true}]}}