
{"id":2083,"date":"2019-10-16T14:36:06","date_gmt":"2019-10-16T14:36:06","guid":{"rendered":"https:\/\/acosgraf.com\/produto\/rackcuter\/"},"modified":"2021-11-28T13:06:47","modified_gmt":"2021-11-28T13:06:47","slug":"rackcuter","status":"publish","type":"product","link":"https:\/\/acosgraf.com\/en\/produto\/rackcuter\/","title":{"rendered":"RACKCUTER"},"content":{"rendered":"\t\t<div data-elementor-type=\"product-post\" data-elementor-id=\"2083\" class=\"elementor elementor-2083\" data-elementor-post-type=\"product\">\n\t\t\t\t\t\t<section class=\"elementor-section elementor-top-section elementor-element elementor-element-7841fea0 elementor-section-boxed elementor-section-height-default elementor-section-height-default\" data-id=\"7841fea0\" data-element_type=\"section\" data-e-type=\"section\">\n\t\t\t\t\t\t<div class=\"elementor-container elementor-column-gap-default\">\n\t\t\t\t\t<div class=\"elementor-column elementor-col-100 elementor-top-column elementor-element elementor-element-477800a4\" data-id=\"477800a4\" data-element_type=\"column\" data-e-type=\"column\">\n\t\t\t<div class=\"elementor-widget-wrap elementor-element-populated\">\n\t\t\t\t\t\t<div class=\"elementor-element elementor-element-5b1381c2 elementor-widget elementor-widget-text-editor\" data-id=\"5b1381c2\" data-element_type=\"widget\" data-e-type=\"widget\" data-widget_type=\"text-editor.default\">\n\t\t\t\t<div class=\"elementor-widget-container\">\n\t\t\t\t\t\t\t\t\t<ul>\n \t<li>Regula\u00e7\u00e3o electr\u00f3nica da velocidade para afiar a racklete\u00a0;<\/li>\n \t<li>Regula\u00e7\u00e3o electr\u00f3nica da velocidade do carro;<\/li>\n \t<li>Funcionamento em modo manual ou autom\u00e1tico;<\/li>\n \t<li>Consola digital para programa\u00e7\u00e3o dos avan\u00e7os e subida;<\/li>\n \t<li>Ajustes microm\u00e9tricos e inclina\u00e7\u00e3o da racklete;<\/li>\n \t<li>Arm\u00e1rio com portas de correr como op\u00e7\u00e3o;<\/li>\n \t<li>Possibilidade de afiar racklete at\u00e9 115 cm de comprimento;<\/li>\n \t<li>Possibilidade de afiar rackletes com diversos perfil.<\/li>\n<\/ul>\n<table class=\"tbl-products\">\n<tbody>\n<tr>\n<th>RACKGRINDER<\/th>\n<th style=\"text-align: center;\">Uni<\/th>\n<th>RG 115<\/th>\n<\/tr>\n<tr>\n<td>Maximum squeegee to sharpe<\/td>\n<td style=\"text-align: center;\">Cm<\/td>\n<td style=\"text-align: center;\">115<\/td>\n<\/tr>\n<tr>\n<td>External depth<\/td>\n<td style=\"text-align: center;\">Cm<\/td>\n<td style=\"text-align: center;\">65<\/td>\n<\/tr>\n<tr>\n<td>Largura exterior<\/td>\n<td style=\"text-align: center;\">Cm<\/td>\n<td style=\"text-align: center;\">220<\/td>\n<\/tr>\n<tr>\n<td>Altura exterior<\/td>\n<td style=\"text-align: center;\">Cm<\/td>\n<td style=\"text-align: center;\">160<\/td>\n<\/tr>\n<tr>\n<td>Weight<\/td>\n<td style=\"text-align: center;\">Kg<\/td>\n<td style=\"text-align: center;\">270<\/td>\n<\/tr>\n<tr>\n<td>Voltage<\/td>\n<td style=\"text-align: center;\">V<\/td>\n<td style=\"text-align: center;\">230 \/ 50<\/td>\n<\/tr>\n<tr>\n<td>Shipping dimensions (W*D*H)<\/td>\n<td style=\"text-align: center;\">Cm<\/td>\n<td style=\"text-align: center;\">230*90*170<\/td>\n<\/tr>\n<\/tbody>\n<\/table>\t\t\t\t\t\t\t\t<\/div>\n\t\t\t\t<\/div>\n\t\t\t\t\t<\/div>\n\t\t<\/div>\n\t\t\t\t\t<\/div>\n\t\t<\/section>\n\t\t\t\t<\/div>\n\t\t","protected":false},"excerpt":{"rendered":"<p>The RACKCUTER is a machine design to sharp screen printing squeegees in a fully automatic. The RACKCUTER has a LCD programmer that operator can programmed with endless steps to have a perfect sharpening result. It can be built to accepted almost every machine squeegee type that exist on the market.<\/p>\n","protected":false},"featured_media":10252,"template":"","meta":[],"product_cat":[171,173],"product_tag":[],"class_list":["post-2083","product","type-product","status-publish","has-post-thumbnail","hentry","product_cat-screen-printing","product_cat-squeegee-grinder"],"_links":{"self":[{"href":"https:\/\/acosgraf.com\/en\/wp-json\/wp\/v2\/product\/2083","targetHints":{"allow":["GET"]}}],"collection":[{"href":"https:\/\/acosgraf.com\/en\/wp-json\/wp\/v2\/product"}],"about":[{"href":"https:\/\/acosgraf.com\/en\/wp-json\/wp\/v2\/types\/product"}],"version-history":[{"count":5,"href":"https:\/\/acosgraf.com\/en\/wp-json\/wp\/v2\/product\/2083\/revisions"}],"predecessor-version":[{"id":10261,"href":"https:\/\/acosgraf.com\/en\/wp-json\/wp\/v2\/product\/2083\/revisions\/10261"}],"wp:featuredmedia":[{"embeddable":true,"href":"https:\/\/acosgraf.com\/en\/wp-json\/wp\/v2\/media\/10252"}],"wp:attachment":[{"href":"https:\/\/acosgraf.com\/en\/wp-json\/wp\/v2\/media?parent=2083"}],"wp:term":[{"taxonomy":"product_cat","embeddable":true,"href":"https:\/\/acosgraf.com\/en\/wp-json\/wp\/v2\/product_cat?post=2083"},{"taxonomy":"product_tag","embeddable":true,"href":"https:\/\/acosgraf.com\/en\/wp-json\/wp\/v2\/product_tag?post=2083"}],"curies":[{"name":"wp","href":"https:\/\/api.w.org\/{rel}","templated":true}]}}