
{"id":2143,"date":"2019-10-16T14:41:42","date_gmt":"2019-10-16T14:41:42","guid":{"rendered":"https:\/\/acosgraf.com\/produto\/bags-print\/"},"modified":"2019-10-16T17:18:40","modified_gmt":"2019-10-16T17:18:40","slug":"bags-print","status":"publish","type":"product","link":"https:\/\/acosgraf.com\/en\/produto\/bags-print\/","title":{"rendered":"BAGS PRINT"},"content":{"rendered":"<ul>\n<li>3 modes ways of work: automatic, cycle and manual<\/li>\n<li>Printing Cycle in frontal way, to assure an excellent off contact and facilitates the maximum of exploitation from imprinting table<\/li>\n<li>Speed electronic adjuster control from squeegee and flood bar, independent<\/li>\n<li>Emergency bar designed to protect the operator in every point from the machine<\/li>\n<li>Emergency mushroom button<\/li>\n<li>Take-off and loading timer adjustable in the automatic and cycle mode<\/li>\n<li>Plate in aluminium coated<\/li>\n<li>Inclination angle from squeegee and flood bar adjustable<\/li>\n<li>Digital counter of impression<\/li>\n<li>Possibility to print objects until 25 cm thickness<\/li>\n<\/ul>\n<table class=\"tbl-products\">\n<tbody>\n<tr>\n<th>BAGS PRINT<\/th>\n<th style=\"text-align:center;\">Units<\/th>\n<th>BP 4045<\/th>\n<\/tr>\n<tr>\n<td>Maximum printing size<\/td>\n<td style=\"text-align:center;\">mm<\/td>\n<td style=\"text-align:center;\">40&#215;45<\/td>\n<\/tr>\n<tr>\n<td>Vacuum area<\/td>\n<td style=\"text-align:center;\">Cm<\/td>\n<td style=\"text-align:center;\">45&#215;50<\/td>\n<\/tr>\n<tr>\n<td>Dimension from printing table<\/td>\n<td style=\"text-align:center;\">Cm<\/td>\n<td style=\"text-align:center;\">45&#215;50<\/td>\n<\/tr>\n<tr>\n<td>Maximum production pieces per hour<\/td>\n<td style=\"text-align:center;\"><\/td>\n<td style=\"text-align:center;\">840<\/td>\n<\/tr>\n<tr>\n<td>Maximum screen size<\/td>\n<td style=\"text-align:center;\">cm<\/td>\n<td style=\"text-align:center;\">80&#215;75<\/td>\n<\/tr>\n<tr>\n<td>Height from working platform<\/td>\n<td style=\"text-align:center;\">cm<\/td>\n<td style=\"text-align:center;\">100<\/td>\n<\/tr>\n<tr>\n<td>Out. dim. (width, depth, height)<\/td>\n<td style=\"text-align:center;\">Cm<\/td>\n<td style=\"text-align:center;\">115x135x160<\/td>\n<\/tr>\n<tr>\n<td>Power install<\/td>\n<td style=\"text-align:center;\">Kw<\/td>\n<td style=\"text-align:center;\">1,5<\/td>\n<\/tr>\n<tr>\n<td>Working air pressure<\/td>\n<td style=\"text-align:center;\">BAR<\/td>\n<td style=\"text-align:center;\">4 &#8211; 5<\/td>\n<\/tr>\n<tr>\n<td>Weight<\/td>\n<td style=\"text-align:center;\">Kg<\/td>\n<td style=\"text-align:center;\">450<\/td>\n<\/tr>\n<tr>\n<td>Voltage<\/td>\n<td style=\"text-align:center;\">V<\/td>\n<td style=\"text-align:center;\">230 or 400<\/td>\n<\/tr>\n<\/tbody>\n<\/table>\n","protected":false},"excerpt":{"rendered":"<p>A BAGS PRINT \u00e9 uma m\u00e1quina semi autom\u00e1tica de impress\u00e3o concebida para a impress\u00e3o em sacos de papel ou pl\u00e1stico. A BAGS PRINT t\u00eam a capacidade tamb\u00e9m de impress\u00e3o em objectos que tenham uma altura at\u00e9 25 cm.<\/p>\n<div class=\"btn_product\"><a class=\"btn_short_pdf elementor-align-justify elementor-button\" role=\"button\" href=\"https:\/\/acosgraf.com\/wp-content\/uploads\/2019\/10\/BAGS-PRINT-en.pdf\"><i class=\"far fa-file-pdf\" aria-hidden=\"true\"><\/i> <span class=\"txt_btn_pdf\">DOWNLOAD PDF<\/span><\/a><\/div>\n","protected":false},"featured_media":2144,"template":"","meta":[],"product_cat":[192,171],"product_tag":[],"class_list":["post-2143","product","type-product","status-publish","has-post-thumbnail","hentry","product_cat-1-2-automatic-printing","product_cat-screen-printing"],"_links":{"self":[{"href":"https:\/\/acosgraf.com\/en\/wp-json\/wp\/v2\/product\/2143","targetHints":{"allow":["GET"]}}],"collection":[{"href":"https:\/\/acosgraf.com\/en\/wp-json\/wp\/v2\/product"}],"about":[{"href":"https:\/\/acosgraf.com\/en\/wp-json\/wp\/v2\/types\/product"}],"version-history":[{"count":1,"href":"https:\/\/acosgraf.com\/en\/wp-json\/wp\/v2\/product\/2143\/revisions"}],"predecessor-version":[{"id":3109,"href":"https:\/\/acosgraf.com\/en\/wp-json\/wp\/v2\/product\/2143\/revisions\/3109"}],"wp:featuredmedia":[{"embeddable":true,"href":"https:\/\/acosgraf.com\/en\/wp-json\/wp\/v2\/media\/2144"}],"wp:attachment":[{"href":"https:\/\/acosgraf.com\/en\/wp-json\/wp\/v2\/media?parent=2143"}],"wp:term":[{"taxonomy":"product_cat","embeddable":true,"href":"https:\/\/acosgraf.com\/en\/wp-json\/wp\/v2\/product_cat?post=2143"},{"taxonomy":"product_tag","embeddable":true,"href":"https:\/\/acosgraf.com\/en\/wp-json\/wp\/v2\/product_tag?post=2143"}],"curies":[{"name":"wp","href":"https:\/\/api.w.org\/{rel}","templated":true}]}}