
{"id":2187,"date":"2019-10-16T14:44:24","date_gmt":"2019-10-16T14:44:24","guid":{"rendered":"https:\/\/acosgraf.com\/produto\/spyder\/"},"modified":"2019-10-16T17:17:26","modified_gmt":"2019-10-16T17:17:26","slug":"spyder","status":"publish","type":"product","link":"https:\/\/acosgraf.com\/en\/product\/spyder\/","title":{"rendered":"SPYDER"},"content":{"rendered":"<table class=\"tbl-products\">\n<tbody>\n<tr>\n<th>SPYDER<\/th>\n<th style=\"text-align:center;\">Units<\/th>\n<th>SPY 76<\/th>\n<th>SPY 137<\/th>\n<\/tr>\n<tr>\n<td>Resolu\u00e7\u00e3o de impress\u00e3o<\/td>\n<td style=\"text-align:center;\">dpi<\/td>\n<td style=\"text-align:center;\">600 ou 1200<\/td>\n<td style=\"text-align:center;\">600 ou 1200<\/td>\n<\/tr>\n<tr>\n<td>Vel. max. de impress\u00e3o a 1200dpi<\/td>\n<td style=\"text-align:center;\">m2\/h<\/td>\n<td style=\"text-align:center;\">13<\/td>\n<td style=\"text-align:center;\">13<\/td>\n<\/tr>\n<tr>\n<td>Vel. max. de impress\u00e3o a 600dpi<\/td>\n<td style=\"text-align:center;\">m2\/h<\/td>\n<td style=\"text-align:center;\">8<\/td>\n<td style=\"text-align:center;\">8<\/td>\n<\/tr>\n<tr>\n<td>Maximum printing size<\/td>\n<td style=\"text-align:center;\">Cm<\/td>\n<td style=\"text-align:center;\">63&#215;76<\/td>\n<td style=\"text-align:center;\">127&#215;102<\/td>\n<\/tr>\n<tr>\n<td>Maximum screen size<\/td>\n<td style=\"text-align:center;\">cm<\/td>\n<td style=\"text-align:center;\">76&#215;101<\/td>\n<td style=\"text-align:center;\">137&#215;116<\/td>\n<\/tr>\n<tr>\n<td>Power Output<\/td>\n<td style=\"text-align:center;\">W<\/td>\n<td style=\"text-align:center;\">2<\/td>\n<td style=\"text-align:center;\">2<\/td>\n<\/tr>\n<tr>\n<td>External depth<\/td>\n<td style=\"text-align:center;\">cm<\/td>\n<td style=\"text-align:center;\">76<\/td>\n<td style=\"text-align:center;\">79<\/td>\n<\/tr>\n<tr>\n<td>External width<\/td>\n<td style=\"text-align:center;\">Cm<\/td>\n<td style=\"text-align:center;\">124<\/td>\n<td style=\"text-align:center;\">203<\/td>\n<\/tr>\n<tr>\n<td>External height<\/td>\n<td style=\"text-align:center;\">Cm<\/td>\n<td style=\"text-align:center;\">155<\/td>\n<td style=\"text-align:center;\">155<\/td>\n<\/tr>\n<tr>\n<td>Working air pressure<\/td>\n<td style=\"text-align:center;\">BAR<\/td>\n<td style=\"text-align:center;\">6<\/td>\n<td style=\"text-align:center;\">6<\/td>\n<\/tr>\n<tr>\n<td>Weight<\/td>\n<td style=\"text-align:center;\">Kg<\/td>\n<td style=\"text-align:center;\">136<\/td>\n<td style=\"text-align:center;\">150<\/td>\n<\/tr>\n<tr>\n<td>Voltage<\/td>\n<td style=\"text-align:center;\">V<\/td>\n<td style=\"text-align:center;\">230<\/td>\n<td style=\"text-align:center;\">230<\/td>\n<\/tr>\n<\/tbody>\n<\/table>\n","protected":false},"excerpt":{"rendered":"<div class=\"btn_product\"><a class=\"btn_short_pdf elementor-align-justify elementor-button\" role=\"button\" href=\"https:\/\/acosgraf.com\/wp-content\/uploads\/2019\/10\/SPYDER-en.pdf\"><i class=\"far fa-file-pdf\" aria-hidden=\"true\"><\/i> <span class=\"txt_btn_pdf\">DOWNLOAD PDF<\/span><\/a><\/div>\n","protected":false},"featured_media":2188,"template":"","meta":[],"product_brand":[],"product_cat":[185,171],"product_tag":[],"class_list":{"0":"post-2187","1":"product","2":"type-product","3":"status-publish","4":"has-post-thumbnail","6":"product_cat-computer-to-screen-cst","7":"product_cat-screen-printing","9":"first","10":"instock","11":"shipping-taxable","12":"purchasable","13":"product-type-simple"},"_links":{"self":[{"href":"https:\/\/acosgraf.com\/en\/wp-json\/wp\/v2\/product\/2187","targetHints":{"allow":["GET"]}}],"collection":[{"href":"https:\/\/acosgraf.com\/en\/wp-json\/wp\/v2\/product"}],"about":[{"href":"https:\/\/acosgraf.com\/en\/wp-json\/wp\/v2\/types\/product"}],"version-history":[{"count":1,"href":"https:\/\/acosgraf.com\/en\/wp-json\/wp\/v2\/product\/2187\/revisions"}],"predecessor-version":[{"id":3093,"href":"https:\/\/acosgraf.com\/en\/wp-json\/wp\/v2\/product\/2187\/revisions\/3093"}],"wp:featuredmedia":[{"embeddable":true,"href":"https:\/\/acosgraf.com\/en\/wp-json\/wp\/v2\/media\/2188"}],"wp:attachment":[{"href":"https:\/\/acosgraf.com\/en\/wp-json\/wp\/v2\/media?parent=2187"}],"wp:term":[{"taxonomy":"product_brand","embeddable":true,"href":"https:\/\/acosgraf.com\/en\/wp-json\/wp\/v2\/product_brand?post=2187"},{"taxonomy":"product_cat","embeddable":true,"href":"https:\/\/acosgraf.com\/en\/wp-json\/wp\/v2\/product_cat?post=2187"},{"taxonomy":"product_tag","embeddable":true,"href":"https:\/\/acosgraf.com\/en\/wp-json\/wp\/v2\/product_tag?post=2187"}],"curies":[{"name":"wp","href":"https:\/\/api.w.org\/{rel}","templated":true}]}}