
{"id":2424,"date":"2019-10-16T15:20:23","date_gmt":"2019-10-16T15:20:23","guid":{"rendered":"https:\/\/acosgraf.com\/produto\/uv-dryer-mini\/"},"modified":"2019-10-16T16:52:05","modified_gmt":"2019-10-16T16:52:05","slug":"uv-dryer-mini","status":"publish","type":"product","link":"https:\/\/acosgraf.com\/en\/produto\/uv-dryer-mini\/","title":{"rendered":"UV DRYER MINI"},"content":{"rendered":"<ul>\n<li>Tapete em malha de Teflon;<\/li>\n<li>Variador electr\u00f3nico da velocidade do tapete;<\/li>\n<li>Possibilidade de regular intensidade da l\u00e2mpada;<\/li>\n<li>M\u00e1xima potencia fornecida ao substrato 120 W\/cm<\/li>\n<li>L\u00e2mpada sem liberta\u00e7\u00e3o de Ozono para a atmosfera;<\/li>\n<li>Ventiladores de auto rendimento para arrefecimento da l\u00e2mpada;<\/li>\n<li>Altura regul\u00e1vel para entrada de pe\u00e7a entre 12 a 50 mm.<\/li>\n<\/ul>\n<table class=\"tbl-products\">\n<tbody>\n<tr>\n<th>UV DRYER MINI<\/th>\n<th style=\"text-align:center;\">Units<\/th>\n<th>UV DR MI 12<\/th>\n<th>UV DR MI 18<\/th>\n<\/tr>\n<tr>\n<td>Lenght from UV lamp<\/td>\n<td style=\"text-align:center;\">Cm<\/td>\n<td style=\"text-align:center;\">12<\/td>\n<td style=\"text-align:center;\">18<\/td>\n<\/tr>\n<tr>\n<td>Maximum width from UV drying<\/td>\n<td style=\"text-align:center;\">Cm<\/td>\n<td style=\"text-align:center;\">11<\/td>\n<td style=\"text-align:center;\">17<\/td>\n<\/tr>\n<tr>\n<td>Width of belt<\/td>\n<td style=\"text-align:center;\">Cm<\/td>\n<td style=\"text-align:center;\">12<\/td>\n<td style=\"text-align:center;\">18<\/td>\n<\/tr>\n<tr>\n<td>Maximum height of objects to dry<\/td>\n<td style=\"text-align:center;\">Cm<\/td>\n<td style=\"text-align:center;\">5<\/td>\n<td style=\"text-align:center;\">5<\/td>\n<\/tr>\n<tr>\n<td>Power install<\/td>\n<td style=\"text-align:center;\">kW<\/td>\n<td style=\"text-align:center;\">2,1<\/td>\n<td style=\"text-align:center;\">2,9<\/td>\n<\/tr>\n<tr>\n<td>External length<\/td>\n<td style=\"text-align:center;\">Cm<\/td>\n<td style=\"text-align:center;\">75<\/td>\n<td style=\"text-align:center;\">75<\/td>\n<\/tr>\n<tr>\n<td>External width<\/td>\n<td style=\"text-align:center;\">Cm<\/td>\n<td style=\"text-align:center;\">15,4<\/td>\n<td style=\"text-align:center;\">24<\/td>\n<\/tr>\n<tr>\n<td>External height<\/td>\n<td style=\"text-align:center;\">Cm<\/td>\n<td style=\"text-align:center;\">36<\/td>\n<td style=\"text-align:center;\">36<\/td>\n<\/tr>\n<tr>\n<td>Weight<\/td>\n<td style=\"text-align:center;\">Kg<\/td>\n<td style=\"text-align:center;\">25<\/td>\n<td style=\"text-align:center;\">35<\/td>\n<\/tr>\n<tr>\n<td>Voltage<\/td>\n<td style=\"text-align:center;\">V<\/td>\n<td style=\"text-align:center;\">230\/50<\/td>\n<td style=\"text-align:center;\">230\/50<\/td>\n<\/tr>\n<\/tbody>\n<\/table>\n","protected":false},"excerpt":{"rendered":"<p>A m\u00e1quina UVDRYER MINI \u00e9 um t\u00fanel de secagem para a secagem de tintas UV. O UVDRYER MINI est\u00e1 equipado com uma l\u00e2mpada UV de alto rendimento capaz de secar o mais dif\u00edcil trabalho impresso com tinta UV. O UVDRYER MINI t\u00eam um desenho compacto e n\u00e3o necessita liberta ozono o que pode estar instalado em espa\u00e7os reduzidos.<\/p>\n<div class=\"btn_product\"><a class=\"btn_short_pdf elementor-align-justify elementor-button\" role=\"button\" href=\"https:\/\/acosgraf.com\/wp-content\/uploads\/2019\/10\/UV-DRYER-MINI-en.pdf\"><i class=\"far fa-file-pdf\" aria-hidden=\"true\"><\/i> <span class=\"txt_btn_pdf\">DOWNLOAD PDF<\/span><\/a><\/div>\n","protected":false},"featured_media":2425,"template":"","meta":[],"product_cat":[171,204],"product_tag":[],"class_list":["post-2424","product","type-product","status-publish","has-post-thumbnail","hentry","product_cat-screen-printing","product_cat-uv-drying"],"_links":{"self":[{"href":"https:\/\/acosgraf.com\/en\/wp-json\/wp\/v2\/product\/2424","targetHints":{"allow":["GET"]}}],"collection":[{"href":"https:\/\/acosgraf.com\/en\/wp-json\/wp\/v2\/product"}],"about":[{"href":"https:\/\/acosgraf.com\/en\/wp-json\/wp\/v2\/types\/product"}],"version-history":[{"count":1,"href":"https:\/\/acosgraf.com\/en\/wp-json\/wp\/v2\/product\/2424\/revisions"}],"predecessor-version":[{"id":2971,"href":"https:\/\/acosgraf.com\/en\/wp-json\/wp\/v2\/product\/2424\/revisions\/2971"}],"wp:featuredmedia":[{"embeddable":true,"href":"https:\/\/acosgraf.com\/en\/wp-json\/wp\/v2\/media\/2425"}],"wp:attachment":[{"href":"https:\/\/acosgraf.com\/en\/wp-json\/wp\/v2\/media?parent=2424"}],"wp:term":[{"taxonomy":"product_cat","embeddable":true,"href":"https:\/\/acosgraf.com\/en\/wp-json\/wp\/v2\/product_cat?post=2424"},{"taxonomy":"product_tag","embeddable":true,"href":"https:\/\/acosgraf.com\/en\/wp-json\/wp\/v2\/product_tag?post=2424"}],"curies":[{"name":"wp","href":"https:\/\/api.w.org\/{rel}","templated":true}]}}