
{"id":2470,"date":"2019-10-16T15:40:05","date_gmt":"2019-10-16T15:40:05","guid":{"rendered":"https:\/\/acosgraf.com\/produto\/techstyler\/"},"modified":"2019-10-16T16:43:43","modified_gmt":"2019-10-16T16:43:43","slug":"techstyler","status":"publish","type":"product","link":"https:\/\/acosgraf.com\/en\/produto\/techstyler\/","title":{"rendered":"TECHSTYLER"},"content":{"rendered":"<ul>\n<li>Resolu\u00e7\u00e3o m\u00e1xima de 600&#215;600 dpi &#8211; 60 Linhas por polegadas reais;<\/li>\n<li>N\u00e3o necessita de qu\u00edmicos de revela\u00e7\u00e3o nem outros acess\u00f3rios para a realiza\u00e7\u00e3o do filme;<\/li>\n<li>Corte do filme autom\u00e1tico caso assim o deseje;<\/li>\n<li>Interface com a m\u00e1quina atrav\u00e9s de porta USB;<\/li>\n<li>Densidade de negro &#8211; UV 6;<\/li>\n<li>Utiliza um RIP HARLEQUIM;<\/li>\n<li>RIP dispon\u00edvel para utiliza\u00e7\u00e3o em PC ou MAC;<\/li>\n<li>Baixo custo de manuten\u00e7\u00e3o devido a n\u00e3o utiliza\u00e7\u00e3o de mais nenhum consum\u00edvel;<\/li>\n<li>RIP de m\u00e1quina com v\u00e1rias possibilidades tais como: mudar \u00e2ngulos de cores; forma do ponto; frequ\u00eancia da lineatura; v\u00e1rias paginas pre definidas para v\u00e1rios tipos de trabalho; pastas de spool manager com diferentes configura\u00e7\u00f5es &nbsp;<\/li>\n<\/ul>\n<table class=\"tbl-products\">\n<tbody>\n<tr>\n<th>OYO TECHSTYLER<\/th>\n<th style=\"text-align:center;\">Units<\/th>\n<th>TECHSTYLER<\/th>\n<\/tr>\n<tr>\n<td>Largura do rolo do filme<\/td>\n<td style=\"text-align:center;\">Cm<\/td>\n<td style=\"text-align:center;\">36,1<\/td>\n<\/tr>\n<tr>\n<td>Resolu\u00e7\u00e3o m\u00e1xima do fotolito<\/td>\n<td style=\"text-align:center;\">dpi<\/td>\n<td style=\"text-align:center;\">600&#215;600<\/td>\n<\/tr>\n<tr>\n<td>Largura m\u00e1xima do folotito<\/td>\n<td style=\"text-align:center;\">Cm<\/td>\n<td style=\"text-align:center;\">35,7<\/td>\n<\/tr>\n<tr>\n<td>Velocidade m\u00e1xima de impress\u00e3o \u00e0 resolu\u00e7\u00e3o m\u00e1xima<\/td>\n<td style=\"text-align:center;\">mm\/min<\/td>\n<td style=\"text-align:center;\">156<\/td>\n<\/tr>\n<tr>\n<td>External depth<\/td>\n<td style=\"text-align:center;\">cm<\/td>\n<td style=\"text-align:center;\">52<\/td>\n<\/tr>\n<tr>\n<td>External width<\/td>\n<td style=\"text-align:center;\">Cm<\/td>\n<td style=\"text-align:center;\">60<\/td>\n<\/tr>\n<tr>\n<td>External height<\/td>\n<td style=\"text-align:center;\">Cm<\/td>\n<td style=\"text-align:center;\">28<\/td>\n<\/tr>\n<tr>\n<td>Weight<\/td>\n<td style=\"text-align:center;\">Kg<\/td>\n<td style=\"text-align:center;\">33<\/td>\n<\/tr>\n<tr>\n<td>Voltage<\/td>\n<td style=\"text-align:center;\">V<\/td>\n<td style=\"text-align:center;\">230\/50<\/td>\n<\/tr>\n<\/tbody>\n<\/table>\n","protected":false},"excerpt":{"rendered":"<p>A TECHSTYLER \u00e9 uma m\u00e1quina de cria\u00e7\u00e3o de fotolitos profissional. A TECHSTYLER pode atingir uma resolu\u00e7\u00e3o m\u00e1xima 60 linhas por polegada e com uma densidade de UV 6.<\/p>\n<div class=\"btn_product\"><a class=\"btn_short_pdf elementor-align-justify elementor-button\" role=\"button\" href=\"https:\/\/acosgraf.com\/wp-content\/uploads\/2019\/10\/OYO-TECHSTYLER-en.pdf\"><i class=\"far fa-file-pdf\" aria-hidden=\"true\"><\/i> <span class=\"txt_btn_pdf\">DOWNLOAD PDF<\/span><\/a><\/div>\n","protected":false},"featured_media":2471,"template":"","meta":[],"product_cat":[178,171],"product_tag":[],"class_list":["post-2470","product","type-product","status-publish","has-post-thumbnail","hentry","product_cat-film-making","product_cat-screen-printing"],"_links":{"self":[{"href":"https:\/\/acosgraf.com\/en\/wp-json\/wp\/v2\/product\/2470","targetHints":{"allow":["GET"]}}],"collection":[{"href":"https:\/\/acosgraf.com\/en\/wp-json\/wp\/v2\/product"}],"about":[{"href":"https:\/\/acosgraf.com\/en\/wp-json\/wp\/v2\/types\/product"}],"version-history":[{"count":1,"href":"https:\/\/acosgraf.com\/en\/wp-json\/wp\/v2\/product\/2470\/revisions"}],"predecessor-version":[{"id":2961,"href":"https:\/\/acosgraf.com\/en\/wp-json\/wp\/v2\/product\/2470\/revisions\/2961"}],"wp:featuredmedia":[{"embeddable":true,"href":"https:\/\/acosgraf.com\/en\/wp-json\/wp\/v2\/media\/2471"}],"wp:attachment":[{"href":"https:\/\/acosgraf.com\/en\/wp-json\/wp\/v2\/media?parent=2470"}],"wp:term":[{"taxonomy":"product_cat","embeddable":true,"href":"https:\/\/acosgraf.com\/en\/wp-json\/wp\/v2\/product_cat?post=2470"},{"taxonomy":"product_tag","embeddable":true,"href":"https:\/\/acosgraf.com\/en\/wp-json\/wp\/v2\/product_tag?post=2470"}],"curies":[{"name":"wp","href":"https:\/\/api.w.org\/{rel}","templated":true}]}}