
{"id":2559,"date":"2019-10-16T15:48:53","date_gmt":"2019-10-16T15:48:53","guid":{"rendered":"https:\/\/acosgraf.com\/produto\/techsetter\/"},"modified":"2019-10-16T16:47:28","modified_gmt":"2019-10-16T16:47:28","slug":"techsetter","status":"publish","type":"product","link":"https:\/\/acosgraf.com\/en\/produto\/techsetter\/","title":{"rendered":"TECHSETTER"},"content":{"rendered":"<table class=\"tbl-products\">\n<tbody>\n<tr>\n<th>OYO TECHSETTER<\/th>\n<th style=\"text-align:center;\">Units<\/th>\n<th>TECHSETTER<\/th>\n<\/tr>\n<tr>\n<td>Dimens\u00e3o m\u00e1xima do fotolito<\/td>\n<td style=\"text-align:center;\">Cm<\/td>\n<td style=\"text-align:center;\">36&#215;66<\/td>\n<\/tr>\n<tr>\n<td>Largura do rolo do filme<\/td>\n<td style=\"text-align:center;\">Cm<\/td>\n<td style=\"text-align:center;\">36,1<\/td>\n<\/tr>\n<tr>\n<td>Resolu\u00e7\u00e3o m\u00e1xima do fotolito<\/td>\n<td style=\"text-align:center;\">dpi<\/td>\n<td style=\"text-align:center;\">1200&#215;1200<\/td>\n<\/tr>\n<tr>\n<td>Velocidade m\u00e1xima de impress\u00e3o \u00e0 resolu\u00e7\u00e3o m\u00e1xima<\/td>\n<td style=\"text-align:center;\">mm\/min<\/td>\n<td style=\"text-align:center;\">450<\/td>\n<\/tr>\n<tr>\n<td>External depth<\/td>\n<td style=\"text-align:center;\">cm<\/td>\n<td style=\"text-align:center;\">52<\/td>\n<\/tr>\n<tr>\n<td>External width<\/td>\n<td style=\"text-align:center;\">Cm<\/td>\n<td style=\"text-align:center;\">67<\/td>\n<\/tr>\n<tr>\n<td>External height<\/td>\n<td style=\"text-align:center;\">Cm<\/td>\n<td style=\"text-align:center;\">39<\/td>\n<\/tr>\n<tr>\n<td>Weight<\/td>\n<td style=\"text-align:center;\">Kg<\/td>\n<td style=\"text-align:center;\">55<\/td>\n<\/tr>\n<tr>\n<td>Voltage<\/td>\n<td style=\"text-align:center;\">V<\/td>\n<td style=\"text-align:center;\">230\/50<\/td>\n<\/tr>\n<\/tbody>\n<\/table>\n","protected":false},"excerpt":{"rendered":"<div class=\"btn_product\"><a class=\"btn_short_pdf elementor-align-justify elementor-button\" role=\"button\" href=\"https:\/\/acosgraf.com\/wp-content\/uploads\/2019\/10\/OYO-TECHSETTER-en.pdf\"><i class=\"far fa-file-pdf\" aria-hidden=\"true\"><\/i> <span class=\"txt_btn_pdf\">DOWNLOAD PDF<\/span><\/a><\/div>\n","protected":false},"featured_media":2560,"template":"","meta":[],"product_cat":[178,171],"product_tag":[],"class_list":["post-2559","product","type-product","status-publish","has-post-thumbnail","hentry","product_cat-film-making","product_cat-screen-printing"],"_links":{"self":[{"href":"https:\/\/acosgraf.com\/en\/wp-json\/wp\/v2\/product\/2559","targetHints":{"allow":["GET"]}}],"collection":[{"href":"https:\/\/acosgraf.com\/en\/wp-json\/wp\/v2\/product"}],"about":[{"href":"https:\/\/acosgraf.com\/en\/wp-json\/wp\/v2\/types\/product"}],"version-history":[{"count":1,"href":"https:\/\/acosgraf.com\/en\/wp-json\/wp\/v2\/product\/2559\/revisions"}],"predecessor-version":[{"id":2928,"href":"https:\/\/acosgraf.com\/en\/wp-json\/wp\/v2\/product\/2559\/revisions\/2928"}],"wp:featuredmedia":[{"embeddable":true,"href":"https:\/\/acosgraf.com\/en\/wp-json\/wp\/v2\/media\/2560"}],"wp:attachment":[{"href":"https:\/\/acosgraf.com\/en\/wp-json\/wp\/v2\/media?parent=2559"}],"wp:term":[{"taxonomy":"product_cat","embeddable":true,"href":"https:\/\/acosgraf.com\/en\/wp-json\/wp\/v2\/product_cat?post=2559"},{"taxonomy":"product_tag","embeddable":true,"href":"https:\/\/acosgraf.com\/en\/wp-json\/wp\/v2\/product_tag?post=2559"}],"curies":[{"name":"wp","href":"https:\/\/api.w.org\/{rel}","templated":true}]}}