
{"id":2648,"date":"2019-10-16T15:55:26","date_gmt":"2019-10-16T15:55:26","guid":{"rendered":"https:\/\/acosgraf.com\/produto\/ac-550\/"},"modified":"2019-10-16T16:40:57","modified_gmt":"2019-10-16T16:40:57","slug":"ac-550","status":"publish","type":"product","link":"https:\/\/acosgraf.com\/en\/produto\/ac-550\/","title":{"rendered":"AC &#8211; 550"},"content":{"rendered":"<ul>\n<li>Velocidades regul\u00e1veis e independentes na impress\u00e3o e outros;<\/li>\n<li>Movimentos electro pneum\u00e1ticos;<\/li>\n<li>F\u00e1cil manuseamento e ajustes;<\/li>\n<li>Micro registos no quadro de impress\u00e3o;<\/li>\n<li>Possibilidade de imprimir objectos redondos;<\/li>\n<li>Acess\u00f3rio de aperto da pe\u00e7a a imprimir pneum\u00e1tico c\/ insufla\u00e7\u00e3o de ar na pe\u00e7a como op\u00e7\u00e3o;<\/li>\n<li>Acess\u00f3rio c\/ cremalheira para aplicar roda dentada como op\u00e7\u00e3o;<\/li>\n<li>Modo de impress\u00e3o disponiv\u00e9is: ciclo a ciclo ou autom\u00e1tico<\/li>\n<li>Mesa de coloca\u00e7\u00e3o das pe\u00e7as com micro registos;<\/li>\n<li>Painel digital com LCD;<\/li>\n<li>Botoneira de emerg\u00eancia;<\/li>\n<li>Contador de numero de impress\u00f5es.<\/li>\n<\/ul>\n<table class=\"tbl-products\">\n<tbody>\n<tr>\n<th>AC &#8211; 550<\/th>\n<th style=\"text-align:center;\">Uni<\/th>\n<th>AC-550<\/th>\n<\/tr>\n<tr>\n<td>Formato m\u00e1ximo de impress\u00e3o<\/td>\n<td style=\"text-align:center;\">Cm<\/td>\n<td style=\"text-align:center;\">50 x 35<\/td>\n<\/tr>\n<tr>\n<td>Diametro m\u00e1ximo de impress\u00e3o<\/td>\n<td style=\"text-align:center;\">mm<\/td>\n<td style=\"text-align:center;\">150<\/td>\n<\/tr>\n<tr>\n<td>Altura m\u00e1xima dos objectos a imprimir<\/td>\n<td style=\"text-align:center;\">mm<\/td>\n<td style=\"text-align:center;\">260<\/td>\n<\/tr>\n<tr>\n<td>Formato m\u00e1ximo do quadro<\/td>\n<td style=\"text-align:center;\">Cm<\/td>\n<td style=\"text-align:center;\">75 x 43<\/td>\n<\/tr>\n<tr>\n<td>Profundidade exterior<\/td>\n<td style=\"text-align:center;\">Cm<\/td>\n<td style=\"text-align:center;\">85<\/td>\n<\/tr>\n<tr>\n<td>Largura exterior<\/td>\n<td style=\"text-align:center;\">Cm<\/td>\n<td style=\"text-align:center;\">91<\/td>\n<\/tr>\n<tr>\n<td>Altura exterior<\/td>\n<td style=\"text-align:center;\">Cm<\/td>\n<td style=\"text-align:center;\">180<\/td>\n<\/tr>\n<tr>\n<td>Peso<\/td>\n<td style=\"text-align:center;\">Kg<\/td>\n<td style=\"text-align:center;\">350<\/td>\n<\/tr>\n<tr>\n<td>Voltagem<\/td>\n<td style=\"text-align:center;\">V<\/td>\n<td style=\"text-align:center;\">230\/50<\/td>\n<\/tr>\n<\/tbody>\n<\/table>\n","protected":false},"excerpt":{"rendered":"<p>A AC &#8211; 550 \u00e9 uma m\u00e1quina semi autom\u00e1tica de impress\u00e3o que pode ser equipada para a impress\u00e3o em plano ou impress\u00e3o em redondos. A AC &#8211; 550 pode tambem ser equipada com tabuleiro de v\u00e1cuo com aspira\u00e7\u00e3o.<\/p>\n<div class=\"btn_product\"><a class=\"btn_short_pdf elementor-align-justify elementor-button\" role=\"button\" href=\"https:\/\/acosgraf.com\/wp-content\/uploads\/2019\/10\/AC-550-en.pdf\"><i class=\"far fa-file-pdf\" aria-hidden=\"true\"><\/i> <span class=\"txt_btn_pdf\">DOWNLOAD PDF<\/span><\/a><\/div>\n","protected":false},"featured_media":2649,"template":"","meta":[],"product_cat":[193,171],"product_tag":[],"class_list":["post-2648","product","type-product","status-publish","has-post-thumbnail","hentry","product_cat-1-2-automatic-printing-on-flat-and-round-surfaces","product_cat-screen-printing"],"_links":{"self":[{"href":"https:\/\/acosgraf.com\/en\/wp-json\/wp\/v2\/product\/2648","targetHints":{"allow":["GET"]}}],"collection":[{"href":"https:\/\/acosgraf.com\/en\/wp-json\/wp\/v2\/product"}],"about":[{"href":"https:\/\/acosgraf.com\/en\/wp-json\/wp\/v2\/types\/product"}],"version-history":[{"count":1,"href":"https:\/\/acosgraf.com\/en\/wp-json\/wp\/v2\/product\/2648\/revisions"}],"predecessor-version":[{"id":2670,"href":"https:\/\/acosgraf.com\/en\/wp-json\/wp\/v2\/product\/2648\/revisions\/2670"}],"wp:featuredmedia":[{"embeddable":true,"href":"https:\/\/acosgraf.com\/en\/wp-json\/wp\/v2\/media\/2649"}],"wp:attachment":[{"href":"https:\/\/acosgraf.com\/en\/wp-json\/wp\/v2\/media?parent=2648"}],"wp:term":[{"taxonomy":"product_cat","embeddable":true,"href":"https:\/\/acosgraf.com\/en\/wp-json\/wp\/v2\/product_cat?post=2648"},{"taxonomy":"product_tag","embeddable":true,"href":"https:\/\/acosgraf.com\/en\/wp-json\/wp\/v2\/product_tag?post=2648"}],"curies":[{"name":"wp","href":"https:\/\/api.w.org\/{rel}","templated":true}]}}