
{"id":2799,"date":"2019-10-10T16:25:47","date_gmt":"2019-10-16T16:09:01","guid":{"rendered":"https:\/\/acosgraf.com\/produto\/star-tak\/"},"modified":"2022-04-06T07:56:52","modified_gmt":"2022-04-06T07:56:52","slug":"star-printstar-tak","status":"publish","type":"product","link":"https:\/\/acosgraf.com\/en\/produto\/star-printstar-tak\/","title":{"rendered":"STAR PRINT + STAR TAK"},"content":{"rendered":"\t\t<div data-elementor-type=\"product-post\" data-elementor-id=\"2799\" class=\"elementor elementor-2799\" data-elementor-post-type=\"product\">\n\t\t\t\t\t\t<section class=\"elementor-section elementor-top-section elementor-element elementor-element-65c4be16 elementor-section-boxed elementor-section-height-default elementor-section-height-default\" data-id=\"65c4be16\" data-element_type=\"section\" data-e-type=\"section\">\n\t\t\t\t\t\t<div class=\"elementor-container elementor-column-gap-default\">\n\t\t\t\t\t<div class=\"elementor-column elementor-col-100 elementor-top-column elementor-element elementor-element-24460f96\" data-id=\"24460f96\" data-element_type=\"column\" data-e-type=\"column\">\n\t\t\t<div class=\"elementor-widget-wrap elementor-element-populated\">\n\t\t\t\t\t\t<div class=\"elementor-element elementor-element-49a6f4d3 elementor-widget elementor-widget-text-editor\" data-id=\"49a6f4d3\" data-element_type=\"widget\" data-e-type=\"widget\" data-widget_type=\"text-editor.default\">\n\t\t\t\t<div class=\"elementor-widget-container\">\n\t\t\t\t\t\t\t\t\t<ul><li>Movimento de avan\u00e7o e recuo feito atrav\u00e9s de guias deslizantes;<\/li><li>Guias lineares para deslizamento do carro;<\/li><li>Ajuste regul\u00e1vel do posicionamento para segurar e largar a folha;<\/li><li>Sistema de ventosas ou pin\u00e7as para segurar e largar a folha;<\/li><li>Movimento de subida e descida das ventosas ou pin\u00e7as atrav\u00e9s de controlo pneum\u00e1tico;<\/li><li>Possibilidade de trabalho em autom\u00e1tico (pega na folha ap\u00f3s impress\u00e3o e larga automaticamente no retirador);<\/li><li>Todos os movimentos podem ser simulados\u00a0manualmente para ajuste perfeito de pega e largar folha;<\/li><li>V\u00e1cuo na ventosa para suc\u00e7\u00e3o da folha;<\/li><li>Aut\u00f3mato para comando de movimentos;<\/li><li>Tapete em malha revestida a teflon;<\/li><li>Controlo eletr\u00f3nico da velocidade do tapete;<\/li><li>Botoneira de emerg\u00eancia;<\/li><li>Fotoc\u00e9lula de emerg\u00eancia.<\/li><\/ul><table class=\"tbl-products\"><tbody><tr><th>STAR TAK<\/th><th style=\"text-align: center;\">Uni<\/th><th>ST 0507<\/th><th>ST 0710<\/th><th>ST 0812<\/th><th>ST 1014<\/th><th>ST 1214<\/th><\/tr><tr><td>Formato m\u00e1xima da folha a retirar<\/td><td style=\"text-align: center;\">Cm<\/td><td style=\"text-align: center;\">60&#215;80<\/td><td style=\"text-align: center;\">80&#215;110<\/td><td style=\"text-align: center;\">90&#215;130<\/td><td style=\"text-align: center;\">110&#215;140<\/td><td style=\"text-align: center;\">130&#215;150<\/td><\/tr><tr><td>Numero m\u00e1ximo de tiragens hora<\/td><td style=\"text-align: center;\">\u00a0<\/td><td style=\"text-align: center;\">750<\/td><td style=\"text-align: center;\">730<\/td><td style=\"text-align: center;\">700<\/td><td style=\"text-align: center;\">680<\/td><td style=\"text-align: center;\">650<\/td><\/tr><tr><td>Comprimento exterior<\/td><td style=\"text-align: center;\">Cm<\/td><td style=\"text-align: center;\">190<\/td><td style=\"text-align: center;\">210<\/td><td style=\"text-align: center;\">220<\/td><td style=\"text-align: center;\">250<\/td><td style=\"text-align: center;\">250<\/td><\/tr><tr><td>Largura exterior<\/td><td style=\"text-align: center;\">Cm<\/td><td style=\"text-align: center;\">105<\/td><td style=\"text-align: center;\">120<\/td><td style=\"text-align: center;\">130<\/td><td style=\"text-align: center;\">150<\/td><td style=\"text-align: center;\">170<\/td><\/tr><tr><td>Altura exterior<\/td><td style=\"text-align: center;\">Cm<\/td><td style=\"text-align: center;\">125<\/td><td style=\"text-align: center;\">125<\/td><td style=\"text-align: center;\">125<\/td><td style=\"text-align: center;\">125<\/td><td style=\"text-align: center;\">125<\/td><\/tr><tr><td>Pot\u00eancia<\/td><td style=\"text-align: center;\">Kw<\/td><td style=\"text-align: center;\">1<\/td><td style=\"text-align: center;\">1<\/td><td style=\"text-align: center;\">1,5<\/td><td style=\"text-align: center;\">1,5<\/td><td style=\"text-align: center;\">3,5<\/td><\/tr><tr><td>Peso liquido<\/td><td style=\"text-align: center;\">Kg<\/td><td style=\"text-align: center;\">230<\/td><td style=\"text-align: center;\">230<\/td><td style=\"text-align: center;\">260<\/td><td style=\"text-align: center;\">330<\/td><td style=\"text-align: center;\">350<\/td><\/tr><tr><td>Voltagem<\/td><td style=\"text-align: center;\">V<\/td><td style=\"text-align: center;\">230 ou 400<\/td><td style=\"text-align: center;\">230 ou 400<\/td><td style=\"text-align: center;\">230 ou 400<\/td><td style=\"text-align: center;\">230 ou 400<\/td><td style=\"text-align: center;\">230 ou 400<\/td><\/tr><tr><td>Dimens\u00f5es de envio (larg*prof*alt.)<\/td><td style=\"text-align: center;\">Cm<\/td><td style=\"text-align: center;\">210*115*135<\/td><td style=\"text-align: center;\">\u00a0<\/td><td style=\"text-align: center;\">\u00a0<\/td><td style=\"text-align: center;\">\u00a0<\/td><td style=\"text-align: center;\">\u00a0<\/td><\/tr><\/tbody><\/table>\t\t\t\t\t\t\t\t<\/div>\n\t\t\t\t<\/div>\n\t\t\t\t\t<\/div>\n\t\t<\/div>\n\t\t\t\t\t<\/div>\n\t\t<\/section>\n\t\t\t\t<\/div>\n\t\t","protected":false},"excerpt":{"rendered":"<p>The Star Print + Star Tak is a 3\/4 print machine design to print on flat surfaces. The Star Print + Star Tak come as standard the automatic sheet removal directly into the drying tunnel.<\/p>\n","protected":false},"featured_media":10572,"template":"","meta":[],"product_cat":[187,171],"product_tag":[],"class_list":["post-2799","product","type-product","status-publish","has-post-thumbnail","hentry","product_cat-3-4-automatic-printing","product_cat-screen-printing"],"_links":{"self":[{"href":"https:\/\/acosgraf.com\/en\/wp-json\/wp\/v2\/product\/2799","targetHints":{"allow":["GET"]}}],"collection":[{"href":"https:\/\/acosgraf.com\/en\/wp-json\/wp\/v2\/product"}],"about":[{"href":"https:\/\/acosgraf.com\/en\/wp-json\/wp\/v2\/types\/product"}],"version-history":[{"count":3,"href":"https:\/\/acosgraf.com\/en\/wp-json\/wp\/v2\/product\/2799\/revisions"}],"predecessor-version":[{"id":10581,"href":"https:\/\/acosgraf.com\/en\/wp-json\/wp\/v2\/product\/2799\/revisions\/10581"}],"wp:featuredmedia":[{"embeddable":true,"href":"https:\/\/acosgraf.com\/en\/wp-json\/wp\/v2\/media\/10572"}],"wp:attachment":[{"href":"https:\/\/acosgraf.com\/en\/wp-json\/wp\/v2\/media?parent=2799"}],"wp:term":[{"taxonomy":"product_cat","embeddable":true,"href":"https:\/\/acosgraf.com\/en\/wp-json\/wp\/v2\/product_cat?post=2799"},{"taxonomy":"product_tag","embeddable":true,"href":"https:\/\/acosgraf.com\/en\/wp-json\/wp\/v2\/product_tag?post=2799"}],"curies":[{"name":"wp","href":"https:\/\/api.w.org\/{rel}","templated":true}]}}