
{"id":3759,"date":"2019-10-15T09:43:45","date_gmt":"2019-10-15T09:43:45","guid":{"rendered":"https:\/\/acosgraf.com\/produto\/galaxy-df-30\/"},"modified":"2019-10-17T13:13:57","modified_gmt":"2019-10-17T13:13:57","slug":"galaxy-df-30","status":"publish","type":"product","link":"https:\/\/acosgraf.com\/en\/produto\/galaxy-df-30\/","title":{"rendered":"GALAXY DF &#8211; 30"},"content":{"rendered":"<ul>\n<li>Controlador de temperatura digital;<\/li>\n<li>Temporizador para controlo de tempos de transfer\u00eancia;<\/li>\n<li>Sinal ac\u00fastico no final do tempo da transfer\u00eancia;<\/li>\n<li>Controlo de press\u00e3o central;<\/li>\n<li>Prato de transferes 16&#215;8 cm;<\/li>\n<li>Prato de transfer revestido com uma folha teflon remov\u00edvel;<\/li>\n<li>Base inferior com borracha de silicone 10 mm;<\/li>\n<li>Potencia instalada 0,6 Kw.<\/li>\n<\/ul>\n<table class=\"tbl-products\">\n<tbody>\n<tr>\n<th>GALAXY DF &#8211; 30<\/th>\n<th style=\"text-align:center;\">Uni<\/th>\n<th>DF &#8211; 30<\/th>\n<\/tr>\n<tr>\n<td>Dimens\u00f5es do prato de transfer<\/td>\n<td style=\"text-align:center;\">cm<\/td>\n<td style=\"text-align:center;\">16 x 8<\/td>\n<\/tr>\n<tr>\n<td>Pot\u00eancia instalada<\/td>\n<td style=\"text-align:center;\">kW<\/td>\n<td style=\"text-align:center;\">0,6<\/td>\n<\/tr>\n<tr>\n<td>Press\u00e3o m\u00e1xima oferecida<\/td>\n<td style=\"text-align:center;\">Kg<\/td>\n<td style=\"text-align:center;\">500<\/td>\n<\/tr>\n<tr>\n<td>Temp. m\u00e1xima de funcionamento<\/td>\n<td style=\"text-align:center;\">C<\/td>\n<td style=\"text-align:center;\">220<\/td>\n<\/tr>\n<tr>\n<td>Peso liquido<\/td>\n<td style=\"text-align:center;\">Kg<\/td>\n<td style=\"text-align:center;\">18<\/td>\n<\/tr>\n<tr>\n<td>Voltagem<\/td>\n<td style=\"text-align:center;\">V<\/td>\n<td style=\"text-align:center;\">230 \/ 50<\/td>\n<\/tr>\n<\/tbody>\n<\/table>\n","protected":false},"excerpt":{"rendered":"<p>A GALAXY DF &#8211; 30 \u00e9 uma prensa de transfer manual para fazer transfer\u00eancia de transferes em bon\u00e9s. Est\u00e1 equipada com controlador temperatura e temporizador digital. T\u00eam um desenho robusto para ser capaz de suportar for\u00e7as de transfer altas.<\/p>\n<div class=\"btn_product\"><a class=\"btn_short_pdf elementor-align-justify elementor-button\" role=\"button\" href=\"https:\/\/acosgraf.com\/wp-content\/uploads\/2019\/10\/GALAXY-DF-30.pdf\"><i class=\"far fa-file-pdf\" aria-hidden=\"true\"><\/i> <span class=\"txt_btn_pdf\">DOWNLOAD PDF<\/span><\/a><\/div>\n","protected":false},"featured_media":3761,"template":"","meta":[],"product_cat":[245,253],"product_tag":[],"class_list":["post-3759","product","type-product","status-publish","has-post-thumbnail","hentry","product_cat-heat-transfer","product_cat-manual-en-2"],"_links":{"self":[{"href":"https:\/\/acosgraf.com\/en\/wp-json\/wp\/v2\/product\/3759","targetHints":{"allow":["GET"]}}],"collection":[{"href":"https:\/\/acosgraf.com\/en\/wp-json\/wp\/v2\/product"}],"about":[{"href":"https:\/\/acosgraf.com\/en\/wp-json\/wp\/v2\/types\/product"}],"version-history":[{"count":1,"href":"https:\/\/acosgraf.com\/en\/wp-json\/wp\/v2\/product\/3759\/revisions"}],"predecessor-version":[{"id":3765,"href":"https:\/\/acosgraf.com\/en\/wp-json\/wp\/v2\/product\/3759\/revisions\/3765"}],"wp:featuredmedia":[{"embeddable":true,"href":"https:\/\/acosgraf.com\/en\/wp-json\/wp\/v2\/media\/3761"}],"wp:attachment":[{"href":"https:\/\/acosgraf.com\/en\/wp-json\/wp\/v2\/media?parent=3759"}],"wp:term":[{"taxonomy":"product_cat","embeddable":true,"href":"https:\/\/acosgraf.com\/en\/wp-json\/wp\/v2\/product_cat?post=3759"},{"taxonomy":"product_tag","embeddable":true,"href":"https:\/\/acosgraf.com\/en\/wp-json\/wp\/v2\/product_tag?post=3759"}],"curies":[{"name":"wp","href":"https:\/\/api.w.org\/{rel}","templated":true}]}}