
{"id":3789,"date":"2019-10-15T09:43:45","date_gmt":"2019-10-15T09:43:45","guid":{"rendered":"https:\/\/acosgraf.com\/produto\/galaxy-df-380\/"},"modified":"2019-10-17T13:28:17","modified_gmt":"2019-10-17T13:28:17","slug":"galaxy-df-380","status":"publish","type":"product","link":"https:\/\/acosgraf.com\/en\/produto\/galaxy-df-380\/","title":{"rendered":"GALAXY DF &#8211; 380"},"content":{"rendered":"<ul>\n<li>Separate Digital temperature and time control;<\/li>\n<li>Digital timer to buzzer alarm;<\/li>\n<li>Illuminated on\/off switch;<\/li>\n<li>Heat transfer plate &#8211; 38cmx38cm (15&#8243;x15&#8243;) table;<\/li>\n<li>Wide opening area &#8211; clam action;<\/li>\n<li>Self adhesive silicone base pad;<\/li>\n<li>Fingertip pressure control;<\/li>\n<li>Manufactured and tested to comply with EC safety regulations;<\/li>\n<li>CE labelled;<\/li>\n<li>Manual supplied illustrates electrical wiring diagrams, exploded diagram and parts list;<\/li>\n<li>Full safety instructions;<\/li>\n<li>Thermal cut out on the heating element shuts off power to the elements if the temperature exceeds 260 +\/- 15\u00baC (500 +\/- 27\u00baF)&nbsp;<\/li>\n<\/ul>\n<table class=\"tbl-products\">\n<tbody>\n<tr>\n<th>GALAXY DF &#8211; 380<\/th>\n<th style=\"text-align:center;\">Units<\/th>\n<th>DF &#8211; 380<\/th>\n<\/tr>\n<tr>\n<td>Heat Platen size<\/td>\n<td style=\"text-align:center;\">Cm<\/td>\n<td style=\"text-align:center;\">38 x 38<\/td>\n<\/tr>\n<tr>\n<td>Maximum pressure apply to transfer<\/td>\n<td style=\"text-align:center;\">Kg<\/td>\n<td style=\"text-align:center;\">450<\/td>\n<\/tr>\n<tr>\n<td>Maximum working temperature<\/td>\n<td style=\"text-align:center;\">C<\/td>\n<td style=\"text-align:center;\">260<\/td>\n<\/tr>\n<tr>\n<td>Power install<\/td>\n<td style=\"text-align:center;\">Kw<\/td>\n<td style=\"text-align:center;\">2,2<\/td>\n<\/tr>\n<tr>\n<td>Weight<\/td>\n<td style=\"text-align:center;\">Kg<\/td>\n<td style=\"text-align:center;\">35<\/td>\n<\/tr>\n<tr>\n<td>Voltage<\/td>\n<td style=\"text-align:center;\">V<\/td>\n<td style=\"text-align:center;\">230 \/ 50<\/td>\n<\/tr>\n<\/tbody>\n<\/table>\n","protected":false},"excerpt":{"rendered":"<p>A GALAXY DF &#8211; 380 \u00e9 uma prensa de transfer manual com abertura angular. A GALAXY DF &#8211; 380 \u00e9 equipado com um prato de transfer com dimens\u00f5es de 38&#215;38 cm.<\/p>\n<div class=\"btn_product\"><a class=\"btn_short_pdf elementor-align-justify elementor-button\" role=\"button\" href=\"https:\/\/acosgraf.com\/wp-content\/uploads\/2019\/10\/GALAXY-DF-380-en.pdf\"><i class=\"far fa-file-pdf\" aria-hidden=\"true\"><\/i> <span class=\"txt_btn_pdf\">DOWNLOAD PDF<\/span><\/a><\/div>\n","protected":false},"featured_media":3790,"template":"","meta":[],"product_cat":[245,253],"product_tag":[],"class_list":["post-3789","product","type-product","status-publish","has-post-thumbnail","hentry","product_cat-heat-transfer","product_cat-manual-en-2"],"_links":{"self":[{"href":"https:\/\/acosgraf.com\/en\/wp-json\/wp\/v2\/product\/3789","targetHints":{"allow":["GET"]}}],"collection":[{"href":"https:\/\/acosgraf.com\/en\/wp-json\/wp\/v2\/product"}],"about":[{"href":"https:\/\/acosgraf.com\/en\/wp-json\/wp\/v2\/types\/product"}],"version-history":[{"count":2,"href":"https:\/\/acosgraf.com\/en\/wp-json\/wp\/v2\/product\/3789\/revisions"}],"predecessor-version":[{"id":3795,"href":"https:\/\/acosgraf.com\/en\/wp-json\/wp\/v2\/product\/3789\/revisions\/3795"}],"wp:featuredmedia":[{"embeddable":true,"href":"https:\/\/acosgraf.com\/en\/wp-json\/wp\/v2\/media\/3790"}],"wp:attachment":[{"href":"https:\/\/acosgraf.com\/en\/wp-json\/wp\/v2\/media?parent=3789"}],"wp:term":[{"taxonomy":"product_cat","embeddable":true,"href":"https:\/\/acosgraf.com\/en\/wp-json\/wp\/v2\/product_cat?post=3789"},{"taxonomy":"product_tag","embeddable":true,"href":"https:\/\/acosgraf.com\/en\/wp-json\/wp\/v2\/product_tag?post=3789"}],"curies":[{"name":"wp","href":"https:\/\/api.w.org\/{rel}","templated":true}]}}