
{"id":3904,"date":"2019-10-15T10:06:59","date_gmt":"2019-10-15T10:06:59","guid":{"rendered":"https:\/\/acosgraf.com\/produto\/vib-table\/"},"modified":"2019-10-17T14:16:38","modified_gmt":"2019-10-17T14:16:38","slug":"vib-table","status":"publish","type":"product","link":"https:\/\/acosgraf.com\/en\/produto\/vib-table\/","title":{"rendered":"VIB TABLE"},"content":{"rendered":"<ul>\n<li>Bot\u00e3o de emerg\u00eancia;<\/li>\n<li>Motor vibrat\u00f3rio de alto rendimento;<\/li>\n<li>Ajuste de inclina\u00e7\u00e3o de vibra\u00e7\u00e3o ate 45 Graus;<\/li>\n<li>P\u00e9s com ajuste de altura para o melhor nivelamento;<\/li>\n<li>Esferas em inox sobre o tabuleiro de vibra\u00e7\u00e3o para um melhor resultado final,<\/li>\n<li>Tabuleiro com v\u00e1lvulas de ar;<\/li>\n<li>Altura vari\u00e1vel do tabuleiro at\u00e9 920 mm;<\/li>\n<li>Amplitude de varia\u00e7\u00e3o vari\u00e1vel;<\/li>\n<li>Dispon\u00edvel em 3 tamanhos de tabuleiros 60&#215;80 cm ; 70&#215;100 cm; 90&#215;120 cm.<\/li>\n<\/ul>\n<table class=\"tbl-products\">\n<tbody>\n<tr>\n<th>VIB TABLE<\/th>\n<th style=\"text-align:center;\">Unidades<\/th>\n<th>MV 0608<\/th>\n<th>MV 0710<\/th>\n<th>MV 0812<\/th>\n<\/tr>\n<tr>\n<td>Maximum sheet size to stack<\/td>\n<td style=\"text-align:center;\">Cm<\/td>\n<td style=\"text-align:center;\">60&#215;80<\/td>\n<td style=\"text-align:center;\">70&#215;100<\/td>\n<td style=\"text-align:center;\">80&#215;120<\/td>\n<\/tr>\n<tr>\n<td>Profondeur<\/td>\n<td style=\"text-align:center;\">Cm<\/td>\n<td style=\"text-align:center;\">95<\/td>\n<td style=\"text-align:center;\">115<\/td>\n<td style=\"text-align:center;\">135<\/td>\n<\/tr>\n<tr>\n<td>Larguer<\/td>\n<td style=\"text-align:center;\">Cm<\/td>\n<td style=\"text-align:center;\">65<\/td>\n<td style=\"text-align:center;\">85<\/td>\n<td style=\"text-align:center;\">105<\/td>\n<\/tr>\n<tr>\n<td>Hauteur<\/td>\n<td style=\"text-align:center;\">Cm<\/td>\n<td style=\"text-align:center;\">105<\/td>\n<td style=\"text-align:center;\">105<\/td>\n<td style=\"text-align:center;\">105<\/td>\n<\/tr>\n<tr>\n<td>Poids<\/td>\n<td style=\"text-align:center;\">Kg<\/td>\n<td style=\"text-align:center;\">210<\/td>\n<td style=\"text-align:center;\">250<\/td>\n<td style=\"text-align:center;\">105<\/td>\n<\/tr>\n<tr>\n<td>Tension<\/td>\n<td style=\"text-align:center;\">V<\/td>\n<td style=\"text-align:center;\">400\/50<\/td>\n<td style=\"text-align:center;\">400\/50<\/td>\n<td style=\"text-align:center;\">400\/50<\/td>\n<\/tr>\n<\/tbody>\n<\/table>\n","protected":false},"excerpt":{"rendered":"<p>A VIB TABLE \u00e9 uma mesa vibrat\u00f3ria de copar papel. A VIB TABLE est\u00e1 equipada com angulo vibrat\u00f3rio ajustavel e esferas em a\u00e7o inox no tabuleiro de vibra\u00e7\u00e3o.<\/p>\n<div class=\"btn_product\"><a class=\"btn_short_pdf elementor-align-justify elementor-button\" role=\"button\" href=\"https:\/\/acosgraf.com\/wp-content\/uploads\/2019\/10\/VIB-TABLE-en.pdf\"><i class=\"far fa-file-pdf\" aria-hidden=\"true\"><\/i> <span class=\"txt_btn_pdf\">DOWNLOAD PDF<\/span><\/a><\/div>\n","protected":false},"featured_media":3906,"template":"","meta":[],"product_cat":[153,162],"product_tag":[],"class_list":["post-3904","product","type-product","status-publish","has-post-thumbnail","hentry","product_cat-offset-and-flexo-printing","product_cat-vibracao-de-papel-en"],"_links":{"self":[{"href":"https:\/\/acosgraf.com\/en\/wp-json\/wp\/v2\/product\/3904","targetHints":{"allow":["GET"]}}],"collection":[{"href":"https:\/\/acosgraf.com\/en\/wp-json\/wp\/v2\/product"}],"about":[{"href":"https:\/\/acosgraf.com\/en\/wp-json\/wp\/v2\/types\/product"}],"version-history":[{"count":2,"href":"https:\/\/acosgraf.com\/en\/wp-json\/wp\/v2\/product\/3904\/revisions"}],"predecessor-version":[{"id":3912,"href":"https:\/\/acosgraf.com\/en\/wp-json\/wp\/v2\/product\/3904\/revisions\/3912"}],"wp:featuredmedia":[{"embeddable":true,"href":"https:\/\/acosgraf.com\/en\/wp-json\/wp\/v2\/media\/3906"}],"wp:attachment":[{"href":"https:\/\/acosgraf.com\/en\/wp-json\/wp\/v2\/media?parent=3904"}],"wp:term":[{"taxonomy":"product_cat","embeddable":true,"href":"https:\/\/acosgraf.com\/en\/wp-json\/wp\/v2\/product_cat?post=3904"},{"taxonomy":"product_tag","embeddable":true,"href":"https:\/\/acosgraf.com\/en\/wp-json\/wp\/v2\/product_tag?post=3904"}],"curies":[{"name":"wp","href":"https:\/\/api.w.org\/{rel}","templated":true}]}}