
{"id":4047,"date":"2019-10-15T13:58:46","date_gmt":"2019-10-15T13:58:46","guid":{"rendered":"https:\/\/acosgraf.com\/produto\/tampo-ac-1-man-f90\/"},"modified":"2019-10-17T17:04:31","modified_gmt":"2019-10-17T17:04:31","slug":"tampo-ac-1-man-f90","status":"publish","type":"product","link":"https:\/\/acosgraf.com\/en\/produto\/tampo-ac-1-man-f90\/","title":{"rendered":"TAMPO AC &#8211; 1 MAN F90"},"content":{"rendered":"<ul>\n<li>Guias de movimento longitudinal<\/li>\n<li>Manivela para impress\u00e3o;<\/li>\n<li>Sistema de retiro r\u00e1pido do tinteiro;<\/li>\n<li>Ajuste de tamp\u00e3o longitudinal e transversal;&nbsp;<\/li>\n<li>Garras de aperto de clich\u00e9;<\/li>\n<li>Sistema de impress\u00e3o por tamp\u00e3o e clich\u00e9;<\/li>\n<li>Possibilidade de ajuste de press\u00e3o entre contacto tinteiro\/ clich\u00e9;<\/li>\n<li>Ajuste longitudinal e transversal da mesa de impress\u00e3o.<\/li>\n<\/ul>\n<table class=\"tbl-products\">\n<tbody>\n<tr>\n<th>TAMPO AC &#8211; 1 MAN F90<\/th>\n<th style=\"text-align:center;\">Units<\/th>\n<th>AC &#8211; 1 MAN F 90<\/th>\n<\/tr>\n<tr>\n<td>Tipo de tinteiro<\/td>\n<td style=\"text-align:center;\"><\/td>\n<td style=\"text-align:center;\">Fechado<\/td>\n<\/tr>\n<tr>\n<td>Maximum printing size<\/td>\n<td style=\"text-align:center;\">mm<\/td>\n<td style=\"text-align:center;\">80&#215;85<\/td>\n<\/tr>\n<tr>\n<td>Colors quantity<\/td>\n<td style=\"text-align:center;\"><\/td>\n<td style=\"text-align:center;\">1<\/td>\n<\/tr>\n<tr>\n<td>Tamanho do tinteiro<\/td>\n<td style=\"text-align:center;\">mm<\/td>\n<td style=\"text-align:center;\">90<\/td>\n<\/tr>\n<tr>\n<td>Tamanho m\u00e1ximo de cliche<\/td>\n<td style=\"text-align:center;\">(mm)<\/td>\n<td style=\"text-align:center;\">100&#215;250<\/td>\n<\/tr>\n<tr>\n<td>Weight<\/td>\n<td style=\"text-align:center;\">Kg<\/td>\n<td style=\"text-align:center;\">43<\/td>\n<\/tr>\n<\/tbody>\n<\/table>\n","protected":false},"excerpt":{"rendered":"<div class=\"btn_product\"><a class=\"btn_short_pdf elementor-align-justify elementor-button\" role=\"button\" href=\"https:\/\/acosgraf.com\/wp-content\/uploads\/2019\/10\/TAMPO-AC-1-MAN-F90-en.pdf\"><i class=\"far fa-file-pdf\" aria-hidden=\"true\"><\/i> <span class=\"txt_btn_pdf\">DOWNLOAD PDF<\/span><\/a><\/div>\n","protected":false},"featured_media":4048,"template":"","meta":[],"product_cat":[241,226],"product_tag":[],"class_list":["post-4047","product","type-product","status-publish","has-post-thumbnail","hentry","product_cat-manual-en","product_cat-pad-printing"],"_links":{"self":[{"href":"https:\/\/acosgraf.com\/en\/wp-json\/wp\/v2\/product\/4047","targetHints":{"allow":["GET"]}}],"collection":[{"href":"https:\/\/acosgraf.com\/en\/wp-json\/wp\/v2\/product"}],"about":[{"href":"https:\/\/acosgraf.com\/en\/wp-json\/wp\/v2\/types\/product"}],"version-history":[{"count":2,"href":"https:\/\/acosgraf.com\/en\/wp-json\/wp\/v2\/product\/4047\/revisions"}],"predecessor-version":[{"id":4053,"href":"https:\/\/acosgraf.com\/en\/wp-json\/wp\/v2\/product\/4047\/revisions\/4053"}],"wp:featuredmedia":[{"embeddable":true,"href":"https:\/\/acosgraf.com\/en\/wp-json\/wp\/v2\/media\/4048"}],"wp:attachment":[{"href":"https:\/\/acosgraf.com\/en\/wp-json\/wp\/v2\/media?parent=4047"}],"wp:term":[{"taxonomy":"product_cat","embeddable":true,"href":"https:\/\/acosgraf.com\/en\/wp-json\/wp\/v2\/product_cat?post=4047"},{"taxonomy":"product_tag","embeddable":true,"href":"https:\/\/acosgraf.com\/en\/wp-json\/wp\/v2\/product_tag?post=4047"}],"curies":[{"name":"wp","href":"https:\/\/api.w.org\/{rel}","templated":true}]}}