
{"id":4106,"date":"2019-10-15T13:58:46","date_gmt":"2019-10-15T13:58:46","guid":{"rendered":"https:\/\/acosgraf.com\/produto\/tampo-tp-195-a\/"},"modified":"2019-10-17T17:33:16","modified_gmt":"2019-10-17T17:33:16","slug":"tampo-tp-195-a","status":"publish","type":"product","link":"https:\/\/acosgraf.com\/en\/produto\/tampo-tp-195-a\/","title":{"rendered":"TAMPO &#8211; TP 195 A 300"},"content":{"rendered":"<ul>\n<li>Painel LCD;<\/li>\n<li>Paragem de emerg\u00eancia;<\/li>\n<li>Contador parcial e total das pe\u00e7as;<\/li>\n<li>Pausa entre impress\u00f5es;<\/li>\n<li>Velocidades de impress\u00e3o independentes e regul\u00e1veis (avan\u00e7o; recuo; subir, descer);<\/li>\n<li>Mesa de impress\u00e3o ajust\u00e1vel em altura;<\/li>\n<li>Sistema de impress\u00e3o por tamp\u00e3o e clich\u00e9;<\/li>\n<li>Ajuste longitudinal e transversal da coloca\u00e7\u00e3o da pe\u00e7a;<\/li>\n<\/ul>\n<table class=\"tbl-products\">\n<tbody>\n<tr>\n<th>TAMPO &#8211; TP 195 A 300<\/th>\n<th style=\"text-align:center;\">Units<\/th>\n<th>TP &#8211; 195 A 200<\/th>\n<th>TP &#8211; 195 A 400<\/th>\n<\/tr>\n<tr>\n<td>Maximum printing size<\/td>\n<td style=\"text-align:center;\">mm<\/td>\n<td style=\"text-align:center;\">150 x 100<\/td>\n<td style=\"text-align:center;\">150 x 300<\/td>\n<\/tr>\n<tr>\n<td>Tamanho do tinteiro<\/td>\n<td style=\"text-align:center;\">mm<\/td>\n<td style=\"text-align:center;\">200 x 150<\/td>\n<td style=\"text-align:center;\">200 x 400<\/td>\n<\/tr>\n<tr>\n<td>Press\u00e3o de tamponagem m\u00e1xima<\/td>\n<td style=\"text-align:center;\">N<\/td>\n<td style=\"text-align:center;\">278<\/td>\n<td style=\"text-align:center;\">278<\/td>\n<\/tr>\n<tr>\n<td>Tamanho m\u00e1ximo de cliche<\/td>\n<td style=\"text-align:center;\">(mm)<\/td>\n<td style=\"text-align:center;\">200 x 150<\/td>\n<td style=\"text-align:center;\">200 x 400<\/td>\n<\/tr>\n<tr>\n<td>External depth<\/td>\n<td style=\"text-align:center;\">cm<\/td>\n<td style=\"text-align:center;\">107<\/td>\n<td style=\"text-align:center;\">107<\/td>\n<\/tr>\n<tr>\n<td>External width<\/td>\n<td style=\"text-align:center;\">Cm<\/td>\n<td style=\"text-align:center;\">55<\/td>\n<td style=\"text-align:center;\">55<\/td>\n<\/tr>\n<tr>\n<td>External height<\/td>\n<td style=\"text-align:center;\">Cm<\/td>\n<td style=\"text-align:center;\">160<\/td>\n<td style=\"text-align:center;\">160<\/td>\n<\/tr>\n<tr>\n<td>Weight<\/td>\n<td style=\"text-align:center;\">Kg<\/td>\n<td style=\"text-align:center;\">240<\/td>\n<td style=\"text-align:center;\">240<\/td>\n<\/tr>\n<tr>\n<td>Voltage<\/td>\n<td style=\"text-align:center;\">V<\/td>\n<td style=\"text-align:center;\">230<\/td>\n<td style=\"text-align:center;\">230<\/td>\n<\/tr>\n<\/tbody>\n<\/table>\n","protected":false},"excerpt":{"rendered":"<p>O equipamento TAMPO TP 195 \u00e9 uma maquina de tampografia electro pneum\u00e1tica que utiliza tinteiro aberto at\u00e9 um tinteiro aberto 400&#215;200 mm.<\/p>\n<div class=\"btn_product\"><a class=\"btn_short_pdf elementor-align-justify elementor-button\" role=\"button\" href=\"https:\/\/acosgraf.com\/wp-content\/uploads\/2019\/10\/TAMPO-TP-195-A-300-en.pdf\"><i class=\"far fa-file-pdf\" aria-hidden=\"true\"><\/i> <span class=\"txt_btn_pdf\">DOWNLOAD PDF<\/span><\/a><\/div>\n","protected":false},"featured_media":4107,"template":"","meta":[],"product_cat":[227,226],"product_tag":[],"class_list":["post-4106","product","type-product","status-publish","has-post-thumbnail","hentry","product_cat-1-color-1-year-warranty","product_cat-pad-printing"],"_links":{"self":[{"href":"https:\/\/acosgraf.com\/en\/wp-json\/wp\/v2\/product\/4106","targetHints":{"allow":["GET"]}}],"collection":[{"href":"https:\/\/acosgraf.com\/en\/wp-json\/wp\/v2\/product"}],"about":[{"href":"https:\/\/acosgraf.com\/en\/wp-json\/wp\/v2\/types\/product"}],"version-history":[{"count":3,"href":"https:\/\/acosgraf.com\/en\/wp-json\/wp\/v2\/product\/4106\/revisions"}],"predecessor-version":[{"id":4113,"href":"https:\/\/acosgraf.com\/en\/wp-json\/wp\/v2\/product\/4106\/revisions\/4113"}],"wp:featuredmedia":[{"embeddable":true,"href":"https:\/\/acosgraf.com\/en\/wp-json\/wp\/v2\/media\/4107"}],"wp:attachment":[{"href":"https:\/\/acosgraf.com\/en\/wp-json\/wp\/v2\/media?parent=4106"}],"wp:term":[{"taxonomy":"product_cat","embeddable":true,"href":"https:\/\/acosgraf.com\/en\/wp-json\/wp\/v2\/product_cat?post=4106"},{"taxonomy":"product_tag","embeddable":true,"href":"https:\/\/acosgraf.com\/en\/wp-json\/wp\/v2\/product_tag?post=4106"}],"curies":[{"name":"wp","href":"https:\/\/api.w.org\/{rel}","templated":true}]}}