
{"id":4175,"date":"2019-10-15T13:58:46","date_gmt":"2019-10-15T13:58:46","guid":{"rendered":"https:\/\/acosgraf.com\/produto\/tampo-tp-188-c\/"},"modified":"2019-10-18T08:52:42","modified_gmt":"2019-10-18T08:52:42","slug":"tampo-tp-188-c","status":"publish","type":"product","link":"https:\/\/acosgraf.com\/en\/produto\/tampo-tp-188-c\/","title":{"rendered":"TAMPO &#8211; TP 188 C"},"content":{"rendered":"<ul>\n<li>Painel LCD;<\/li>\n<li>Paragem de emerg\u00eancia;<\/li>\n<li>Contador parcial e total das pe\u00e7as;<\/li>\n<li>Pausa entre impress\u00f5es;<\/li>\n<li>Velocidades de impress\u00e3o independentes e regul\u00e1veis (avan\u00e7o; recuo; subir, descer);<\/li>\n<li>Mesa de impress\u00e3o ajust\u00e1vel em altura;<\/li>\n<li>Sistema de impress\u00e3o por tamp\u00e3o e clich\u00e9;<\/li>\n<li>Descida de tamp\u00e3o feita individualmente como op\u00e7\u00e3o;<\/li>\n<li>Sistema de transporte de pe\u00e7a tipo carrossel com 10;<\/li>\n<li>Ajuste longitudinal e transversal do clich\u00e9;<\/li>\n<li>Ajuste longitudinal e transversal da mesa de suporte do carrossel de impress\u00e3o;<\/li>\n<li>Ajuste de press\u00f5es de recolha de tinta e impress\u00e3o feita electronicamente atrav\u00e9s de encoder.<\/li>\n<\/ul>\n<table class=\"tbl-products\">\n<tbody>\n<tr>\n<th>TAMPO &#8211; TP &#8211; 188 C<\/th>\n<th style=\"text-align:center;\">Units<\/th>\n<th>TP 188-10C F90<\/th>\n<\/tr>\n<tr>\n<td>Tipo de tinteiro<\/td>\n<td style=\"text-align:center;\"><\/td>\n<td style=\"text-align:center;\">Fechado<\/td>\n<\/tr>\n<tr>\n<td>Maximum printing size<\/td>\n<td style=\"text-align:center;\">mm<\/td>\n<td style=\"text-align:center;\">80&#215;85<\/td>\n<\/tr>\n<tr>\n<td>Colors quantity<\/td>\n<td style=\"text-align:center;\"><\/td>\n<td style=\"text-align:center;\">2<\/td>\n<\/tr>\n<tr>\n<td>Numero de postos do carrossel<\/td>\n<td style=\"text-align:center;\">Uni<\/td>\n<td style=\"text-align:center;\">10<\/td>\n<\/tr>\n<tr>\n<td>Tamanho do tinteiro<\/td>\n<td style=\"text-align:center;\">mm<\/td>\n<td style=\"text-align:center;\">90<\/td>\n<\/tr>\n<tr>\n<td>Press\u00e3o de tamponagem m\u00e1xima<\/td>\n<td style=\"text-align:center;\">N<\/td>\n<td style=\"text-align:center;\">105<\/td>\n<\/tr>\n<tr>\n<td>Tamanho m\u00e1ximo de cliche<\/td>\n<td style=\"text-align:center;\">(mm)<\/td>\n<td style=\"text-align:center;\">200&#215;100<\/td>\n<\/tr>\n<tr>\n<td>Maximum production pieces per hour<\/td>\n<td style=\"text-align:center;\"><\/td>\n<td style=\"text-align:center;\">1200<\/td>\n<\/tr>\n<tr>\n<td>Working air pressure<\/td>\n<td style=\"text-align:center;\">BAR<\/td>\n<td style=\"text-align:center;\">6<\/td>\n<\/tr>\n<tr>\n<td>Weight<\/td>\n<td style=\"text-align:center;\">Kg<\/td>\n<td style=\"text-align:center;\">156<\/td>\n<\/tr>\n<tr>\n<td>Voltage<\/td>\n<td style=\"text-align:center;\">V<\/td>\n<td style=\"text-align:center;\">230\/50<\/td>\n<\/tr>\n<\/tbody>\n<\/table>\n","protected":false},"excerpt":{"rendered":"<p>O equipamento TP 188 &#8211; C \u00e9 uma maquina de tampografia pneum\u00e1tica a 2 cores que utiliza tinteiro fechado equipado com carrossel de coloca\u00e7\u00e3o de pe\u00e7a. A m\u00e1quina TP 188 &#8211; C pode ser equipada com op\u00e7\u00e3o a descida de tamp\u00f5es diferenciada e limpeza autom\u00e1tica de tamp\u00e3o caso assim o deseje<\/p>\n<div class=\"btn_product\"><a class=\"btn_short_pdf elementor-align-justify elementor-button\" role=\"button\" href=\"https:\/\/acosgraf.com\/wp-content\/uploads\/2019\/10\/TAMPO-TP-188-C-en.pdf\"><i class=\"far fa-file-pdf\" aria-hidden=\"true\"><\/i> <span class=\"txt_btn_pdf\">DOWNLOAD PDF<\/span><\/a><\/div>\n","protected":false},"featured_media":4176,"template":"","meta":[],"product_cat":[231,226],"product_tag":[],"class_list":["post-4175","product","type-product","status-publish","has-post-thumbnail","hentry","product_cat-2-colors-1-year-warranty","product_cat-pad-printing"],"_links":{"self":[{"href":"https:\/\/acosgraf.com\/en\/wp-json\/wp\/v2\/product\/4175","targetHints":{"allow":["GET"]}}],"collection":[{"href":"https:\/\/acosgraf.com\/en\/wp-json\/wp\/v2\/product"}],"about":[{"href":"https:\/\/acosgraf.com\/en\/wp-json\/wp\/v2\/types\/product"}],"version-history":[{"count":3,"href":"https:\/\/acosgraf.com\/en\/wp-json\/wp\/v2\/product\/4175\/revisions"}],"predecessor-version":[{"id":4182,"href":"https:\/\/acosgraf.com\/en\/wp-json\/wp\/v2\/product\/4175\/revisions\/4182"}],"wp:featuredmedia":[{"embeddable":true,"href":"https:\/\/acosgraf.com\/en\/wp-json\/wp\/v2\/media\/4176"}],"wp:attachment":[{"href":"https:\/\/acosgraf.com\/en\/wp-json\/wp\/v2\/media?parent=4175"}],"wp:term":[{"taxonomy":"product_cat","embeddable":true,"href":"https:\/\/acosgraf.com\/en\/wp-json\/wp\/v2\/product_cat?post=4175"},{"taxonomy":"product_tag","embeddable":true,"href":"https:\/\/acosgraf.com\/en\/wp-json\/wp\/v2\/product_tag?post=4175"}],"curies":[{"name":"wp","href":"https:\/\/api.w.org\/{rel}","templated":true}]}}