
{"id":4185,"date":"2019-10-15T13:58:46","date_gmt":"2019-10-15T13:58:46","guid":{"rendered":"https:\/\/acosgraf.com\/produto\/tampo-tp-127-index\/"},"modified":"2019-10-18T08:55:57","modified_gmt":"2019-10-18T08:55:57","slug":"tampo-tp-127-index","status":"publish","type":"product","link":"https:\/\/acosgraf.com\/en\/produto\/tampo-tp-127-index\/","title":{"rendered":"TAMPO &#8211; TP 127 &#8211; INDEX"},"content":{"rendered":"<table class=\"tbl-products\">\n<tbody>\n<tr>\n<th>TAMPO &#8211; TP 127 &#8211; INDEX<\/th>\n<th style=\"text-align:center;\">Units<\/th>\n<th>TP 127F 90 IN<\/th>\n<\/tr>\n<tr>\n<td>Tipo de tinteiro<\/td>\n<td style=\"text-align:center;\"><\/td>\n<td style=\"text-align:center;\">Fechado<\/td>\n<\/tr>\n<tr>\n<td>Maximum printing size<\/td>\n<td style=\"text-align:center;\">mm<\/td>\n<td style=\"text-align:center;\">80 x 85<\/td>\n<\/tr>\n<tr>\n<td>Colors quantity<\/td>\n<td style=\"text-align:center;\"><\/td>\n<td style=\"text-align:center;\">2<\/td>\n<\/tr>\n<tr>\n<td>Tamanho do tinteiro<\/td>\n<td style=\"text-align:center;\">mm<\/td>\n<td style=\"text-align:center;\">90<\/td>\n<\/tr>\n<tr>\n<td>Press\u00e3o de tamponagem m\u00e1xima<\/td>\n<td style=\"text-align:center;\">N<\/td>\n<td style=\"text-align:center;\">105<\/td>\n<\/tr>\n<tr>\n<td>Tamanho m\u00e1ximo de cliche<\/td>\n<td style=\"text-align:center;\">(mm)<\/td>\n<td style=\"text-align:center;\">200&#215;100<\/td>\n<\/tr>\n<tr>\n<td>Maximum production pieces per hour<\/td>\n<td style=\"text-align:center;\"><\/td>\n<td style=\"text-align:center;\">900<\/td>\n<\/tr>\n<tr>\n<td>Weight<\/td>\n<td style=\"text-align:center;\">Kg<\/td>\n<td style=\"text-align:center;\">105<\/td>\n<\/tr>\n<tr>\n<td>Voltage<\/td>\n<td style=\"text-align:center;\">V<\/td>\n<td style=\"text-align:center;\">230\/50<\/td>\n<\/tr>\n<\/tbody>\n<\/table>\n","protected":false},"excerpt":{"rendered":"<p>O equipamento TP 127 &#8211; INDEX \u00e9 uma maquina de tampografia pneum\u00e1tica a 2 cores que utiliza tinteiro fechado. A m\u00e1quina TP 127 &#8211; INDEX pode ser equipada com op\u00e7\u00e3o a descida de tamp\u00f5es diferenciada e limpeza autom\u00e1tica de tamp\u00e3o.<\/p>\n<div class=\"btn_product\"><a class=\"btn_short_pdf elementor-align-justify elementor-button\" role=\"button\" href=\"https:\/\/acosgraf.com\/wp-content\/uploads\/2019\/10\/TAMPO-TP-127-INDEX-en.pdf\"><i class=\"far fa-file-pdf\" aria-hidden=\"true\"><\/i> <span class=\"txt_btn_pdf\">DOWNLOAD PDF<\/span><\/a><\/div>\n","protected":false},"featured_media":4186,"template":"","meta":[],"product_cat":[231,226],"product_tag":[],"class_list":["post-4185","product","type-product","status-publish","has-post-thumbnail","hentry","product_cat-2-colors-1-year-warranty","product_cat-pad-printing"],"_links":{"self":[{"href":"https:\/\/acosgraf.com\/en\/wp-json\/wp\/v2\/product\/4185","targetHints":{"allow":["GET"]}}],"collection":[{"href":"https:\/\/acosgraf.com\/en\/wp-json\/wp\/v2\/product"}],"about":[{"href":"https:\/\/acosgraf.com\/en\/wp-json\/wp\/v2\/types\/product"}],"version-history":[{"count":2,"href":"https:\/\/acosgraf.com\/en\/wp-json\/wp\/v2\/product\/4185\/revisions"}],"predecessor-version":[{"id":4191,"href":"https:\/\/acosgraf.com\/en\/wp-json\/wp\/v2\/product\/4185\/revisions\/4191"}],"wp:featuredmedia":[{"embeddable":true,"href":"https:\/\/acosgraf.com\/en\/wp-json\/wp\/v2\/media\/4186"}],"wp:attachment":[{"href":"https:\/\/acosgraf.com\/en\/wp-json\/wp\/v2\/media?parent=4185"}],"wp:term":[{"taxonomy":"product_cat","embeddable":true,"href":"https:\/\/acosgraf.com\/en\/wp-json\/wp\/v2\/product_cat?post=4185"},{"taxonomy":"product_tag","embeddable":true,"href":"https:\/\/acosgraf.com\/en\/wp-json\/wp\/v2\/product_tag?post=4185"}],"curies":[{"name":"wp","href":"https:\/\/api.w.org\/{rel}","templated":true}]}}