
{"id":4227,"date":"2019-10-15T13:58:49","date_gmt":"2019-10-15T13:58:49","guid":{"rendered":"https:\/\/acosgraf.com\/produto\/tampo-tp-183-a-100\/"},"modified":"2019-10-18T09:12:18","modified_gmt":"2019-10-18T09:12:18","slug":"tampo-tp-183-a-100","status":"publish","type":"product","link":"https:\/\/acosgraf.com\/en\/produto\/tampo-tp-183-a-100\/","title":{"rendered":"TAMPO &#8211; TP 183 A 100"},"content":{"rendered":"<ul>\n<li>Painel LCD de 5 linhas;<\/li>\n<li>Paragem de emerg\u00eancia;<\/li>\n<li>Ajuste de alturas de impress\u00e3o e recolha de tinta feita electronicamente;<\/li>\n<li>Contador parcial e total das pe\u00e7as;<\/li>\n<li>Pausa entre impress\u00f5es;<\/li>\n<li>Velocidades de impress\u00e3o independentes e regul\u00e1veis (avan\u00e7o; recuo; subir, descer);<\/li>\n<li>Mesa de impress\u00e3o ajust\u00e1vel em altura;<\/li>\n<li>Sistema de impress\u00e3o por tamp\u00e3o e clich\u00e9;<\/li>\n<li>Ajuste longitudinal e transversal da coloca\u00e7\u00e3o da pe\u00e7a;<\/li>\n<li>Sistema de impress\u00e3o feita atrav\u00e9s de tinteiro aberto.<\/li>\n<\/ul>\n<table class=\"tbl-products\">\n<tbody>\n<tr>\n<th>TAMPO &#8211; TP 183 A 100<\/th>\n<th style=\"text-align:center;\">Units<\/th>\n<th>TP 183A &#8211; 100 mm<\/th>\n<\/tr>\n<tr>\n<td>Tipo de tinteiro<\/td>\n<td style=\"text-align:center;\"><\/td>\n<td style=\"text-align:center;\">Aberto<\/td>\n<\/tr>\n<tr>\n<td>Maximum printing size<\/td>\n<td style=\"text-align:center;\">mm<\/td>\n<td style=\"text-align:center;\">70 x 70 <\/td>\n<\/tr>\n<tr>\n<td>Colors quantity<\/td>\n<td style=\"text-align:center;\"><\/td>\n<td style=\"text-align:center;\">2<\/td>\n<\/tr>\n<tr>\n<td>Tamanho do tinteiro<\/td>\n<td style=\"text-align:center;\">mm<\/td>\n<td style=\"text-align:center;\">100&#215;100<\/td>\n<\/tr>\n<tr>\n<td>Press\u00e3o de tamponagem m\u00e1xima<\/td>\n<td style=\"text-align:center;\">N<\/td>\n<td style=\"text-align:center;\">105<\/td>\n<\/tr>\n<tr>\n<td>Maximum production pieces per hour<\/td>\n<td style=\"text-align:center;\"><\/td>\n<td style=\"text-align:center;\">1100<\/td>\n<\/tr>\n<tr>\n<td>Weight<\/td>\n<td style=\"text-align:center;\">Kg<\/td>\n<td style=\"text-align:center;\">71<\/td>\n<\/tr>\n<tr>\n<td>Voltage<\/td>\n<td style=\"text-align:center;\">V<\/td>\n<td style=\"text-align:center;\">230\/50<\/td>\n<\/tr>\n<\/tbody>\n<\/table>\n","protected":false},"excerpt":{"rendered":"<div class=\"btn_product\"><a class=\"btn_short_pdf elementor-align-justify elementor-button\" role=\"button\" href=\"https:\/\/acosgraf.com\/wp-content\/uploads\/2019\/10\/TAMPO-TP-183-A-100-en.pdf\"><i class=\"far fa-file-pdf\" aria-hidden=\"true\"><\/i> <span class=\"txt_btn_pdf\">DOWNLOAD PDF<\/span><\/a><\/div>\n","protected":false},"featured_media":4228,"template":"","meta":[],"product_cat":[231,226],"product_tag":[],"class_list":["post-4227","product","type-product","status-publish","has-post-thumbnail","hentry","product_cat-2-colors-1-year-warranty","product_cat-pad-printing"],"_links":{"self":[{"href":"https:\/\/acosgraf.com\/en\/wp-json\/wp\/v2\/product\/4227","targetHints":{"allow":["GET"]}}],"collection":[{"href":"https:\/\/acosgraf.com\/en\/wp-json\/wp\/v2\/product"}],"about":[{"href":"https:\/\/acosgraf.com\/en\/wp-json\/wp\/v2\/types\/product"}],"version-history":[{"count":4,"href":"https:\/\/acosgraf.com\/en\/wp-json\/wp\/v2\/product\/4227\/revisions"}],"predecessor-version":[{"id":4239,"href":"https:\/\/acosgraf.com\/en\/wp-json\/wp\/v2\/product\/4227\/revisions\/4239"}],"wp:featuredmedia":[{"embeddable":true,"href":"https:\/\/acosgraf.com\/en\/wp-json\/wp\/v2\/media\/4228"}],"wp:attachment":[{"href":"https:\/\/acosgraf.com\/en\/wp-json\/wp\/v2\/media?parent=4227"}],"wp:term":[{"taxonomy":"product_cat","embeddable":true,"href":"https:\/\/acosgraf.com\/en\/wp-json\/wp\/v2\/product_cat?post=4227"},{"taxonomy":"product_tag","embeddable":true,"href":"https:\/\/acosgraf.com\/en\/wp-json\/wp\/v2\/product_tag?post=4227"}],"curies":[{"name":"wp","href":"https:\/\/api.w.org\/{rel}","templated":true}]}}