
{"id":4278,"date":"2019-10-15T13:58:49","date_gmt":"2019-10-15T13:58:49","guid":{"rendered":"https:\/\/acosgraf.com\/produto\/tampo-tp-402-s\/"},"modified":"2019-10-18T09:29:11","modified_gmt":"2019-10-18T09:29:11","slug":"tampo-tp-402-s","status":"publish","type":"product","link":"https:\/\/acosgraf.com\/en\/produto\/tampo-tp-402-s\/","title":{"rendered":"Tampo AC &#8211; 5"},"content":{"rendered":"<ul>\n<li>Painel LCD;<\/li>\n<li>Paragem de emerg\u00eancia;<\/li>\n<li>Contador parcial e total das pe\u00e7as;<\/li>\n<li>Pausa entre impress\u00f5es;<\/li>\n<li>Velocidades de impress\u00e3o independentes e regul\u00e1veis (avan\u00e7o; recuo; subir, descer);<\/li>\n<li>Mesa de impress\u00e3o ajust\u00e1vel em altura;<\/li>\n<li>Sistema de impress\u00e3o por tamp\u00e3o e clich\u00e9;<\/li>\n<li>Descida de tamp\u00e3o feita individualmente;<\/li>\n<li>Sistema de transporte de pe\u00e7a tipo SHUTTLE c\/ servo motor;<\/li>\n<li>Ajuste longitudinal e transversal do tinteiro;<\/li>\n<li>Ajuste longitudinal e transversal do suporte do tinteiro.<\/li>\n<\/ul>\n<table class=\"tbl-products\">\n<tbody>\n<tr>\n<th>Tampo AC &#8211; 5<\/th>\n<th style=\"text-align:center;\">Units<\/th>\n<th>TP &#8211; 402S F110<\/th>\n<th>TP &#8211; 402S A120<\/th>\n<th>TP &#8211; 402S F140<\/th>\n<\/tr>\n<tr>\n<td>Tipo de tinteiro<\/td>\n<td style=\"text-align:center;\"><\/td>\n<td style=\"text-align:center;\">Fechado<\/td>\n<td style=\"text-align:center;\">Aberto<\/td>\n<td style=\"text-align:center;\">Fechado<\/td>\n<\/tr>\n<tr>\n<td>Maximum printing size<\/td>\n<td style=\"text-align:center;\">mm<\/td>\n<td style=\"text-align:center;\">90&#215;90<\/td>\n<td style=\"text-align:center;\">80&#215;150<\/td>\n<td style=\"text-align:center;\">120&#215;120<\/td>\n<\/tr>\n<tr>\n<td>Colors quantity<\/td>\n<td style=\"text-align:center;\"><\/td>\n<td style=\"text-align:center;\">4<\/td>\n<td style=\"text-align:center;\">4<\/td>\n<td style=\"text-align:center;\">4<\/td>\n<\/tr>\n<tr>\n<td>Tamanho do tinteiro<\/td>\n<td style=\"text-align:center;\">mm<\/td>\n<td style=\"text-align:center;\">110<\/td>\n<td style=\"text-align:center;\">120&#215;200<\/td>\n<td style=\"text-align:center;\">140<\/td>\n<\/tr>\n<tr>\n<td>Tamanho m\u00e1ximo de cliche<\/td>\n<td style=\"text-align:center;\">(mm)<\/td>\n<td style=\"text-align:center;\">320 x 150<\/td>\n<td style=\"text-align:center;\">120&#215;200<\/td>\n<td style=\"text-align:center;\">320 x 150<\/td>\n<\/tr>\n<tr>\n<td>Maximum production pieces per hour<\/td>\n<td style=\"text-align:center;\"><\/td>\n<td style=\"text-align:center;\">550<\/td>\n<td style=\"text-align:center;\">550<\/td>\n<td style=\"text-align:center;\">550<\/td>\n<\/tr>\n<tr>\n<td>Weight<\/td>\n<td style=\"text-align:center;\">Kg<\/td>\n<td style=\"text-align:center;\">650<\/td>\n<td style=\"text-align:center;\">650<\/td>\n<td style=\"text-align:center;\">650<\/td>\n<\/tr>\n<tr>\n<td>Voltage<\/td>\n<td style=\"text-align:center;\">V<\/td>\n<td style=\"text-align:center;\">230 \/ 50<\/td>\n<td style=\"text-align:center;\">230 \/ 50<\/td>\n<td style=\"text-align:center;\">230\/50<\/td>\n<\/tr>\n<\/tbody>\n<\/table>\n","protected":false},"excerpt":{"rendered":"<p><strong>TAMPO &#8211; AC &#8211; 4 &#8211; 140 mm<\/strong><\/p>\n<div class=\"btn_product\"><a class=\"btn_short_pdf elementor-align-justify elementor-button\" role=\"button\" href=\"https:\/\/acosgraf.com\/wp-content\/uploads\/2019\/10\/Tampo-AC-5-en.pdf\"><i class=\"far fa-file-pdf\" aria-hidden=\"true\"><\/i> <span class=\"txt_btn_pdf\">DOWNLOAD PDF<\/span><\/a><\/div>\n","protected":false},"featured_media":4279,"template":"","meta":[],"product_cat":[235,226],"product_tag":[],"class_list":["post-4278","product","type-product","status-publish","has-post-thumbnail","hentry","product_cat-4-colors-1-year-warranty","product_cat-pad-printing"],"_links":{"self":[{"href":"https:\/\/acosgraf.com\/en\/wp-json\/wp\/v2\/product\/4278","targetHints":{"allow":["GET"]}}],"collection":[{"href":"https:\/\/acosgraf.com\/en\/wp-json\/wp\/v2\/product"}],"about":[{"href":"https:\/\/acosgraf.com\/en\/wp-json\/wp\/v2\/types\/product"}],"version-history":[{"count":3,"href":"https:\/\/acosgraf.com\/en\/wp-json\/wp\/v2\/product\/4278\/revisions"}],"predecessor-version":[{"id":4285,"href":"https:\/\/acosgraf.com\/en\/wp-json\/wp\/v2\/product\/4278\/revisions\/4285"}],"wp:featuredmedia":[{"embeddable":true,"href":"https:\/\/acosgraf.com\/en\/wp-json\/wp\/v2\/media\/4279"}],"wp:attachment":[{"href":"https:\/\/acosgraf.com\/en\/wp-json\/wp\/v2\/media?parent=4278"}],"wp:term":[{"taxonomy":"product_cat","embeddable":true,"href":"https:\/\/acosgraf.com\/en\/wp-json\/wp\/v2\/product_cat?post=4278"},{"taxonomy":"product_tag","embeddable":true,"href":"https:\/\/acosgraf.com\/en\/wp-json\/wp\/v2\/product_tag?post=4278"}],"curies":[{"name":"wp","href":"https:\/\/api.w.org\/{rel}","templated":true}]}}