
{"id":4305,"date":"2019-10-15T13:58:49","date_gmt":"2019-10-15T13:58:49","guid":{"rendered":"https:\/\/acosgraf.com\/produto\/minitrans\/"},"modified":"2019-10-18T09:43:15","modified_gmt":"2019-10-18T09:43:15","slug":"minitrans","status":"publish","type":"product","link":"https:\/\/acosgraf.com\/en\/produto\/minitrans\/","title":{"rendered":"MINITRANS"},"content":{"rendered":"<ul>\n<li>Tapete com velocidade vari\u00e1vel feita atrav\u00e9s de varia\u00e7\u00e3o electr\u00f3nica;<\/li>\n<li>Equipado com pistola de ar quente como fonte de calor;<\/li>\n<li>Tapete de metal para obter uma elevada resist\u00eancia ao calor;<\/li>\n<li>Possibilidade de ajuste de altura de trabalho;<\/li>\n<li>Possibilidade de equipar o MINITRANS com outras fontes de calor (pistola de ar quente ou outros).<\/li>\n<\/ul>\n<table class=\"tbl-products\">\n<tbody>\n<tr>\n<th>MINITRANS<\/th>\n<th style=\"text-align:center;\">Units<\/th>\n<th>MT 10&#215;02<\/th>\n<th>MT 15&#215;02<\/th>\n<\/tr>\n<tr>\n<td>Belt length<\/td>\n<td style=\"text-align:center;\">Cm<\/td>\n<td style=\"text-align:center;\">100<\/td>\n<td style=\"text-align:center;\">150<\/td>\n<\/tr>\n<tr>\n<td>Width of belt<\/td>\n<td style=\"text-align:center;\">Cm<\/td>\n<td style=\"text-align:center;\">20<\/td>\n<td style=\"text-align:center;\">20<\/td>\n<\/tr>\n<tr>\n<td>External length<\/td>\n<td style=\"text-align:center;\">Cm<\/td>\n<td style=\"text-align:center;\">105<\/td>\n<td style=\"text-align:center;\">155<\/td>\n<\/tr>\n<tr>\n<td>External width<\/td>\n<td style=\"text-align:center;\">Cm<\/td>\n<td style=\"text-align:center;\">35<\/td>\n<td style=\"text-align:center;\">35<\/td>\n<\/tr>\n<tr>\n<td>External height<\/td>\n<td style=\"text-align:center;\">Cm<\/td>\n<td style=\"text-align:center;\">58 a 87<\/td>\n<td style=\"text-align:center;\">58 a 87<\/td>\n<\/tr>\n<tr>\n<td>Weight<\/td>\n<td style=\"text-align:center;\">Kg<\/td>\n<td style=\"text-align:center;\">35<\/td>\n<td style=\"text-align:center;\">45<\/td>\n<\/tr>\n<tr>\n<td>Voltage<\/td>\n<td style=\"text-align:center;\">V<\/td>\n<td style=\"text-align:center;\">230\/50<\/td>\n<td style=\"text-align:center;\">230\/50<\/td>\n<\/tr>\n<\/tbody>\n<\/table>\n","protected":false},"excerpt":{"rendered":"<p>O MINITRANS \u00e9 um tapete transportador de objectos ideal para tampografia. O MINITRANS pode ser equipado com varias fonte de calor tais como: camp\u00e2nula infra vermelhos; pistola de ar quente e outros. O MINITRANS pode ser construido em qualquer dimens\u00e3o desejada.<\/p>\n<div class=\"btn_product\"><a class=\"btn_short_pdf elementor-align-justify elementor-button\" role=\"button\" href=\"https:\/\/acosgraf.com\/wp-content\/uploads\/2019\/10\/MINITRANS-en.pdf\"><i class=\"far fa-file-pdf\" aria-hidden=\"true\"><\/i> <span class=\"txt_btn_pdf\">DOWNLOAD PDF<\/span><\/a><\/div>\n","protected":false},"featured_media":4306,"template":"","meta":[],"product_cat":[243,226],"product_tag":[],"class_list":["post-4305","product","type-product","status-publish","has-post-thumbnail","hentry","product_cat-secagem-da-impressao-en","product_cat-pad-printing"],"_links":{"self":[{"href":"https:\/\/acosgraf.com\/en\/wp-json\/wp\/v2\/product\/4305","targetHints":{"allow":["GET"]}}],"collection":[{"href":"https:\/\/acosgraf.com\/en\/wp-json\/wp\/v2\/product"}],"about":[{"href":"https:\/\/acosgraf.com\/en\/wp-json\/wp\/v2\/types\/product"}],"version-history":[{"count":3,"href":"https:\/\/acosgraf.com\/en\/wp-json\/wp\/v2\/product\/4305\/revisions"}],"predecessor-version":[{"id":4312,"href":"https:\/\/acosgraf.com\/en\/wp-json\/wp\/v2\/product\/4305\/revisions\/4312"}],"wp:featuredmedia":[{"embeddable":true,"href":"https:\/\/acosgraf.com\/en\/wp-json\/wp\/v2\/media\/4306"}],"wp:attachment":[{"href":"https:\/\/acosgraf.com\/en\/wp-json\/wp\/v2\/media?parent=4305"}],"wp:term":[{"taxonomy":"product_cat","embeddable":true,"href":"https:\/\/acosgraf.com\/en\/wp-json\/wp\/v2\/product_cat?post=4305"},{"taxonomy":"product_tag","embeddable":true,"href":"https:\/\/acosgraf.com\/en\/wp-json\/wp\/v2\/product_tag?post=4305"}],"curies":[{"name":"wp","href":"https:\/\/api.w.org\/{rel}","templated":true}]}}