
{"id":741,"date":"2019-10-10T16:25:44","date_gmt":"2019-10-10T16:25:44","guid":{"rendered":"https:\/\/acosgraf.com\/produto\/bacprint-auto\/"},"modified":"2019-10-18T10:18:30","modified_gmt":"2019-10-18T10:18:30","slug":"bacprint-auto","status":"publish","type":"product","link":"https:\/\/acosgraf.com\/en\/produto\/bacprint-auto\/","title":{"rendered":"BACPRINT AUTO"},"content":{"rendered":"<ul>\n<li>M\u00e1quina completamente construida em a\u00e7o inox 4301;<\/li>\n<li>Possibilidade de utiliza\u00e7\u00e3o da m\u00e1quina em sistema de revela\u00e7\u00e3o ou decapagem de quadros separadamente;<\/li>\n<li>Bomba de alta press\u00e3o para obter um perfeito resultado na revela\u00e7\u00e3o e decapagem do quadro;<\/li>\n<li>Rail de alimenta\u00e7\u00e3o do quadro na torre de decapagem ou revela\u00e7\u00e3o com varia\u00e7\u00e3o de velocidade;<\/li>\n<li>Tanque de imers\u00e3o de quadro (DIP TANK) com capacidade para 2 quadros em simult\u00e2neo;<\/li>\n<li>Tempo de imers\u00e3o regul\u00e1vel;<\/li>\n<li>Bomba de alta press\u00e3o com riudo inferior a 70Db<\/li>\n<\/ul>\n<table class=\"tbl-products\">\n<tbody>\n<tr>\n<th>BACPRINT AUTO<\/th>\n<th style=\"text-align:center;\">Uni<\/th>\n<th>BACAUTO 0806<\/th>\n<\/tr>\n<tr>\n<td>Formato m\u00e1ximo do quadro<\/td>\n<td style=\"text-align:center;\">Cm<\/td>\n<td style=\"text-align:center;\">800&#215;600<\/td>\n<\/tr>\n<tr>\n<td>Velocidade de produ\u00e7\u00e3o<\/td>\n<td style=\"text-align:center;\">cm\/min<\/td>\n<td style=\"text-align:center;\">10 a 65<\/td>\n<\/tr>\n<tr>\n<td>Comprimento exterior<\/td>\n<td style=\"text-align:center;\">Cm<\/td>\n<td style=\"text-align:center;\">350<\/td>\n<\/tr>\n<tr>\n<td>Profundidade exterior<\/td>\n<td style=\"text-align:center;\">Cm<\/td>\n<td style=\"text-align:center;\">100<\/td>\n<\/tr>\n<tr>\n<td>Altura exterior<\/td>\n<td style=\"text-align:center;\">Cm<\/td>\n<td style=\"text-align:center;\">200<\/td>\n<\/tr>\n<tr>\n<td>Pot\u00eancia<\/td>\n<td style=\"text-align:center;\">W<\/td>\n<td style=\"text-align:center;\">5000<\/td>\n<\/tr>\n<tr>\n<td>Peso<\/td>\n<td style=\"text-align:center;\">Kg<\/td>\n<td style=\"text-align:center;\">450<\/td>\n<\/tr>\n<tr>\n<td>Voltagem<\/td>\n<td style=\"text-align:center;\">V<\/td>\n<td style=\"text-align:center;\">400<\/td>\n<\/tr>\n<\/tbody>\n<\/table>\n","protected":false},"excerpt":{"rendered":"<p>O BACPRINT AUTO \u00e9 uma sistema de revela\u00e7\u00e3o e decapagem de quadros de serigrafia semi autom\u00e1tico. O BACPRINT AUTO v\u00eam equipado de s\u00e9rie com um tanque de imers\u00e3o capaz de imergir 2 quadros em simult\u00e2neo. O BACPRINT AUTO pode ser utilizado com programa de decapagem ou com programa de revela\u00e7\u00e3o individual.<\/p>\n<div class=\"btn_product\"><a class=\"btn_short_pdf elementor-align-justify elementor-button\" role=\"button\" href=\"https:\/\/acosgraf.com\/wp-content\/uploads\/2019\/10\/BACPRINT-AUTO.pdf\"><i class=\"far fa-file-pdf\" aria-hidden=\"true\"><\/i> <span class=\"txt_btn_pdf\">DOWNLOAD PDF<\/span><\/a><\/div>\n","protected":false},"featured_media":454,"template":"","meta":[],"product_cat":[54],"product_tag":[],"class_list":["post-741","product","type-product","status-publish","has-post-thumbnail","hentry","product_cat-serigrafia"],"_links":{"self":[{"href":"https:\/\/acosgraf.com\/en\/wp-json\/wp\/v2\/product\/741","targetHints":{"allow":["GET"]}}],"collection":[{"href":"https:\/\/acosgraf.com\/en\/wp-json\/wp\/v2\/product"}],"about":[{"href":"https:\/\/acosgraf.com\/en\/wp-json\/wp\/v2\/types\/product"}],"version-history":[{"count":2,"href":"https:\/\/acosgraf.com\/en\/wp-json\/wp\/v2\/product\/741\/revisions"}],"predecessor-version":[{"id":869,"href":"https:\/\/acosgraf.com\/en\/wp-json\/wp\/v2\/product\/741\/revisions\/869"}],"wp:featuredmedia":[{"embeddable":true,"href":"https:\/\/acosgraf.com\/en\/wp-json\/wp\/v2\/media\/454"}],"wp:attachment":[{"href":"https:\/\/acosgraf.com\/en\/wp-json\/wp\/v2\/media?parent=741"}],"wp:term":[{"taxonomy":"product_cat","embeddable":true,"href":"https:\/\/acosgraf.com\/en\/wp-json\/wp\/v2\/product_cat?post=741"},{"taxonomy":"product_tag","embeddable":true,"href":"https:\/\/acosgraf.com\/en\/wp-json\/wp\/v2\/product_tag?post=741"}],"curies":[{"name":"wp","href":"https:\/\/api.w.org\/{rel}","templated":true}]}}