
{"id":8680,"date":"2020-09-26T13:29:14","date_gmt":"2020-09-26T13:29:14","guid":{"rendered":"https:\/\/acosgraf.com\/?post_type=product&#038;p=8680"},"modified":"2020-09-26T13:43:12","modified_gmt":"2020-09-26T13:43:12","slug":"uv-dryer-2x-lamp-cross-over","status":"publish","type":"product","link":"https:\/\/acosgraf.com\/en\/produto\/uv-dryer-2x-lamp-cross-over\/","title":{"rendered":"UV DRYER 2x Lamp + Cross Over"},"content":{"rendered":"\t\t<div data-elementor-type=\"product-post\" data-elementor-id=\"8680\" class=\"elementor elementor-8680\" data-elementor-post-type=\"product\">\n\t\t\t\t\t\t<section class=\"elementor-section elementor-top-section elementor-element elementor-element-5e90243c elementor-section-boxed elementor-section-height-default elementor-section-height-default\" data-id=\"5e90243c\" data-element_type=\"section\" data-e-type=\"section\">\n\t\t\t\t\t\t<div class=\"elementor-container elementor-column-gap-default\">\n\t\t\t\t\t<div class=\"elementor-column elementor-col-100 elementor-top-column elementor-element elementor-element-14c348f\" data-id=\"14c348f\" data-element_type=\"column\" data-e-type=\"column\">\n\t\t\t<div class=\"elementor-widget-wrap elementor-element-populated\">\n\t\t\t\t\t\t<div class=\"elementor-element elementor-element-377e6522 elementor-widget elementor-widget-text-editor\" data-id=\"377e6522\" data-element_type=\"widget\" data-e-type=\"widget\" data-widget_type=\"text-editor.default\">\n\t\t\t\t<div class=\"elementor-widget-container\">\n\t\t\t\t\t\t\t\t\t<ul>\n<li>Equipped with 2x high performance UV lamps;<\/li>\n<li>Electronic transformer for adjusting the UV lamp power from 20% to 100%;\n<\/li><li>UV lamp cocoon closed below by quartz crystals to prevent heat from passing through the material;\n<\/li><li>Cassette-type UV lamp system for easy assistance, lamp removal and cleaning;\n<\/li><li>Anti-static Teflon mesh belt;\n<\/li><li>Electronic belt speed variator;\n<\/li><li>High performance fan for cooling the UV lamp;\n<\/li><li>7-inch touch screen for UV lamp control with indicatores of service menus that includes several information to have a correct UV lamp operation;\n<\/li><li>Digital indicator of actual belt speed for easy operator adjustment;\n<\/li><li>Tabuleiro de v\u00e1cuo em toda a \u00e1rea do t\u00fanel UV;\n<\/li><li>Vacuum to hold sheet down in the entire UV tunnel area;<\/li><li>&#8220;CROSS OVER&#8221; at the tunnel entrance equipped with vacuum and up \/ down through pneumatic cylinders;<\/li>\n<\/ul>\n<table class=\"tbl-products\">\n<tbody>\n<tr>\n<th>UV DRYER 2x Lamp + Cross Over<\/th>\n<th style=\"text-align: center;\">Uni<\/th>\n<th>UVDR 2&#215;90 + Cross<\/th>\n<th>UVDR 2&#215;110 + Cross<\/th>\n<\/tr>\n<tr>\n<td>UV lamp lenght<\/td>\n<td style=\"text-align: center;\">Cm<\/td>\n<td style=\"text-align: center;\">90<\/td>\n<td style=\"text-align: center;\">110<\/td>\n<\/tr>\n<tr>\n<td>Maximum UV curing width<\/td>\n<td style=\"text-align: center;\">Cm<\/td>\n<td style=\"text-align: center;\">80<\/td>\n<td style=\"text-align: center;\">100<\/td>\n<\/tr>\n<tr>\n<td>Belt width<\/td>\n<td style=\"text-align: center;\">Cm<\/td>\n<td style=\"text-align: center;\">90<\/td>\n<td style=\"text-align: center;\">110<\/td>\n<\/tr>\n<tr>\n<td>Total power UV lamp power<\/td>\n<td style=\"text-align: center;\">kW<\/td>\n<td style=\"text-align: center;\">2* 10,8<\/td>\n<td style=\"text-align: center;\">2* 13,2<\/td>\n<\/tr>\n<tr>\n<td>CROSS OVER lenght<\/td>\n<td style=\"text-align: center;\">Cm<\/td>\n<td style=\"text-align: center;\">72<\/td>\n<td style=\"text-align: center;\">72<\/td>\n<\/tr>\n<tr>\n<td>Total power install<\/td>\n<td style=\"text-align: center;\">Kw<\/td>\n<td style=\"text-align: center;\">23<\/td>\n<td style=\"text-align: center;\">36<\/td>\n<\/tr>\n<tr>\n<td>Voltage<\/td>\n<td style=\"text-align: center;\">V<\/td>\n<td style=\"text-align: center;\">3x 400<\/td>\n<td style=\"text-align: center;\">3x 400<\/td>\n<\/tr>\n<\/tbody>\n<\/table>\t\t\t\t\t\t\t\t<\/div>\n\t\t\t\t<\/div>\n\t\t\t\t\t<\/div>\n\t\t<\/div>\n\t\t\t\t\t<\/div>\n\t\t<\/section>\n\t\t\t\t<\/div>\n\t\t","protected":false},"excerpt":{"rendered":"<p>The machine UVDRYER 2xLAMP + CROSS OVER\u00a0 is a drying tunnel suitable to dry UV inks. The UVDRYER 2xLAMP + CROSS OVER\u00a0 is equipped with two UV high performance lamps able to dry the hardest job printed with UV ink. The LAMP UVDRYER 2xLAMPS + + CROSS OVER\u00a0 is fitted with CROSS OVER on the entry .<\/p>\n","protected":false},"featured_media":8682,"template":"","meta":[],"product_cat":[171,204],"product_tag":[],"class_list":["post-8680","product","type-product","status-publish","has-post-thumbnail","hentry","product_cat-screen-printing","product_cat-uv-drying"],"_links":{"self":[{"href":"https:\/\/acosgraf.com\/en\/wp-json\/wp\/v2\/product\/8680","targetHints":{"allow":["GET"]}}],"collection":[{"href":"https:\/\/acosgraf.com\/en\/wp-json\/wp\/v2\/product"}],"about":[{"href":"https:\/\/acosgraf.com\/en\/wp-json\/wp\/v2\/types\/product"}],"version-history":[{"count":3,"href":"https:\/\/acosgraf.com\/en\/wp-json\/wp\/v2\/product\/8680\/revisions"}],"predecessor-version":[{"id":8689,"href":"https:\/\/acosgraf.com\/en\/wp-json\/wp\/v2\/product\/8680\/revisions\/8689"}],"wp:featuredmedia":[{"embeddable":true,"href":"https:\/\/acosgraf.com\/en\/wp-json\/wp\/v2\/media\/8682"}],"wp:attachment":[{"href":"https:\/\/acosgraf.com\/en\/wp-json\/wp\/v2\/media?parent=8680"}],"wp:term":[{"taxonomy":"product_cat","embeddable":true,"href":"https:\/\/acosgraf.com\/en\/wp-json\/wp\/v2\/product_cat?post=8680"},{"taxonomy":"product_tag","embeddable":true,"href":"https:\/\/acosgraf.com\/en\/wp-json\/wp\/v2\/product_tag?post=8680"}],"curies":[{"name":"wp","href":"https:\/\/api.w.org\/{rel}","templated":true}]}}