
{"id":8690,"date":"2020-09-26T19:43:07","date_gmt":"2020-09-26T19:43:07","guid":{"rendered":"https:\/\/acosgraf.com\/?post_type=product&#038;p=8690"},"modified":"2020-09-26T19:44:39","modified_gmt":"2020-09-26T19:44:39","slug":"uv-dryer-high-pile-1x-lamp-cross-over","status":"publish","type":"product","link":"https:\/\/acosgraf.com\/en\/product\/uv-dryer-high-pile-1x-lamp-cross-over\/","title":{"rendered":"UV DRYER HIGH PILE 1x Lamp + Cross Over"},"content":{"rendered":"\t\t<div data-elementor-type=\"product-post\" data-elementor-id=\"8690\" class=\"elementor elementor-8690\" data-elementor-post-type=\"product\">\n\t\t\t\t\t\t<section class=\"elementor-section elementor-top-section elementor-element elementor-element-5e90243c elementor-section-boxed elementor-section-height-default elementor-section-height-default\" data-id=\"5e90243c\" data-element_type=\"section\" data-e-type=\"section\">\n\t\t\t\t\t\t<div class=\"elementor-container elementor-column-gap-default\">\n\t\t\t\t\t<div class=\"elementor-column elementor-col-100 elementor-top-column elementor-element elementor-element-14c348f\" data-id=\"14c348f\" data-element_type=\"column\" data-e-type=\"column\">\n\t\t\t<div class=\"elementor-widget-wrap elementor-element-populated\">\n\t\t\t\t\t\t<div class=\"elementor-element elementor-element-377e6522 elementor-widget elementor-widget-text-editor\" data-id=\"377e6522\" data-element_type=\"widget\" data-e-type=\"widget\" data-widget_type=\"text-editor.default\">\n\t\t\t\t<div class=\"elementor-widget-container\">\n\t\t\t\t\t\t\t\t\t<ul>\n<li>Equipped with 1x high performance UV lamps;<\/li>\n<li>Electronic transformer for adjusting the UV lamp power from 20% to 100%;<\/li>\n<li>UV lamp cocoon closed below by quartz crystals to prevent heat from passing through the material;<\/li>\n<li>Cassette-type UV lamp system for easy assistance, lamp removal and cleaning;<\/li>\n<li>Anti-static Teflon mesh belt;<\/li>\n<li>Electronic belt speed variator;<\/li>\n<li>High performance fan for cooling the UV lamp;<\/li>\n<li>7-inch touch screen for UV lamp control with indicatores of service menus that includes several information to have a correct UV lamp operation;<\/li>\n<li>Digital indicator of actual belt speed for easy operator adjustment;<\/li>\n<li>Tabuleiro de v\u00e1cuo em toda a \u00e1rea do t\u00fanel UV;<\/li>\n<li>Vacuum to hold sheet down in the entire UV tunnel area;<\/li>\n<li>&#8220;CROSS OVER&#8221; at the tunnel entrance equipped with vacuum and up \/ down through pneumatic cylinders;<\/li>\n<\/ul>\n<table class=\"tbl-products\">\n<tbody>\n<tr>\n<th>UV DRYER 1x Lamp + Cross Over<\/th>\n<th style=\"text-align: center;\">Uni<\/th>\n<th>UVDR 1&#215;90 + Cross<\/th>\n<th>UVDR 1&#215;110 + Cross<\/th>\n<\/tr>\n<tr>\n<td>UV lamp lenght<\/td>\n<td style=\"text-align: center;\">Cm<\/td>\n<td style=\"text-align: center;\">90<\/td>\n<td style=\"text-align: center;\">110<\/td>\n<\/tr>\n<tr>\n<td>Maximum UV curing width<\/td>\n<td style=\"text-align: center;\">Cm<\/td>\n<td style=\"text-align: center;\">80<\/td>\n<td style=\"text-align: center;\">100<\/td>\n<\/tr>\n<tr>\n<td>Belt width<\/td>\n<td style=\"text-align: center;\">Cm<\/td>\n<td style=\"text-align: center;\">90<\/td>\n<td style=\"text-align: center;\">110<\/td>\n<\/tr>\n<tr>\n<td>Total power UV lamp power<\/td>\n<td style=\"text-align: center;\">kW<\/td>\n<td style=\"text-align: center;\">10,8<\/td>\n<td style=\"text-align: center;\">13,2<\/td>\n<\/tr>\n<tr>\n<td>CROSS OVER lenght<\/td>\n<td style=\"text-align: center;\">Cm<\/td>\n<td style=\"text-align: center;\">72<\/td>\n<td style=\"text-align: center;\">72<\/td>\n<\/tr>\n<tr>\n<td>Total power install<\/td>\n<td style=\"text-align: center;\">Kw<\/td>\n<td style=\"text-align: center;\">13<\/td>\n<td style=\"text-align: center;\">15<\/td>\n<\/tr>\n<tr>\n<td>Voltage<\/td>\n<td style=\"text-align: center;\">V<\/td>\n<td style=\"text-align: center;\">3x 400<\/td>\n<td style=\"text-align: center;\">3x 400<\/td>\n<\/tr>\n<\/tbody>\n<\/table>\t\t\t\t\t\t\t\t<\/div>\n\t\t\t\t<\/div>\n\t\t\t\t\t<\/div>\n\t\t<\/div>\n\t\t\t\t\t<\/div>\n\t\t<\/section>\n\t\t\t\t<\/div>\n\t\t","protected":false},"excerpt":{"rendered":"<p>The machine UVDRYER HIGH PILE 1xLAMP + CROSS OVER\u00a0 is a drying tunnel suitable to dry UV inks. The UVDRYER HIGH PILE 1xLAMP + CROSS OVER\u00a0 is equipped with one UV high performance UV lamps able to dry the hardest job printed with UV ink and has a special design with special height suitable to be in line with high pile printing machines. The LAMP UVDRYER HIGH PILE 1xLAMPS + CROSS OVER\u00a0 is fitted with CROSS OVER on the entry .<\/p>\n","protected":false},"featured_media":8692,"template":"","meta":[],"product_brand":[],"product_cat":[171,204],"product_tag":[],"class_list":{"0":"post-8690","1":"product","2":"type-product","3":"status-publish","4":"has-post-thumbnail","6":"product_cat-screen-printing","7":"product_cat-uv-drying","9":"first","10":"instock","11":"purchasable","12":"product-type-simple"},"_links":{"self":[{"href":"https:\/\/acosgraf.com\/en\/wp-json\/wp\/v2\/product\/8690","targetHints":{"allow":["GET"]}}],"collection":[{"href":"https:\/\/acosgraf.com\/en\/wp-json\/wp\/v2\/product"}],"about":[{"href":"https:\/\/acosgraf.com\/en\/wp-json\/wp\/v2\/types\/product"}],"version-history":[{"count":2,"href":"https:\/\/acosgraf.com\/en\/wp-json\/wp\/v2\/product\/8690\/revisions"}],"predecessor-version":[{"id":8696,"href":"https:\/\/acosgraf.com\/en\/wp-json\/wp\/v2\/product\/8690\/revisions\/8696"}],"wp:featuredmedia":[{"embeddable":true,"href":"https:\/\/acosgraf.com\/en\/wp-json\/wp\/v2\/media\/8692"}],"wp:attachment":[{"href":"https:\/\/acosgraf.com\/en\/wp-json\/wp\/v2\/media?parent=8690"}],"wp:term":[{"taxonomy":"product_brand","embeddable":true,"href":"https:\/\/acosgraf.com\/en\/wp-json\/wp\/v2\/product_brand?post=8690"},{"taxonomy":"product_cat","embeddable":true,"href":"https:\/\/acosgraf.com\/en\/wp-json\/wp\/v2\/product_cat?post=8690"},{"taxonomy":"product_tag","embeddable":true,"href":"https:\/\/acosgraf.com\/en\/wp-json\/wp\/v2\/product_tag?post=8690"}],"curies":[{"name":"wp","href":"https:\/\/api.w.org\/{rel}","templated":true}]}}