
{"id":9717,"date":"2021-05-11T07:52:44","date_gmt":"2021-05-11T07:52:44","guid":{"rendered":"https:\/\/acosgraf.com\/?post_type=product&#038;p=9717"},"modified":"2021-05-11T08:45:23","modified_gmt":"2021-05-11T08:45:23","slug":"infradryer-eco-tampo-2m_1m","status":"publish","type":"product","link":"https:\/\/acosgraf.com\/en\/produto\/infradryer-eco-tampo-2m_1m\/","title":{"rendered":"INFRADRYER ECO TAMPO 2M+1M"},"content":{"rendered":"<ul>\n<li>Tapete em malha revestido a Teflon;<\/li>\n<li>Variador electr\u00f3nico da velocidade do tapete;<\/li>\n<li>Ar for\u00e7ado com ventilador de elevado rendimento;<\/li>\n<li>3 Zonas de calor com possibilidade de escolha independente;<\/li>\n<li>Baterias de resist\u00eancias em cromo n\u00edquel;<\/li>\n<li>Controlador digital de temperatura;<\/li>\n<li>Chamin\u00e9 para exaust\u00e3o de fumos;<\/li>\n<li>Isolamento t\u00e9rmico em toda a \u00e1rea do t\u00fanel para elevado rendimento calorifico;<\/li>\n<li>Equipado com rodas para f\u00e1cil desloca\u00e7\u00e3o e movimenta\u00e7\u00e3o;<\/li>\n<li>Possibilidade de equipar t\u00fanel com camp\u00e2nula de recupera\u00e7\u00e3o de fumos na entrada e sa\u00edda da estufa.<\/li>\n<li>Possibilidade ter painel de controlo com modo de economiza\u00e7\u00e3o de energia.<\/li>\n<\/ul>\n<table class=\"tbl-products\">\n<tbody>\n<tr>\n<th>INFRADRYER ECO 2M<\/th>\n<th style=\"text-align: center;\">Uni<\/th>\n<th>IN ECO 20005<\/th>\n<th>IN ECO 20007<\/th>\n<th>IN ECO 20008<\/th>\n<th>IN ECO 20010<\/th>\n<th>IN ECO 20012<\/th>\n<\/tr>\n<tr>\n<td>\u00c1rea de calor<\/td>\n<td style=\"text-align: center;\">Cm<\/td>\n<td style=\"text-align: center;\">200&#215;50<\/td>\n<td style=\"text-align: center;\">200&#215;70<\/td>\n<td style=\"text-align: center;\">200&#215;80<\/td>\n<td style=\"text-align: center;\">200&#215;100<\/td>\n<td style=\"text-align: center;\">200&#215;120<\/td>\n<\/tr>\n<tr>\n<td>Velocidade do tapete<\/td>\n<td style=\"text-align: center;\">m\/min<\/td>\n<td style=\"text-align: center;\">34 a 180<\/td>\n<td style=\"text-align: center;\">34 a 180<\/td>\n<td style=\"text-align: center;\">34 a 180<\/td>\n<td style=\"text-align: center;\">34 a 180<\/td>\n<td style=\"text-align: center;\">34 a 180<\/td>\n<\/tr>\n<tr>\n<td>Largura do tapete<\/td>\n<td style=\"text-align: center;\">Cm<\/td>\n<td style=\"text-align: center;\">50<\/td>\n<td style=\"text-align: center;\">70<\/td>\n<td style=\"text-align: center;\">80<\/td>\n<td style=\"text-align: center;\">100<\/td>\n<td style=\"text-align: center;\">120<\/td>\n<\/tr>\n<tr>\n<td>Altura m\u00e1xima dos objetos a secar<\/td>\n<td style=\"text-align: center;\">Cm<\/td>\n<td style=\"text-align: center;\">13<\/td>\n<td style=\"text-align: center;\">13<\/td>\n<td style=\"text-align: center;\">13<\/td>\n<td style=\"text-align: center;\">13<\/td>\n<td style=\"text-align: center;\">13<\/td>\n<\/tr>\n<tr>\n<td>Pot\u00eancia instalada<\/td>\n<td style=\"text-align: center;\">kW<\/td>\n<td style=\"text-align: center;\">8<\/td>\n<td style=\"text-align: center;\">12,5<\/td>\n<td style=\"text-align: center;\">13,5<\/td>\n<td style=\"text-align: center;\">15,5<\/td>\n<td style=\"text-align: center;\"><\/td>\n<\/tr>\n<tr>\n<td>Temp. m\u00e1xima de funcionamento<\/td>\n<td style=\"text-align: center;\">C<\/td>\n<td style=\"text-align: center;\">180<\/td>\n<td style=\"text-align: center;\">180<\/td>\n<td style=\"text-align: center;\">200<\/td>\n<td style=\"text-align: center;\">200<\/td>\n<td style=\"text-align: center;\">200<\/td>\n<\/tr>\n<tr>\n<td>Comprimento exterior<\/td>\n<td style=\"text-align: center;\">Cm<\/td>\n<td style=\"text-align: center;\">310<\/td>\n<td style=\"text-align: center;\">310<\/td>\n<td style=\"text-align: center;\">310<\/td>\n<td style=\"text-align: center;\">310<\/td>\n<td style=\"text-align: center;\">310<\/td>\n<\/tr>\n<tr>\n<td>Largura exterior<\/td>\n<td style=\"text-align: center;\">Cm<\/td>\n<td style=\"text-align: center;\">82<\/td>\n<td style=\"text-align: center;\">102<\/td>\n<td style=\"text-align: center;\">112<\/td>\n<td style=\"text-align: center;\">132<\/td>\n<td style=\"text-align: center;\">152<\/td>\n<\/tr>\n<tr>\n<td>Altura exterior<\/td>\n<td style=\"text-align: center;\">Cm<\/td>\n<td style=\"text-align: center;\">150<\/td>\n<td style=\"text-align: center;\">150<\/td>\n<td style=\"text-align: center;\">150<\/td>\n<td style=\"text-align: center;\">150<\/td>\n<td style=\"text-align: center;\">150<\/td>\n<\/tr>\n<tr>\n<td>Peso<\/td>\n<td style=\"text-align: center;\">Kg<\/td>\n<td style=\"text-align: center;\">180<\/td>\n<td style=\"text-align: center;\">200<\/td>\n<td style=\"text-align: center;\">230<\/td>\n<td style=\"text-align: center;\">260<\/td>\n<td style=\"text-align: center;\"><\/td>\n<\/tr>\n<tr>\n<td>Voltagem<\/td>\n<td style=\"text-align: center;\">V<\/td>\n<td style=\"text-align: center;\">3&#215;400<\/td>\n<td style=\"text-align: center;\">3x 230 ou 3x 400<\/td>\n<td style=\"text-align: center;\">3x 230 ou 3x 400<\/td>\n<td style=\"text-align: center;\">3x 230 ou 3x 400<\/td>\n<td style=\"text-align: center;\">3&#215;230 or 3&#215;400<\/td>\n<\/tr>\n<\/tbody>\n<\/table>\n","protected":false},"excerpt":{"rendered":"<p>A m\u00e1quina INFRADRYER ECO \u00e9 um t\u00fanel de secagem ideal para a termofixa\u00e7\u00e3o de tintas: plastisol, base de \u00e1gua e outros. O INFRADRYER ECO est\u00e1 equipado com turbina de re circula\u00e7\u00e3o de ar quente dando a possibilidade de secar tintas base de \u00e1gua e outras.<\/p>\n<div class=\"btn_product\"><a class=\"btn_short_pdf elementor-align-justify elementor-button\" role=\"button\" href=\"https:\/\/acosgraf.com\/wp-content\/uploads\/2019\/10\/INFRADRYER-ECO-2M.pdf\"><i class=\"far fa-file-pdf\" aria-hidden=\"true\"><\/i> <span class=\"txt_btn_pdf\">DOWNLOAD PDF<\/span><\/a><\/div>\n","protected":false},"featured_media":9718,"template":"","meta":[],"product_cat":[113,104],"product_tag":[],"class_list":["post-9717","product","type-product","status-publish","has-post-thumbnail","hentry","product_cat-secagem-da-impressao","product_cat-tampografia"],"_links":{"self":[{"href":"https:\/\/acosgraf.com\/en\/wp-json\/wp\/v2\/product\/9717","targetHints":{"allow":["GET"]}}],"collection":[{"href":"https:\/\/acosgraf.com\/en\/wp-json\/wp\/v2\/product"}],"about":[{"href":"https:\/\/acosgraf.com\/en\/wp-json\/wp\/v2\/types\/product"}],"version-history":[{"count":1,"href":"https:\/\/acosgraf.com\/en\/wp-json\/wp\/v2\/product\/9717\/revisions"}],"predecessor-version":[{"id":9724,"href":"https:\/\/acosgraf.com\/en\/wp-json\/wp\/v2\/product\/9717\/revisions\/9724"}],"wp:featuredmedia":[{"embeddable":true,"href":"https:\/\/acosgraf.com\/en\/wp-json\/wp\/v2\/media\/9718"}],"wp:attachment":[{"href":"https:\/\/acosgraf.com\/en\/wp-json\/wp\/v2\/media?parent=9717"}],"wp:term":[{"taxonomy":"product_cat","embeddable":true,"href":"https:\/\/acosgraf.com\/en\/wp-json\/wp\/v2\/product_cat?post=9717"},{"taxonomy":"product_tag","embeddable":true,"href":"https:\/\/acosgraf.com\/en\/wp-json\/wp\/v2\/product_tag?post=9717"}],"curies":[{"name":"wp","href":"https:\/\/api.w.org\/{rel}","templated":true}]}}