
{"id":10375,"date":"2022-01-09T11:35:01","date_gmt":"2022-01-09T11:35:01","guid":{"rendered":"https:\/\/acosgraf.com\/?post_type=product&#038;p=10375"},"modified":"2022-04-05T18:30:01","modified_gmt":"2022-04-05T18:30:01","slug":"starprint-vision-startak","status":"publish","type":"product","link":"https:\/\/acosgraf.com\/fr\/produto\/starprint-vision-startak\/","title":{"rendered":"STAR PRINT VISION + STAR TAK"},"content":{"rendered":"\t\t<div data-elementor-type=\"product-post\" data-elementor-id=\"10375\" class=\"elementor elementor-10375\" data-elementor-post-type=\"product\">\n\t\t\t\t\t\t<section class=\"elementor-section elementor-top-section elementor-element elementor-element-3d518487 elementor-section-boxed elementor-section-height-default elementor-section-height-default\" data-id=\"3d518487\" data-element_type=\"section\" data-e-type=\"section\">\n\t\t\t\t\t\t<div class=\"elementor-container elementor-column-gap-default\">\n\t\t\t\t\t<div class=\"elementor-column elementor-col-100 elementor-top-column elementor-element elementor-element-15cad1fa\" data-id=\"15cad1fa\" data-element_type=\"column\" data-e-type=\"column\">\n\t\t\t<div class=\"elementor-widget-wrap elementor-element-populated\">\n\t\t\t\t\t\t<div class=\"elementor-element elementor-element-6dbcf183 elementor-widget elementor-widget-text-editor\" data-id=\"6dbcf183\" data-element_type=\"widget\" data-e-type=\"widget\" data-widget_type=\"text-editor.default\">\n\t\t\t\t<div class=\"elementor-widget-container\">\n\t\t\t\t\t\t\t\t\t<p><br data-mce-bogus=\"1\"><\/p>\n\t\t\t\t\t\t\t\t<\/div>\n\t\t\t\t<\/div>\n\t\t\t\t\t<\/div>\n\t\t<\/div>\n\t\t\t\t\t<\/div>\n\t\t<\/section>\n\t\t\t\t<\/div>\n\t\t","protected":false},"excerpt":{"rendered":"<p>La machine STARPRINT VISION + STAR TAK est une machine de s\u00e9rigraphie 3\/4 automatique. Elle permet d\u2019imprimer des supports plats de diff\u00e9rentes dimensions. La machine est \u00e9quip\u00e9e avec de photocellule laser pour faire la lecture automatique des marque de impression et faire le ajustement du plateaux 100% automatique. Ce mani\u00e8re de travaille permettre de avoir une registre 100% parfait.<\/p>\n","protected":false},"featured_media":10378,"template":"","meta":[],"product_cat":[188,172],"product_tag":[],"class_list":["post-10375","product","type-product","status-publish","has-post-thumbnail","hentry","product_cat-impressao-3-4-automatica-fr","product_cat-serigraphie"],"_links":{"self":[{"href":"https:\/\/acosgraf.com\/fr\/wp-json\/wp\/v2\/product\/10375","targetHints":{"allow":["GET"]}}],"collection":[{"href":"https:\/\/acosgraf.com\/fr\/wp-json\/wp\/v2\/product"}],"about":[{"href":"https:\/\/acosgraf.com\/fr\/wp-json\/wp\/v2\/types\/product"}],"version-history":[{"count":4,"href":"https:\/\/acosgraf.com\/fr\/wp-json\/wp\/v2\/product\/10375\/revisions"}],"predecessor-version":[{"id":10568,"href":"https:\/\/acosgraf.com\/fr\/wp-json\/wp\/v2\/product\/10375\/revisions\/10568"}],"wp:featuredmedia":[{"embeddable":true,"href":"https:\/\/acosgraf.com\/fr\/wp-json\/wp\/v2\/media\/10378"}],"wp:attachment":[{"href":"https:\/\/acosgraf.com\/fr\/wp-json\/wp\/v2\/media?parent=10375"}],"wp:term":[{"taxonomy":"product_cat","embeddable":true,"href":"https:\/\/acosgraf.com\/fr\/wp-json\/wp\/v2\/product_cat?post=10375"},{"taxonomy":"product_tag","embeddable":true,"href":"https:\/\/acosgraf.com\/fr\/wp-json\/wp\/v2\/product_tag?post=10375"}],"curies":[{"name":"wp","href":"https:\/\/api.w.org\/{rel}","templated":true}]}}