
{"id":10995,"date":"2023-01-12T09:00:05","date_gmt":"2023-01-12T09:00:06","guid":{"rendered":"https:\/\/acosgraf.com\/?post_type=product&#038;p=10995"},"modified":"2023-01-12T09:34:57","modified_gmt":"2023-01-12T09:34:57","slug":"tornado_mhm","status":"publish","type":"product","link":"https:\/\/acosgraf.com\/fr\/produto\/tornado_mhm\/","title":{"rendered":"TORNADO MHM"},"content":{"rendered":"\t\t<div data-elementor-type=\"product-post\" data-elementor-id=\"10995\" class=\"elementor elementor-10995\" data-elementor-post-type=\"product\">\n\t\t\t\t\t\t<section class=\"elementor-section elementor-top-section elementor-element elementor-element-2c35ea4d elementor-section-boxed elementor-section-height-default elementor-section-height-default\" data-id=\"2c35ea4d\" data-element_type=\"section\" data-e-type=\"section\">\n\t\t\t\t\t\t<div class=\"elementor-container elementor-column-gap-default\">\n\t\t\t\t\t<div class=\"elementor-column elementor-col-100 elementor-top-column elementor-element elementor-element-11dbc4f1\" data-id=\"11dbc4f1\" data-element_type=\"column\" data-e-type=\"column\">\n\t\t\t<div class=\"elementor-widget-wrap elementor-element-populated\">\n\t\t\t\t\t\t<div class=\"elementor-element elementor-element-74392456 elementor-widget elementor-widget-text-editor\" data-id=\"74392456\" data-element_type=\"widget\" data-e-type=\"widget\" data-widget_type=\"text-editor.default\">\n\t\t\t\t<div class=\"elementor-widget-container\">\n\t\t\t\t\t\t\t\t\t<ul><li>\u00c9rans tactile<br \/>Possibilit\u00e9 d&#8217;appliquer l&#8217;\u00e9mulsion sur les deux c\u00f4t\u00e9s du \u00e9crans de serigraphie dans 1 simple op\u00e9ration;<\/li><li>Possibilit\u00e9 d&#8217;enregistrer jusqu&#8217;\u00e0 10 types de programmes enti\u00e8rement personnalis\u00e9s ;<\/li><li>Racles d&#8217;\u00e9mulsion en profil\u00e9 d&#8217;aluminium pour une application parfaite de l&#8217;\u00e9mulsion ;<\/li><li>Tol\u00e9rance d&#8217;\u00e9paisseur d&#8217;\u00e9mulsion + \u2013 1 micron ;<\/li><li>Barre de r\u00e9glage du taille de l&#8217;\u00e9cran d\u00e9plac\u00e9e par un servomoteur;<\/li><li>Position de chargement de l&#8217;\u00e9mulsion et d&#8217;assemblage de racles d\u00b4\u00e9mulsion avec position sp\u00e9ciale et programable pour assurer le confort de l&#8217;op\u00e9rateur;<\/li><li>R\u00e9glage individuel de la pression de les deux coutais de \u00e9crans de serigraphie;<\/li><li>Possibilit\u00e9 d&#8217;appliquer la l&#8217;\u00e9mulsion sur n&#8217;importe quelle hauteur du cadre (hauteur programable) pour \u00e9conomiser l&#8217;\u00e9mulsion;<\/li><li>\u00c9quip\u00e9 de s\u00e9rie de la p\u00e9dale START\/STOP et de l&#8217;ouverture et de la fermeture du cadre;<\/li><li>Syst\u00e8me sp\u00e9cial de blocage de cadre de s\u00e9rigraphie qui accepte les pins specialles de MHM;<\/li><\/ul><table class=\"tbl-products\"><tbody><tr><th>TORNADO MHM<\/th><th style=\"text-align: center;\">Uni<\/th><th>T MHM 1010<\/th><th>T MHM 1210<\/th><th>T MHM 1515<\/th><\/tr><tr><td>Dimension ext\u00e9rieur maximum du cadre<\/td><td style=\"text-align: center;\">Cm<\/td><td style=\"text-align: center;\">100&#215;100<\/td><td style=\"text-align: center;\">120&#215;100<\/td><td style=\"text-align: center;\">150&#215;150<\/td><\/tr><tr><td>Puissance install\u00e9<\/td><td style=\"text-align: center;\">Kw<\/td><td style=\"text-align: center;\">1<\/td><td style=\"text-align: center;\">1<\/td><td style=\"text-align: center;\">1<\/td><\/tr><tr><td>Profondeur<\/td><td style=\"text-align: center;\">Cm<\/td><td style=\"text-align: center;\">62<\/td><td style=\"text-align: center;\">62<\/td><td style=\"text-align: center;\">62<\/td><\/tr><tr><td>Larguer<\/td><td style=\"text-align: center;\">Cm<\/td><td style=\"text-align: center;\">235<\/td><td style=\"text-align: center;\">235<\/td><td style=\"text-align: center;\">265<\/td><\/tr><tr><td>Hauteur<\/td><td style=\"text-align: center;\">Cm<\/td><td style=\"text-align: center;\">195<\/td><td style=\"text-align: center;\">215<\/td><td style=\"text-align: center;\">265<\/td><\/tr><tr><td>Poids<\/td><td style=\"text-align: center;\">Kg<\/td><td style=\"text-align: center;\">\u00a0<\/td><td style=\"text-align: center;\">350<\/td><td style=\"text-align: center;\">\u00a0<\/td><\/tr><tr><td>Voltage<\/td><td style=\"text-align: center;\">V<\/td><td style=\"text-align: center;\">230<\/td><td style=\"text-align: center;\">230<\/td><td style=\"text-align: center;\">230<\/td><\/tr><tr><td>Dimension de envoie (larg.*prof.*haut.)<\/td><td style=\"text-align: center;\">Cm<\/td><td style=\"text-align: center;\">\u00a0<\/td><td style=\"text-align: center;\">230*80*235<\/td><td style=\"text-align: center;\">\u00a0<\/td><\/tr><\/tbody><\/table>\t\t\t\t\t\t\t\t<\/div>\n\t\t\t\t<\/div>\n\t\t\t\t\t<\/div>\n\t\t<\/div>\n\t\t\t\t\t<\/div>\n\t\t<\/section>\n\t\t\t\t<\/div>\n\t\t","protected":false},"excerpt":{"rendered":"<p>Le TORNADO MHM ce une machine d\u2019enduction pour \u00e9cran de s\u00e9rigraphie assure d\u2019enduire les deux faces de l\u2019\u00e9cran simultan\u00e9ment automatique des \u00e9crans de s\u00e9rigraphie avec une \u00e9mulsion photosensible.<\/p>\n","protected":false},"featured_media":10998,"template":"","meta":[],"product_cat":[176,172],"product_tag":[],"class_list":["post-10995","product","type-product","status-publish","has-post-thumbnail","hentry","product_cat-aplicador-de-emulsao-automatico-fr","product_cat-serigraphie"],"_links":{"self":[{"href":"https:\/\/acosgraf.com\/fr\/wp-json\/wp\/v2\/product\/10995","targetHints":{"allow":["GET"]}}],"collection":[{"href":"https:\/\/acosgraf.com\/fr\/wp-json\/wp\/v2\/product"}],"about":[{"href":"https:\/\/acosgraf.com\/fr\/wp-json\/wp\/v2\/types\/product"}],"version-history":[{"count":5,"href":"https:\/\/acosgraf.com\/fr\/wp-json\/wp\/v2\/product\/10995\/revisions"}],"predecessor-version":[{"id":11024,"href":"https:\/\/acosgraf.com\/fr\/wp-json\/wp\/v2\/product\/10995\/revisions\/11024"}],"wp:featuredmedia":[{"embeddable":true,"href":"https:\/\/acosgraf.com\/fr\/wp-json\/wp\/v2\/media\/10998"}],"wp:attachment":[{"href":"https:\/\/acosgraf.com\/fr\/wp-json\/wp\/v2\/media?parent=10995"}],"wp:term":[{"taxonomy":"product_cat","embeddable":true,"href":"https:\/\/acosgraf.com\/fr\/wp-json\/wp\/v2\/product_cat?post=10995"},{"taxonomy":"product_tag","embeddable":true,"href":"https:\/\/acosgraf.com\/fr\/wp-json\/wp\/v2\/product_tag?post=10995"}],"curies":[{"name":"wp","href":"https:\/\/api.w.org\/{rel}","templated":true}]}}