
{"id":11093,"date":"2023-01-14T09:03:02","date_gmt":"2023-01-14T09:03:02","guid":{"rendered":"https:\/\/acosgraf.com\/?post_type=product&#038;p=11093"},"modified":"2023-07-18T11:09:00","modified_gmt":"2023-07-18T10:09:00","slug":"bacprint-auto-developing","status":"publish","type":"product","link":"https:\/\/acosgraf.com\/fr\/produto\/bacprint-auto-developing\/","title":{"rendered":"BACPRINT AUTO DEVELOPING"},"content":{"rendered":"\t\t<div data-elementor-type=\"product-post\" data-elementor-id=\"11093\" class=\"elementor elementor-11093\" data-elementor-post-type=\"product\">\n\t\t\t\t\t\t<section class=\"elementor-section elementor-top-section elementor-element elementor-element-360437a5 elementor-section-boxed elementor-section-height-default elementor-section-height-default\" data-id=\"360437a5\" data-element_type=\"section\" data-e-type=\"section\">\n\t\t\t\t\t\t<div class=\"elementor-container elementor-column-gap-default\">\n\t\t\t\t\t<div class=\"elementor-column elementor-col-100 elementor-top-column elementor-element elementor-element-65988d7a\" data-id=\"65988d7a\" data-element_type=\"column\" data-e-type=\"column\">\n\t\t\t<div class=\"elementor-widget-wrap elementor-element-populated\">\n\t\t\t\t\t\t<div class=\"elementor-element elementor-element-5f468858 elementor-widget elementor-widget-text-editor\" data-id=\"5f468858\" data-element_type=\"widget\" data-e-type=\"widget\" data-widget_type=\"text-editor.default\">\n\t\t\t\t<div class=\"elementor-widget-container\">\n\t\t\t\t\t\t\t\t\t<p><div style=\"width: 640px;\" class=\"wp-video\"><!--[if lt IE 9]><script>document.createElement('video');<\/script><![endif]-->\n<video class=\"wp-video-shortcode\" id=\"video-11093-1\" width=\"640\" height=\"288\" preload=\"metadata\" controls=\"controls\"><source type=\"video\/mp4\" src=\"https:\/\/acosgraf.com\/wp-content\/uploads\/2023\/07\/BACPRINT-AUTO-DEVELLOPING-install-in-Spain.mp4?_=1\" \/><a href=\"https:\/\/acosgraf.com\/wp-content\/uploads\/2023\/07\/BACPRINT-AUTO-DEVELLOPING-install-in-Spain.mp4\">https:\/\/acosgraf.com\/wp-content\/uploads\/2023\/07\/BACPRINT-AUTO-DEVELLOPING-install-in-Spain.mp4<\/a><\/video><\/div><\/p><p>\u2022 Enti\u00e8rement fabriqu\u00e9 en acier inoxydable ;<br \/>\u2022 Pompes haute pression contr\u00f4l\u00e9es par variateur\u00a0 \u00e9lectronique afin de controllais le valeur de pression ;<br \/>\u2022 Pompe \u00e0 haute pression avec buses sp\u00e9ciales pour obtenir un r\u00e9sultat optimal d&#8217;ouverture du \u00e9crans;<br \/>\u2022 \u00c9cran couleur tactile complet de 7 pouces;<br \/>\u2022 Possibilit\u00e9 d&#8217;enregistrer jusqu&#8217;\u00e0 10 programmes ;<br \/>\u2022 Installation d&#8217;un sol\u00e9no\u00efde d&#8217;eau propre pour que vous puissiez flasher l&#8217;\u00e9cran avec de l&#8217;eau douce au cas o\u00f9 vous en auriez besoin ;<br \/>\u2022 Possibilit\u00e9 de flasher l&#8217;eau ind\u00e9pendamment des deux c\u00f4t\u00e9s (avant ou arri\u00e8re) ;<br \/>\u2022 Filtre \u00e0 particules solides en sortie d&#8217;eau pour le traitement de l&#8217;eau (opticion) ;<br \/>\u2022 Configuration de programme 100 % possible (vous pouvez contr\u00f4ler le nombre de passages souhait\u00e9s \u00e0 partir du type d&#8217;eau dont vous avez besoin (recyclage de nettoyage) ; contr\u00f4ler les passages avant et arri\u00e8re ainsi que la pression appliqu\u00e9e au tamis) ;<br \/>\u2022 R\u00e9duisez la consommation d&#8217;eau jusqu&#8217;\u00e0 seulement 5 % de l&#8217;utilisation d&#8217;eau dans le d\u00e9veloppement de la s\u00e9rigraphie<br \/>\u2022 Porte avec guides coulissants pour faciliter le chargement ;<br \/>\u2022 Source lumineuse \u00e0 l&#8217;arri\u00e8re pour un contr\u00f4le facile depuis le processus d&#8217;\u00e9cran ;<\/p><table class=\"tbl-products\"><tbody><tr><th>BACPRINT AUTO DEVELOP<\/th><th style=\"text-align: center;\">Unit\u00e9s<\/th><th style=\"text-align: center;\">BP AUTO DEV 1515<\/th><\/tr><tr><td>Dimension ext\u00e9rieur maximum du cadre<\/td><td style=\"text-align: center;\">Cm<\/td><td style=\"text-align: center;\">150*150<\/td><\/tr><tr><td>Puissance install\u00e9<\/td><td style=\"text-align: center;\">Kw<\/td><td style=\"text-align: center;\">7<\/td><\/tr><tr><td>Larguer<\/td><td style=\"text-align: center;\">Cm<\/td><td style=\"text-align: center;\">275<\/td><\/tr><tr><td>Profondeur<\/td><td style=\"text-align: center;\">Cm<\/td><td style=\"text-align: center;\">85<\/td><\/tr><tr><td>Hauteur<\/td><td style=\"text-align: center;\">Cm<\/td><td style=\"text-align: center;\">232<\/td><\/tr><tr><td>Poids<\/td><td style=\"text-align: center;\">Kg<\/td><td style=\"text-align: center;\">650<\/td><\/tr><tr><td>Voltage<\/td><td style=\"text-align: center;\">V<\/td><td style=\"text-align: center;\">400<\/td><\/tr><tr><td>Shipping dimensions<\/td><td style=\"text-align: center;\">Cm<\/td><td style=\"text-align: center;\">310*100*250<\/td><\/tr><\/tbody><\/table>\t\t\t\t\t\t\t\t<\/div>\n\t\t\t\t<\/div>\n\t\t\t\t\t<\/div>\n\t\t<\/div>\n\t\t\t\t\t<\/div>\n\t\t<\/section>\n\t\t\t\t<\/div>\n\t\t","protected":false},"excerpt":{"rendered":"<p>La BACPRINT AUTO DEVELOPING est une machine automatique de d\u00e9veloppement de cadre de s\u00e9rigraphie. Le BACPRINT AUTO DEVELOPING est capable de d\u00e9velopper des cadres de s\u00e9rigraphie avec film capillaire ou de grandes couches d&#8217;\u00e9mulsion appliqu\u00e9es. Le BACPRINT AUTO DEVELOPING est \u00e9quip\u00e9 en standard d&#8217;une bo\u00eete \u00e0 lumi\u00e8re \u00e0 l&#8217;arri\u00e8re et d&#8217;une pompe \u00e0 haute pression pour obtenir un r\u00e9sultat parfait dans le d\u00e9veloppement des cadres.<\/p>\n","protected":false},"featured_media":11507,"template":"","meta":[],"product_cat":[280,172],"product_tag":[],"class_list":["post-11093","product","type-product","status-publish","has-post-thumbnail","hentry","product_cat-depouillage-automatique","product_cat-serigraphie"],"_links":{"self":[{"href":"https:\/\/acosgraf.com\/fr\/wp-json\/wp\/v2\/product\/11093","targetHints":{"allow":["GET"]}}],"collection":[{"href":"https:\/\/acosgraf.com\/fr\/wp-json\/wp\/v2\/product"}],"about":[{"href":"https:\/\/acosgraf.com\/fr\/wp-json\/wp\/v2\/types\/product"}],"version-history":[{"count":17,"href":"https:\/\/acosgraf.com\/fr\/wp-json\/wp\/v2\/product\/11093\/revisions"}],"predecessor-version":[{"id":11552,"href":"https:\/\/acosgraf.com\/fr\/wp-json\/wp\/v2\/product\/11093\/revisions\/11552"}],"wp:featuredmedia":[{"embeddable":true,"href":"https:\/\/acosgraf.com\/fr\/wp-json\/wp\/v2\/media\/11507"}],"wp:attachment":[{"href":"https:\/\/acosgraf.com\/fr\/wp-json\/wp\/v2\/media?parent=11093"}],"wp:term":[{"taxonomy":"product_cat","embeddable":true,"href":"https:\/\/acosgraf.com\/fr\/wp-json\/wp\/v2\/product_cat?post=11093"},{"taxonomy":"product_tag","embeddable":true,"href":"https:\/\/acosgraf.com\/fr\/wp-json\/wp\/v2\/product_tag?post=11093"}],"curies":[{"name":"wp","href":"https:\/\/api.w.org\/{rel}","templated":true}]}}