
{"id":1207,"date":"2019-10-15T14:04:34","date_gmt":"2019-10-15T14:04:34","guid":{"rendered":"https:\/\/acosgraf.com\/produto\/airdryer-25m\/"},"modified":"2021-12-30T15:24:51","modified_gmt":"2021-12-30T15:24:51","slug":"airdryer-250cm","status":"publish","type":"product","link":"https:\/\/acosgraf.com\/fr\/produto\/airdryer-250cm\/","title":{"rendered":"AIRDRYER 2,5M"},"content":{"rendered":"\t\t<div data-elementor-type=\"product-post\" data-elementor-id=\"1207\" class=\"elementor elementor-1207\" data-elementor-post-type=\"product\">\n\t\t\t\t\t\t<section class=\"elementor-section elementor-top-section elementor-element elementor-element-34a91f0b elementor-section-boxed elementor-section-height-default elementor-section-height-default\" data-id=\"34a91f0b\" data-element_type=\"section\" data-e-type=\"section\">\n\t\t\t\t\t\t<div class=\"elementor-container elementor-column-gap-default\">\n\t\t\t\t\t<div class=\"elementor-column elementor-col-100 elementor-top-column elementor-element elementor-element-10ebd832\" data-id=\"10ebd832\" data-element_type=\"column\" data-e-type=\"column\">\n\t\t\t<div class=\"elementor-widget-wrap elementor-element-populated\">\n\t\t\t\t\t\t<div class=\"elementor-element elementor-element-23ee083e elementor-widget elementor-widget-text-editor\" data-id=\"23ee083e\" data-element_type=\"widget\" data-e-type=\"widget\" data-widget_type=\"text-editor.default\">\n\t\t\t\t<div class=\"elementor-widget-container\">\n\t\t\t\t\t\t\t\t\t<ul><li>Tapete em malha revestido a Teflon;<\/li><li>Variador eletr\u00f3nico da velocidade do tapete;<\/li><li>Ar for\u00e7ado com ventilador de elevado rendimento;<\/li><li>Baterias de resist\u00eancias em cromo n\u00edquel;<\/li><li>Controlador digital de temperatura;<\/li><li>Chamin\u00e9 para exaust\u00e3o de fumos;<\/li><li>Isolamento t\u00e9rmico em toda a \u00e1rea do t\u00fanel para elevado rendimento calorifico;<\/li><li>Equipado com rodas para f\u00e1cil desloca\u00e7\u00e3o e movimenta\u00e7\u00e3o;<\/li><li>Possibilidade de equipar t\u00fanel com camp\u00e2nula de recupera\u00e7\u00e3o de fumos na entrada e sa\u00edda da estufa.<br \/>Possibilidade ter painel de controlo com modo de economiza\u00e7\u00e3o de energia.<\/li><\/ul><table class=\"tbl-products\"><tbody><tr><th>AIRDRYER 2,5M<\/th><th style=\"text-align: center;\">Uni<\/th><th>IN 25007<\/th><th>IN 25008<\/th><th>IN 25010<\/th><th>IN 25012<\/th><\/tr><tr><td>\u00c1rea de calor<\/td><td style=\"text-align: center;\">Cm<\/td><td style=\"text-align: center;\">250&#215;70<\/td><td style=\"text-align: center;\">250&#215;80<\/td><td style=\"text-align: center;\">250&#215;100<\/td><td style=\"text-align: center;\">250&#215;120<\/td><\/tr><tr><td>Velocidade do tapete<\/td><td style=\"text-align: center;\">m\/min<\/td><td style=\"text-align: center;\">60 &#8211; 180<\/td><td style=\"text-align: center;\">60 &#8211; 180<\/td><td style=\"text-align: center;\">50 &#8211; 180<\/td><td style=\"text-align: center;\">60 &#8211; 180<\/td><\/tr><tr><td>Largura do tapete<\/td><td style=\"text-align: center;\">Cm<\/td><td style=\"text-align: center;\">70<\/td><td style=\"text-align: center;\">80<\/td><td style=\"text-align: center;\">100<\/td><td style=\"text-align: center;\">120<\/td><\/tr><tr><td>Altura m\u00e1xima dos objetos a secar<\/td><td style=\"text-align: center;\">Cm<\/td><td style=\"text-align: center;\">13<\/td><td style=\"text-align: center;\">13<\/td><td style=\"text-align: center;\">13<\/td><td style=\"text-align: center;\">13<\/td><\/tr><tr><td>Pot\u00eancia instalada<\/td><td style=\"text-align: center;\">kW<\/td><td style=\"text-align: center;\">16,5<\/td><td style=\"text-align: center;\">19,5<\/td><td style=\"text-align: center;\">25,5<\/td><td style=\"text-align: center;\">29<\/td><\/tr><tr><td>Temp. m\u00e1xima de funcionamento<\/td><td style=\"text-align: center;\">C<\/td><td style=\"text-align: center;\">180<\/td><td style=\"text-align: center;\">180<\/td><td style=\"text-align: center;\">180<\/td><td style=\"text-align: center;\">180<\/td><\/tr><tr><td>Comprimento exterior<\/td><td style=\"text-align: center;\">Cm<\/td><td style=\"text-align: center;\">405<\/td><td style=\"text-align: center;\">405<\/td><td style=\"text-align: center;\">405<\/td><td style=\"text-align: center;\">405<\/td><\/tr><tr><td>Largura exterior<\/td><td style=\"text-align: center;\">Cm<\/td><td style=\"text-align: center;\">115<\/td><td style=\"text-align: center;\">125<\/td><td style=\"text-align: center;\">145<\/td><td style=\"text-align: center;\">165<\/td><\/tr><tr><td>Altura exterior<\/td><td style=\"text-align: center;\">Cm<\/td><td style=\"text-align: center;\">130<\/td><td style=\"text-align: center;\">130<\/td><td style=\"text-align: center;\">130<\/td><td style=\"text-align: center;\">130<\/td><\/tr><tr><td>Peso l\u00edquido<\/td><td style=\"text-align: center;\">Kg<\/td><td style=\"text-align: center;\">\u00a0<\/td><td style=\"text-align: center;\">\u00a0<\/td><td style=\"text-align: center;\">\u00a0<\/td><td style=\"text-align: center;\">1100<\/td><\/tr><tr><td>Voltagem<\/td><td style=\"text-align: center;\">V<\/td><td style=\"text-align: center;\">3&#215;400<\/td><td style=\"text-align: center;\">3&#215;400<\/td><td style=\"text-align: center;\">3&#215;400<\/td><td style=\"text-align: center;\">3&#215;400<\/td><\/tr><\/tbody><\/table>\t\t\t\t\t\t\t\t<\/div>\n\t\t\t\t<\/div>\n\t\t\t\t\t<\/div>\n\t\t<\/div>\n\t\t\t\t\t<\/div>\n\t\t<\/section>\n\t\t\t\t<\/div>\n\t\t","protected":false},"excerpt":{"rendered":"<p>A m\u00e1quina AIRDRYER \u00e9 um t\u00fanel de secagem ideal para a termofixa\u00e7\u00e3o de tintas: DTG, plastisol, base de \u00e1gua e outros.\u00a0 O AIRDRYER est\u00e1 equipado com turbina de recircula\u00e7\u00e3o de ar quente dando a possibilidade de secar tintas base de \u00e1gua, DTG e outras.<\/p>\n","protected":false},"featured_media":950,"template":"","meta":[],"product_cat":[73,79],"product_tag":[],"class_list":["post-1207","product","type-product","status-publish","has-post-thumbnail","hentry","product_cat-serigrafia-textil","product_cat-termofixacao-da-impressao"],"_links":{"self":[{"href":"https:\/\/acosgraf.com\/fr\/wp-json\/wp\/v2\/product\/1207","targetHints":{"allow":["GET"]}}],"collection":[{"href":"https:\/\/acosgraf.com\/fr\/wp-json\/wp\/v2\/product"}],"about":[{"href":"https:\/\/acosgraf.com\/fr\/wp-json\/wp\/v2\/types\/product"}],"version-history":[{"count":5,"href":"https:\/\/acosgraf.com\/fr\/wp-json\/wp\/v2\/product\/1207\/revisions"}],"predecessor-version":[{"id":10340,"href":"https:\/\/acosgraf.com\/fr\/wp-json\/wp\/v2\/product\/1207\/revisions\/10340"}],"wp:featuredmedia":[{"embeddable":true,"href":"https:\/\/acosgraf.com\/fr\/wp-json\/wp\/v2\/media\/950"}],"wp:attachment":[{"href":"https:\/\/acosgraf.com\/fr\/wp-json\/wp\/v2\/media?parent=1207"}],"wp:term":[{"taxonomy":"product_cat","embeddable":true,"href":"https:\/\/acosgraf.com\/fr\/wp-json\/wp\/v2\/product_cat?post=1207"},{"taxonomy":"product_tag","embeddable":true,"href":"https:\/\/acosgraf.com\/fr\/wp-json\/wp\/v2\/product_tag?post=1207"}],"curies":[{"name":"wp","href":"https:\/\/api.w.org\/{rel}","templated":true}]}}