
{"id":12706,"date":"2024-11-24T11:40:55","date_gmt":"2024-11-24T11:40:55","guid":{"rendered":"https:\/\/acosgraf.com\/?post_type=product&#038;p=12706"},"modified":"2024-11-24T12:04:40","modified_gmt":"2024-11-24T12:04:40","slug":"galaxy-columbia-6-3","status":"publish","type":"product","link":"https:\/\/acosgraf.com\/fr\/produto\/galaxy-columbia-6-3\/","title":{"rendered":"GALAXY COLUMBIA 6-3"},"content":{"rendered":"\t\t<div data-elementor-type=\"product-post\" data-elementor-id=\"12706\" class=\"elementor elementor-12706\" data-elementor-post-type=\"product\">\n\t\t\t\t\t\t<section class=\"elementor-section elementor-top-section elementor-element elementor-element-656121ae elementor-section-boxed elementor-section-height-default elementor-section-height-default\" data-id=\"656121ae\" data-element_type=\"section\" data-e-type=\"section\">\n\t\t\t\t\t\t<div class=\"elementor-container elementor-column-gap-default\">\n\t\t\t\t\t<div class=\"elementor-column elementor-col-100 elementor-top-column elementor-element elementor-element-55107287\" data-id=\"55107287\" data-element_type=\"column\" data-e-type=\"column\">\n\t\t\t<div class=\"elementor-widget-wrap elementor-element-populated\">\n\t\t\t\t\t\t<div class=\"elementor-element elementor-element-3a848b51 elementor-widget elementor-widget-text-editor\" data-id=\"3a848b51\" data-element_type=\"widget\" data-e-type=\"widget\" data-widget_type=\"text-editor.default\">\n\t\t\t\t<div class=\"elementor-widget-container\">\n\t\t\t\t\t\t\t\t\t<ul><li>Controlo individual de temperatura nas 3 cabe\u00e7as de transfer;<\/li><li>Tempo de prensagem individual nas tr\u00eas cabe\u00e7as de transfer;<\/li><li>Press\u00e3o individual nas tr\u00eas cabe\u00e7as de transfer;<\/li><li>Consola com display em Portugu\u00eas;<\/li><li>Rota\u00e7\u00e3o das paletes em ambas as dire\u00e7\u00f5es<\/li><li>3 Modos de trabalho: manual, semi autom\u00e1tico ou autom\u00e1tico;<\/li><li>Bot\u00e3o de paragem de emerg\u00eancia em cada cabe\u00e7a de transfer;<\/li><li>3 Cabe\u00e7as de transfer com tamanhos 50 x 40 cm com folha de teflon amov\u00edvel;<\/li><li>Bases de transfer com borracha de silicone com 10 mm de espessura;<\/li><li>Possibilidade de trocar o prato inferior por tamanhos diversos;<\/li><li>Fotoc\u00e9lulas de seguran\u00e7a nas cabe\u00e7as de transfer para seguran\u00e7a do operador;<\/li><li>Possibilidade de mover o prato em meio \u00edndex para limpeza do prato de transfer<\/li><\/ul><table class=\"tbl-products\"><tbody><tr><th>GALAXY COLUMBIA<\/th><th style=\"text-align: center;\">Uni<\/th><th>COL 6-3<\/th><\/tr><tr><td>Numero de pratos de transfer<\/td><td style=\"text-align: center;\">\u00a0<\/td><td style=\"text-align: center;\">6<\/td><\/tr><tr><td>Numero de cabe\u00e7as de transfer<\/td><td style=\"text-align: center;\">\u00a0<\/td><td style=\"text-align: center;\">3<\/td><\/tr><tr><td>Press\u00e3o m\u00e1xima de prensagem<\/td><td style=\"text-align: center;\">Kg<\/td><td style=\"text-align: center;\">2490<\/td><\/tr><tr><td>Dimens\u00f5es do prato de transfer<\/td><td style=\"text-align: center;\">cm<\/td><td style=\"text-align: center;\">50&#215;40<\/td><\/tr><tr><td>Temp. m\u00e1xima de funcionamento<\/td><td style=\"text-align: center;\">C<\/td><td style=\"text-align: center;\">220<\/td><\/tr><tr><td>Potencia instalada<\/td><td style=\"text-align: center;\">Kw<\/td><td style=\"text-align: center;\">8<\/td><\/tr><tr><td>Di\u00e2metro<\/td><td style=\"text-align: center;\">Cm<\/td><td style=\"text-align: center;\">220<\/td><\/tr><tr><td>Peso<\/td><td style=\"text-align: center;\">Kg<\/td><td style=\"text-align: center;\">800<\/td><\/tr><tr><td>Voltagem<\/td><td style=\"text-align: center;\">V<\/td><td style=\"text-align: center;\">3x 400<\/td><\/tr><tr><td>Dimens\u00f5es de envio (larg*prof*alt.)<\/td><td style=\"text-align: center;\">Cm<\/td><td style=\"text-align: center;\">235*160*196<\/td><td style=\"text-align: center;\">\u00a0<\/td><\/tr><\/tbody><\/table>\t\t\t\t\t\t\t\t<\/div>\n\t\t\t\t<\/div>\n\t\t\t\t\t<\/div>\n\t\t<\/div>\n\t\t\t\t\t<\/div>\n\t\t<\/section>\n\t\t\t\t<\/div>\n\t\t","protected":false},"excerpt":{"rendered":"<p>A COLUMBIA TRANSFER 6-3 \u00e9 uma prensa de transfer autom\u00e1tica equipada com rota\u00e7\u00e3o por servo motor dos pratos de transfer. A COLUMBIA TRANSFER 6-3 v\u00eam equipada com 3 cabe\u00e7as de transfer que s\u00e3o completamente independentes.<\/p>\n","protected":false},"featured_media":12714,"template":"","meta":[],"product_cat":[87,83],"product_tag":[],"class_list":["post-12706","product","type-product","status-publish","has-post-thumbnail","hentry","product_cat-automatica","product_cat-transfer"],"_links":{"self":[{"href":"https:\/\/acosgraf.com\/fr\/wp-json\/wp\/v2\/product\/12706","targetHints":{"allow":["GET"]}}],"collection":[{"href":"https:\/\/acosgraf.com\/fr\/wp-json\/wp\/v2\/product"}],"about":[{"href":"https:\/\/acosgraf.com\/fr\/wp-json\/wp\/v2\/types\/product"}],"version-history":[{"count":5,"href":"https:\/\/acosgraf.com\/fr\/wp-json\/wp\/v2\/product\/12706\/revisions"}],"predecessor-version":[{"id":12722,"href":"https:\/\/acosgraf.com\/fr\/wp-json\/wp\/v2\/product\/12706\/revisions\/12722"}],"wp:featuredmedia":[{"embeddable":true,"href":"https:\/\/acosgraf.com\/fr\/wp-json\/wp\/v2\/media\/12714"}],"wp:attachment":[{"href":"https:\/\/acosgraf.com\/fr\/wp-json\/wp\/v2\/media?parent=12706"}],"wp:term":[{"taxonomy":"product_cat","embeddable":true,"href":"https:\/\/acosgraf.com\/fr\/wp-json\/wp\/v2\/product_cat?post=12706"},{"taxonomy":"product_tag","embeddable":true,"href":"https:\/\/acosgraf.com\/fr\/wp-json\/wp\/v2\/product_tag?post=12706"}],"curies":[{"name":"wp","href":"https:\/\/api.w.org\/{rel}","templated":true}]}}