
{"id":3154,"date":"2019-10-15T14:04:23","date_gmt":"2019-10-15T14:04:23","guid":{"rendered":"https:\/\/acosgraf.com\/produto\/bacprint-auto-textile\/"},"modified":"2021-04-17T11:15:35","modified_gmt":"2021-04-17T11:15:35","slug":"bacprint-auto-textile","status":"publish","type":"product","link":"https:\/\/acosgraf.com\/fr\/produto\/bacprint-auto-textile\/","title":{"rendered":"BACPRINT AUTO TEXTILE"},"content":{"rendered":"\t\t<div data-elementor-type=\"product-post\" data-elementor-id=\"3154\" class=\"elementor elementor-3154\" data-elementor-post-type=\"product\">\n\t\t\t\t\t\t<section class=\"elementor-section elementor-top-section elementor-element elementor-element-360437a5 elementor-section-boxed elementor-section-height-default elementor-section-height-default\" data-id=\"360437a5\" data-element_type=\"section\" data-e-type=\"section\">\n\t\t\t\t\t\t<div class=\"elementor-container elementor-column-gap-default\">\n\t\t\t\t\t<div class=\"elementor-column elementor-col-100 elementor-top-column elementor-element elementor-element-65988d7a\" data-id=\"65988d7a\" data-element_type=\"column\" data-e-type=\"column\">\n\t\t\t<div class=\"elementor-widget-wrap elementor-element-populated\">\n\t\t\t\t\t\t<div class=\"elementor-element elementor-element-5f468858 elementor-widget elementor-widget-text-editor\" data-id=\"5f468858\" data-element_type=\"widget\" data-e-type=\"widget\" data-widget_type=\"text-editor.default\">\n\t\t\t\t<div class=\"elementor-widget-container\">\n\t\t\t\t\t\t\t\t\t<ul><li style=\"list-style-type: none;\"><ul><li>100% fait en acier inoxydable de haute qualit\u00e9 ;<\/li><li>Nettoyage et d\u00e9capage de \u00e9crans dans une seule cicle;<\/li><li>Pompe \u00e9lectrique de haute pression pour donnais une r\u00e9sultait parfait de nettoyage et d\u00e9capage de les \u00e9crans;<\/li><li>\u00c9cran tactile avec toutes les fonctions de r\u00e9glage qui comprend: pr\u00e9 sauvegarder des programmes; r\u00e9glage de la vitesse; compteurs de cycles annuels, etc.;<\/li><li>Capable de nettoyer et enlever les \u00e9mulsions utilis\u00e9s avec des encres \u00e0 base d&#8217;eau, encres plastisol, encres UV et encres solvants;<\/li><li>Capable de nettoy\u00e9 de racles et contre racles avec la installation de une support sp\u00e9ciale;<\/li><li>Coute de nettoyage 100% exact sans avoir de coute cache;<\/li><li>Pas besoin de montage sp\u00e9ciale pour mettre en travaille imm\u00e9diat la machine;<\/li><\/ul><\/li><\/ul><table class=\"tbl-products\"><tbody><tr><th>BACPRINT AUTO TEXTILE<\/th><th style=\"text-align: center;\">Unit\u00e9s<\/th><th style=\"text-align: center;\">Uni<\/th><\/tr><tr><td>Dimension ext\u00e9rieur maximum du cadre<\/td><td style=\"text-align: center;\">Cm<\/td><td style=\"text-align: center;\">100*130<\/td><\/tr><tr><td>Temps de nettoyage\u00a0<\/td><td style=\"text-align: center;\">Minutes<\/td><td style=\"text-align: center;\">5 \u00e0 15<\/td><\/tr><tr><td>Puissance install\u00e9<\/td><td style=\"text-align: center;\">Kw<\/td><td style=\"text-align: center;\">8<\/td><\/tr><tr><td>Larguer<\/td><td style=\"text-align: center;\">Cm<\/td><td style=\"text-align: center;\">365<\/td><\/tr><tr><td>Profondeur<\/td><td style=\"text-align: center;\">Cm<\/td><td style=\"text-align: center;\">80<\/td><\/tr><tr><td>Hauteur<\/td><td style=\"text-align: center;\">Cm<\/td><td style=\"text-align: center;\">190<\/td><\/tr><tr><td>Poids<\/td><td style=\"text-align: center;\">Kg<\/td><td style=\"text-align: center;\">700<\/td><\/tr><tr><td>Voltage<\/td><td style=\"text-align: center;\">V<\/td><td style=\"text-align: center;\">400<\/td><\/tr><\/tbody><\/table>\t\t\t\t\t\t\t\t<\/div>\n\t\t\t\t<\/div>\n\t\t\t\t\t<\/div>\n\t\t<\/div>\n\t\t\t\t\t<\/div>\n\t\t<\/section>\n\t\t\t\t<\/div>\n\t\t","protected":false},"excerpt":{"rendered":"<p>Le BACPRINT AUTO TEXTILE est une machine semi-automatique de nettoyer et d\u00e9gravais les \u00e9crans de s\u00e9rigraphie. Le BACPRINT AUTO TEXTILE vient \u00e9quipais de s\u00e9rie avec un d\u00e9posit interne avec une capacit\u00e9 de 300 litres.\u00a0 Le BACPRINT AUTO TEXTILE utilise les produits chemiques en circuite fermais pour avoir une \u00e9conomisation de coute de nettoyage. Le BACPRINT AUTO TEXTILE est capable de nettoy\u00e9 et d\u00e9gravais les \u00e9crans que utilise de encres plastisol; base de eau et solvants.<\/p>\n","protected":false},"featured_media":9606,"template":"","meta":[],"product_cat":[268,172],"product_tag":[],"class_list":["post-3154","product","type-product","status-publish","has-post-thumbnail","hentry","product_cat-nettoyage-et-decapage-de-ecrans-de-serigraphie-en-automatique","product_cat-serigraphie"],"_links":{"self":[{"href":"https:\/\/acosgraf.com\/fr\/wp-json\/wp\/v2\/product\/3154","targetHints":{"allow":["GET"]}}],"collection":[{"href":"https:\/\/acosgraf.com\/fr\/wp-json\/wp\/v2\/product"}],"about":[{"href":"https:\/\/acosgraf.com\/fr\/wp-json\/wp\/v2\/types\/product"}],"version-history":[{"count":5,"href":"https:\/\/acosgraf.com\/fr\/wp-json\/wp\/v2\/product\/3154\/revisions"}],"predecessor-version":[{"id":9614,"href":"https:\/\/acosgraf.com\/fr\/wp-json\/wp\/v2\/product\/3154\/revisions\/9614"}],"wp:featuredmedia":[{"embeddable":true,"href":"https:\/\/acosgraf.com\/fr\/wp-json\/wp\/v2\/media\/9606"}],"wp:attachment":[{"href":"https:\/\/acosgraf.com\/fr\/wp-json\/wp\/v2\/media?parent=3154"}],"wp:term":[{"taxonomy":"product_cat","embeddable":true,"href":"https:\/\/acosgraf.com\/fr\/wp-json\/wp\/v2\/product_cat?post=3154"},{"taxonomy":"product_tag","embeddable":true,"href":"https:\/\/acosgraf.com\/fr\/wp-json\/wp\/v2\/product_tag?post=3154"}],"curies":[{"name":"wp","href":"https:\/\/api.w.org\/{rel}","templated":true}]}}