
{"id":3164,"date":"2019-10-15T14:04:23","date_gmt":"2019-10-15T14:04:23","guid":{"rendered":"https:\/\/acosgraf.com\/produto\/texwork-vacuum\/"},"modified":"2019-10-17T09:07:53","modified_gmt":"2019-10-17T09:07:53","slug":"texwork-vacuum","status":"publish","type":"product","link":"https:\/\/acosgraf.com\/fr\/produto\/texwork-vacuum\/","title":{"rendered":"TEXWORK VACUUM"},"content":{"rendered":"<ul>\n<li>Paletes e quadros rotativos separadamente;<\/li>\n<li>Facilidade de acertos;<\/li>\n<li>Possibilidade de imprimir com v\u00e1rios formatos de&nbsp; quadros;<\/li>\n<li>Paletes com possibilidade de ajuste;<\/li>\n<li>F\u00e1cil montagem de paletes e quadros;<\/li>\n<li>Fixa\u00e7\u00e3o dos quadros no topo inferior com ajuste;<\/li>\n<li>S\u00f3lida constru\u00e7\u00e3o met\u00e1lica;<\/li>\n<li>Inclina\u00e7\u00e3o do quadro;<\/li>\n<li>Adaptador para impress\u00e3o bon\u00e9s, blus\u00f5es, mangas, guarda chuvas (opcional).<\/li>\n<\/ul>\n<table class=\"tbl-products\">\n<tbody>\n<tr>\n<th>TEXWORK VACUUM<\/th>\n<th style=\"text-align:center;\">Uni<\/th>\n<th>TW VAC 4\/4<\/th>\n<\/tr>\n<tr>\n<td>Numero de cores<\/td>\n<td style=\"text-align:center;\"><\/td>\n<td style=\"text-align:center;\">4<\/td>\n<\/tr>\n<tr>\n<td>Numero de paletes<\/td>\n<td style=\"text-align:center;\"><\/td>\n<td style=\"text-align:center;\">4<\/td>\n<\/tr>\n<tr>\n<td>Formato m\u00e1ximo do quadro<\/td>\n<td style=\"text-align:center;\">Cm<\/td>\n<td style=\"text-align:center;\">46&#215;75<\/td>\n<\/tr>\n<tr>\n<td>Tam. min. quadro pin\u00e7a lat. (Larg* Prof)<\/td>\n<td style=\"text-align:center;\">cm<\/td>\n<td style=\"text-align:center;\">35&#215;70<\/td>\n<\/tr>\n<tr>\n<td>Di\u00e2metro carrossel<\/td>\n<td style=\"text-align:center;\">Cm<\/td>\n<td style=\"text-align:center;\">235<\/td>\n<\/tr>\n<tr>\n<td>Altura da plataforma de trabalho<\/td>\n<td style=\"text-align:center;\">cm<\/td>\n<td style=\"text-align:center;\">90<\/td>\n<\/tr>\n<tr>\n<td>Peso liquido<\/td>\n<td style=\"text-align:center;\">Kg<\/td>\n<td style=\"text-align:center;\">250<\/td>\n<\/tr>\n<\/tbody>\n<\/table>\n","protected":false},"excerpt":{"rendered":"<p>O TEXWORK VACUUM \u00e9 carrossel de impress\u00e3o t\u00eaxtil que t\u00eam a capacidade de ser equipada com tabuleiros de v\u00e1cuo individuais. O TEXWORK VACUUM foi idealizado para a impress\u00e3o manual de transferes a multi cor e pode ser equipado com os acessorios normais para a impress\u00e3o de t-shirts, bon\u00e9s, guarda chuvas, casacos e outros.<\/p>\n<div class=\"btn_product\"><a class=\"btn_short_pdf elementor-align-justify elementor-button\" role=\"button\" href=\"https:\/\/acosgraf.com\/wp-content\/uploads\/2019\/10\/TEXWORK-VACUUM.pdf\"><i class=\"far fa-file-pdf\" aria-hidden=\"true\"><\/i> <span class=\"txt_btn_pdf\">T\u00c9L\u00c9CHARGER LE PDF<\/span><\/a><\/div>\n","protected":false},"featured_media":3165,"template":"","meta":[],"product_cat":[218,210],"product_tag":[],"class_list":["post-3164","product","type-product","status-publish","has-post-thumbnail","hentry","product_cat-impression-textile","product_cat-serigraphie-textile"],"_links":{"self":[{"href":"https:\/\/acosgraf.com\/fr\/wp-json\/wp\/v2\/product\/3164","targetHints":{"allow":["GET"]}}],"collection":[{"href":"https:\/\/acosgraf.com\/fr\/wp-json\/wp\/v2\/product"}],"about":[{"href":"https:\/\/acosgraf.com\/fr\/wp-json\/wp\/v2\/types\/product"}],"version-history":[{"count":2,"href":"https:\/\/acosgraf.com\/fr\/wp-json\/wp\/v2\/product\/3164\/revisions"}],"predecessor-version":[{"id":3170,"href":"https:\/\/acosgraf.com\/fr\/wp-json\/wp\/v2\/product\/3164\/revisions\/3170"}],"wp:featuredmedia":[{"embeddable":true,"href":"https:\/\/acosgraf.com\/fr\/wp-json\/wp\/v2\/media\/3165"}],"wp:attachment":[{"href":"https:\/\/acosgraf.com\/fr\/wp-json\/wp\/v2\/media?parent=3164"}],"wp:term":[{"taxonomy":"product_cat","embeddable":true,"href":"https:\/\/acosgraf.com\/fr\/wp-json\/wp\/v2\/product_cat?post=3164"},{"taxonomy":"product_tag","embeddable":true,"href":"https:\/\/acosgraf.com\/fr\/wp-json\/wp\/v2\/product_tag?post=3164"}],"curies":[{"name":"wp","href":"https:\/\/api.w.org\/{rel}","templated":true}]}}