
{"id":3174,"date":"2019-10-15T14:04:23","date_gmt":"2019-10-15T14:04:23","guid":{"rendered":"https:\/\/acosgraf.com\/produto\/texwork-double\/"},"modified":"2019-10-17T09:11:57","modified_gmt":"2019-10-17T09:11:57","slug":"texwork-double","status":"publish","type":"product","link":"https:\/\/acosgraf.com\/fr\/produto\/texwork-double\/","title":{"rendered":"TEXWORK DOUBLE"},"content":{"rendered":"<table class=\"tbl-products\">\n<tbody>\n<tr>\n<th>TEXWORK DOUBLE<\/th>\n<th style=\"text-align:center;\">Unidades<\/th>\n<th>TW D 10\/4<\/th>\n<th>TW D 10\/6<\/th>\n<\/tr>\n<tr>\n<td>Numero de cores<\/td>\n<td style=\"text-align:center;\"><\/td>\n<td style=\"text-align:center;\">10<\/td>\n<td style=\"text-align:center;\">10<\/td>\n<\/tr>\n<tr>\n<td>Press\u00e3o m\u00e1xima de ar comprimido<\/td>\n<td style=\"text-align:center;\">Bar<\/td>\n<td style=\"text-align:center;\">4<\/td>\n<td style=\"text-align:center;\">6<\/td>\n<\/tr>\n<tr>\n<td>Dimension ext\u00e9rieur maximum du cadre<\/td>\n<td style=\"text-align:center;\">cm<\/td>\n<td style=\"text-align:center;\">46&#215;75<\/td>\n<td style=\"text-align:center;\">46&#215;75<\/td>\n<\/tr>\n<tr>\n<td>Formato minimo do quadro quando se usa pin\u00e7a lateral<\/td>\n<td style=\"text-align:center;\">cm<\/td>\n<td style=\"text-align:center;\">35&#215;70<\/td>\n<td style=\"text-align:center;\">35&#215;70<\/td>\n<\/tr>\n<tr>\n<td>Altura<\/td>\n<td style=\"text-align:center;\">cm<\/td>\n<td style=\"text-align:center;\">160<\/td>\n<td style=\"text-align:center;\">160<\/td>\n<\/tr>\n<tr>\n<td>Hauteur de travaille<\/td>\n<td style=\"text-align:center;\">cm<\/td>\n<td style=\"text-align:center;\">90<\/td>\n<td style=\"text-align:center;\">90<\/td>\n<\/tr>\n<tr>\n<td>Poids<\/td>\n<td style=\"text-align:center;\">Kg<\/td>\n<td style=\"text-align:center;\">500<\/td>\n<td style=\"text-align:center;\">550<\/td>\n<\/tr>\n<\/tbody>\n<\/table>\n","protected":false},"excerpt":{"rendered":"<p>O TEXWORK DOUBLE \u00e9 carrossel de impress\u00e3o t\u00eaxtil manual desenhado para a impress\u00e3o manual de t-shirts, bon\u00e9s, guarda chuvas, casacos e outros. O TEXWORK DOUBLE pode ser equipado com duplo deck de quadros para obter o m\u00e1ximo de 10 cores no menor curto espa\u00e7o.<\/p>\n<div class=\"btn_product\"><a class=\"btn_short_pdf elementor-align-justify elementor-button\" role=\"button\" href=\"https:\/\/acosgraf.com\/wp-content\/uploads\/2019\/10\/TEXWORK-DOUBLE-fr.pdf\"><i class=\"far fa-file-pdf\" aria-hidden=\"true\"><\/i> <span class=\"txt_btn_pdf\">T\u00c9L\u00c9CHARGER LE PDF<\/span><\/a><\/div>\n","protected":false},"featured_media":3176,"template":"","meta":[],"product_cat":[218,210],"product_tag":[],"class_list":["post-3174","product","type-product","status-publish","has-post-thumbnail","hentry","product_cat-impression-textile","product_cat-serigraphie-textile"],"_links":{"self":[{"href":"https:\/\/acosgraf.com\/fr\/wp-json\/wp\/v2\/product\/3174","targetHints":{"allow":["GET"]}}],"collection":[{"href":"https:\/\/acosgraf.com\/fr\/wp-json\/wp\/v2\/product"}],"about":[{"href":"https:\/\/acosgraf.com\/fr\/wp-json\/wp\/v2\/types\/product"}],"version-history":[{"count":3,"href":"https:\/\/acosgraf.com\/fr\/wp-json\/wp\/v2\/product\/3174\/revisions"}],"predecessor-version":[{"id":3182,"href":"https:\/\/acosgraf.com\/fr\/wp-json\/wp\/v2\/product\/3174\/revisions\/3182"}],"wp:featuredmedia":[{"embeddable":true,"href":"https:\/\/acosgraf.com\/fr\/wp-json\/wp\/v2\/media\/3176"}],"wp:attachment":[{"href":"https:\/\/acosgraf.com\/fr\/wp-json\/wp\/v2\/media?parent=3174"}],"wp:term":[{"taxonomy":"product_cat","embeddable":true,"href":"https:\/\/acosgraf.com\/fr\/wp-json\/wp\/v2\/product_cat?post=3174"},{"taxonomy":"product_tag","embeddable":true,"href":"https:\/\/acosgraf.com\/fr\/wp-json\/wp\/v2\/product_tag?post=3174"}],"curies":[{"name":"wp","href":"https:\/\/api.w.org\/{rel}","templated":true}]}}