
{"id":3222,"date":"2019-10-15T14:04:23","date_gmt":"2019-10-15T14:04:23","guid":{"rendered":"https:\/\/acosgraf.com\/produto\/apolo-print\/"},"modified":"2022-04-05T15:43:03","modified_gmt":"2022-04-05T15:43:03","slug":"apolo-print","status":"publish","type":"product","link":"https:\/\/acosgraf.com\/fr\/produto\/apolo-print\/","title":{"rendered":"APOLO PRINT"},"content":{"rendered":"\t\t<div data-elementor-type=\"product-post\" data-elementor-id=\"3222\" class=\"elementor elementor-3222\" data-elementor-post-type=\"product\">\n\t\t\t\t\t\t<section class=\"elementor-section elementor-top-section elementor-element elementor-element-e05626d elementor-section-boxed elementor-section-height-default elementor-section-height-default\" data-id=\"e05626d\" data-element_type=\"section\" data-e-type=\"section\">\n\t\t\t\t\t\t<div class=\"elementor-container elementor-column-gap-default\">\n\t\t\t\t\t<div class=\"elementor-column elementor-col-100 elementor-top-column elementor-element elementor-element-186caa8d\" data-id=\"186caa8d\" data-element_type=\"column\" data-e-type=\"column\">\n\t\t\t<div class=\"elementor-widget-wrap elementor-element-populated\">\n\t\t\t\t\t\t<div class=\"elementor-element elementor-element-e96420 elementor-widget elementor-widget-text-editor\" data-id=\"e96420\" data-element_type=\"widget\" data-e-type=\"widget\" data-widget_type=\"text-editor.default\">\n\t\t\t\t<div class=\"elementor-widget-container\">\n\t\t\t\t\t\t\t\t\t<ul><li>Toutes les t\u00eates peuvent \u00eatre plus basses en m\u00eame temps ;<\/li><li>Disponible entre 4,6,8,10 et 12 couleurs;<\/li><li>Double rotation individualle de les palettes et couleurs ;<\/li><li>Micro-adjustment individuellement dans chaque couleur;<\/li><li>Possibilit\u00e9 d&#8217;imprimer avec diff\u00e9rentes tailles d&#8217;\u00e9cra;<\/li><li>Ajustement individuel de l&#8217;angle d&#8217;\u00e9cran;<\/li><li>Possibilit\u00e9 de r\u00e9gler la palette dans la direction de la longueu;<\/li><li>Assemblage rapide et facile d&#8217;\u00e9crans et de palettes;<\/li><li>Fixation lat\u00e9rale et pr\u00e9ci\u00e9e de l&#8217;\u00e9cran;<\/li><li>Construction m\u00e9canique solide;<\/li><li>Accessoires disponibles \u00e0 imprimer: Capsules, parapluies, vestes, transferts, manches, etc &#8230;<\/li><\/ul><table class=\"tbl-products\"><tbody><tr><th>APOLO PRINT<\/th><th style=\"text-align: center;\">Unites<\/th><th>AP &#8211; 4<\/th><th>AP &#8211; 6<\/th><th>AP &#8211; 8<\/th><th>AP &#8211; 10<\/th><th>AP &#8211; 12<\/th><\/tr><tr><td>Num\u00e9ro de colleurs<\/td><td style=\"text-align: center;\">\u00a0<\/td><td style=\"text-align: center;\">4<\/td><td style=\"text-align: center;\">6<\/td><td style=\"text-align: center;\">8<\/td><td style=\"text-align: center;\">10<\/td><td style=\"text-align: center;\">12<\/td><\/tr><tr><td>Num\u00e9ro de palettes<\/td><td style=\"text-align: center;\">\u00a0<\/td><td style=\"text-align: center;\">4<\/td><td style=\"text-align: center;\">6<\/td><td style=\"text-align: center;\">8<\/td><td style=\"text-align: center;\">10<\/td><td style=\"text-align: center;\">12<\/td><\/tr><tr><td>Dimension ext\u00e9rieur maximum du cadre (largueur*profondeur)<\/td><td style=\"text-align: center;\">cm<\/td><td style=\"text-align: center;\">59&#215;80<\/td><td style=\"text-align: center;\">59&#215;80<\/td><td style=\"text-align: center;\">59&#215;80<\/td><td style=\"text-align: center;\">59&#215;80<\/td><td style=\"text-align: center;\">59&#215;80<\/td><\/tr><tr><td>Dimension de la palette standard<\/td><td style=\"text-align: center;\">cm<\/td><td style=\"text-align: center;\">40&#215;50<\/td><td style=\"text-align: center;\">40&#215;50<\/td><td style=\"text-align: center;\">40&#215;50<\/td><td style=\"text-align: center;\">40&#215;50<\/td><td style=\"text-align: center;\">40&#215;50<\/td><\/tr><tr><td>Diam\u00e8tre de la machine<\/td><td style=\"text-align: center;\">cm<\/td><td style=\"text-align: center;\">\u00a0<\/td><td style=\"text-align: center;\">280<\/td><td style=\"text-align: center;\">335<\/td><td style=\"text-align: center;\">\u00a0<\/td><td style=\"text-align: center;\">\u00a0<\/td><\/tr><tr><td>Hauteur de travaille<\/td><td style=\"text-align: center;\">cm<\/td><td style=\"text-align: center;\">90<\/td><td style=\"text-align: center;\">90<\/td><td style=\"text-align: center;\">90<\/td><td style=\"text-align: center;\">90<\/td><td style=\"text-align: center;\">90<\/td><\/tr><tr><td>Poids<\/td><td style=\"text-align: center;\">Kg<\/td><td style=\"text-align: center;\">\u00a0<\/td><td style=\"text-align: center;\">200<\/td><td style=\"text-align: center;\">550<\/td><td style=\"text-align: center;\">\u00a0<\/td><td style=\"text-align: center;\">\u00a0<\/td><\/tr><tr><td>Dimension de envoie (largueur*profondeur*hauteur)<\/td><td style=\"text-align: center;\">Cm<\/td><td style=\"text-align: center;\">\u00a0<\/td><td style=\"text-align: center;\">160*160*130<\/td><td style=\"text-align: center;\">225*225*160<\/td><td style=\"text-align: center;\">\u00a0<\/td><td style=\"text-align: center;\">\u00a0<\/td><\/tr><\/tbody><\/table>\t\t\t\t\t\t\t\t<\/div>\n\t\t\t\t<\/div>\n\t\t\t\t\t<\/div>\n\t\t<\/div>\n\t\t\t\t\t<\/div>\n\t\t<\/section>\n\t\t\t\t<\/div>\n\t\t","protected":false},"excerpt":{"rendered":"<p>Le APOLO PRINT est un carrousel manuel d&#8217;impression textile \u00e9quip\u00e9 de micro-enregistreurs d&#8217;impressions. Le APOLO PRINT a la capacit\u00e9 d&#8217;installer plusieurs palettes sp\u00e9ciales que peux \u00eatre: parapluies; manches; vestes; casquettes; palette avec aspiration.<\/p>\n","protected":false},"featured_media":3223,"template":"","meta":[],"product_cat":[218,210],"product_tag":[],"class_list":["post-3222","product","type-product","status-publish","has-post-thumbnail","hentry","product_cat-impression-textile","product_cat-serigraphie-textile"],"_links":{"self":[{"href":"https:\/\/acosgraf.com\/fr\/wp-json\/wp\/v2\/product\/3222","targetHints":{"allow":["GET"]}}],"collection":[{"href":"https:\/\/acosgraf.com\/fr\/wp-json\/wp\/v2\/product"}],"about":[{"href":"https:\/\/acosgraf.com\/fr\/wp-json\/wp\/v2\/types\/product"}],"version-history":[{"count":5,"href":"https:\/\/acosgraf.com\/fr\/wp-json\/wp\/v2\/product\/3222\/revisions"}],"predecessor-version":[{"id":10563,"href":"https:\/\/acosgraf.com\/fr\/wp-json\/wp\/v2\/product\/3222\/revisions\/10563"}],"wp:featuredmedia":[{"embeddable":true,"href":"https:\/\/acosgraf.com\/fr\/wp-json\/wp\/v2\/media\/3223"}],"wp:attachment":[{"href":"https:\/\/acosgraf.com\/fr\/wp-json\/wp\/v2\/media?parent=3222"}],"wp:term":[{"taxonomy":"product_cat","embeddable":true,"href":"https:\/\/acosgraf.com\/fr\/wp-json\/wp\/v2\/product_cat?post=3222"},{"taxonomy":"product_tag","embeddable":true,"href":"https:\/\/acosgraf.com\/fr\/wp-json\/wp\/v2\/product_tag?post=3222"}],"curies":[{"name":"wp","href":"https:\/\/api.w.org\/{rel}","templated":true}]}}