
{"id":3298,"date":"2019-10-15T14:04:23","date_gmt":"2019-10-15T14:04:23","guid":{"rendered":"https:\/\/acosgraf.com\/produto\/genesis-printer\/"},"modified":"2019-10-17T09:36:55","modified_gmt":"2019-10-17T09:36:55","slug":"genesis-printer","status":"publish","type":"product","link":"https:\/\/acosgraf.com\/fr\/produto\/genesis-printer\/","title":{"rendered":"GENESIS PRINTER"},"content":{"rendered":"<ul>\n<li>Montage et d\u00e9montage de la t\u00eate d&#8217;impression (pas besoin d&#8217;outils sp\u00e9ciaux pour installer la t\u00eate);<\/li>\n<li>Peut \u00eatre install\u00e9 sur n&#8217;importe quel carrousel d&#8217;impression manuelle sur le march\u00e9;<\/li>\n<li>Vitesses ind\u00e9pendantes et r\u00e9glable (montai, descendre, impression et raclage);<\/li>\n<li>Possibilit\u00e9 d&#8217;utiliser plusieurs programmes \u00e0 imprimer diff\u00e9rents types de peinture (\u00e0 base d&#8217;eau, plastisol, l&#8217;impression 3D);<\/li>\n<li>Possibilit\u00e9 de programmer le nombre de passages de impression dans 1 seule cycle;<\/li>\n<li>Bouton d&#8217;arr\u00eat de urgence;<\/li>\n<li>Panel avec \u00e9cran LCD avec plusieurs idiome;<\/li>\n<li>Possibilit\u00e9 d&#8217;ajuster \u00e0 le taille de cadre;<\/li>\n<li>R\u00e9gulation ind\u00e9pendante de la pression et de l&#8217;inclinaison et racklete contre-racklete;<\/li>\n<li>Compteur de pi\u00e8ces avec mode de augmentant ou en diminuant;<\/li>\n<li>Dimensions de impression fait par capteurs inductifs;<\/li>\n<li>Information toujours disponible dans l&#8217;\u00e9cran LCD;<\/li>\n<li>Fonctionnement automatique par p\u00e9dale pour le confort de l&#8217;op\u00e9rateur<\/li>\n<\/ul>\n<table class=\"tbl-products\">\n<tbody>\n<tr>\n<th>GENESIS PRINTER<\/th>\n<th style=\"text-align:center;\">Unidades<\/th>\n<th>GP 4050<\/th>\n<\/tr>\n<tr>\n<td>Dimension ext\u00e9rieur maximum du cadre<\/td>\n<td style=\"text-align:center;\">cm<\/td>\n<td style=\"text-align:center;\">85 x 50<\/td>\n<\/tr>\n<tr>\n<td>Longueur<\/td>\n<td style=\"text-align:center;\">Cm<\/td>\n<td style=\"text-align:center;\">110<\/td>\n<\/tr>\n<tr>\n<td>Larguer<\/td>\n<td style=\"text-align:center;\">Cm<\/td>\n<td style=\"text-align:center;\">55<\/td>\n<\/tr>\n<tr>\n<td>Hauteur<\/td>\n<td style=\"text-align:center;\">Cm<\/td>\n<td style=\"text-align:center;\">130<\/td>\n<\/tr>\n<tr>\n<td>Vel. max. de impress\u00e3o a 600dpi<\/td>\n<td style=\"text-align:center;\">m2\/h<\/td>\n<td style=\"text-align:center;\">20<\/td>\n<\/tr>\n<tr>\n<td>Pression de air comprimai<\/td>\n<td style=\"text-align:center;\">BAR<\/td>\n<td style=\"text-align:center;\">6<\/td>\n<\/tr>\n<tr>\n<td>Poids<\/td>\n<td style=\"text-align:center;\">Kg<\/td>\n<td style=\"text-align:center;\">80<\/td>\n<\/tr>\n<tr>\n<td>Tension<\/td>\n<td style=\"text-align:center;\">V<\/td>\n<td style=\"text-align:center;\">230 \/ 50<\/td>\n<\/tr>\n<\/tbody>\n<\/table>\n","protected":false},"excerpt":{"rendered":"<p>Le GENESIS PRINTER est une t\u00eate d&#8217;impression automatique textile capable de faire les d&#8217;impression textiles les plus difficiles avec une grande facilit\u00e9. Le GENESIS PRINTER peut \u00eatre install\u00e9 sur n&#8217;importe quel carrousel d&#8217;impression textile manuel et n&#8217;ont pas besoin d&#8217;outils sp\u00e9ciaux pour faire cette montage.<\/p>\n<div class=\"btn_product\"><a class=\"btn_short_pdf elementor-align-justify elementor-button\" role=\"button\" href=\"https:\/\/acosgraf.com\/wp-content\/uploads\/2019\/10\/GENESIS-PRINTER-fr.pdf\"><i class=\"far fa-file-pdf\" aria-hidden=\"true\"><\/i> <span class=\"txt_btn_pdf\">T\u00c9L\u00c9CHARGER LE PDF<\/span><\/a><\/div>\n","protected":false},"featured_media":3299,"template":"","meta":[],"product_cat":[214,210],"product_tag":[],"class_list":["post-3298","product","type-product","status-publish","has-post-thumbnail","hentry","product_cat-impression-semi-automatique","product_cat-serigraphie-textile"],"_links":{"self":[{"href":"https:\/\/acosgraf.com\/fr\/wp-json\/wp\/v2\/product\/3298","targetHints":{"allow":["GET"]}}],"collection":[{"href":"https:\/\/acosgraf.com\/fr\/wp-json\/wp\/v2\/product"}],"about":[{"href":"https:\/\/acosgraf.com\/fr\/wp-json\/wp\/v2\/types\/product"}],"version-history":[{"count":3,"href":"https:\/\/acosgraf.com\/fr\/wp-json\/wp\/v2\/product\/3298\/revisions"}],"predecessor-version":[{"id":3323,"href":"https:\/\/acosgraf.com\/fr\/wp-json\/wp\/v2\/product\/3298\/revisions\/3323"}],"wp:featuredmedia":[{"embeddable":true,"href":"https:\/\/acosgraf.com\/fr\/wp-json\/wp\/v2\/media\/3299"}],"wp:attachment":[{"href":"https:\/\/acosgraf.com\/fr\/wp-json\/wp\/v2\/media?parent=3298"}],"wp:term":[{"taxonomy":"product_cat","embeddable":true,"href":"https:\/\/acosgraf.com\/fr\/wp-json\/wp\/v2\/product_cat?post=3298"},{"taxonomy":"product_tag","embeddable":true,"href":"https:\/\/acosgraf.com\/fr\/wp-json\/wp\/v2\/product_tag?post=3298"}],"curies":[{"name":"wp","href":"https:\/\/api.w.org\/{rel}","templated":true}]}}