
{"id":3337,"date":"2019-10-15T14:04:23","date_gmt":"2019-10-15T14:04:23","guid":{"rendered":"https:\/\/acosgraf.com\/produto\/basic-line\/"},"modified":"2019-10-17T09:43:33","modified_gmt":"2019-10-17T09:43:33","slug":"basic-line","status":"publish","type":"product","link":"https:\/\/acosgraf.com\/fr\/produto\/basic-line\/","title":{"rendered":"BASIC LINE"},"content":{"rendered":"<ul>\n<li>N\u00famero de cabe\u00e7as de impress\u00e3o: 1 a 12;<\/li>\n<li>N\u00famero de paletes:&nbsp;6,8,10,12 ou 14<\/li>\n<li>Movimento das paletes por SERVO MOTOR;<\/li>\n<li>Movimento de impress\u00e3o e raclagem feito pode por motor;<\/li>\n<li>Fora de contacto controlado central com possibilidade de ajuste;<\/li>\n<li>Touch Screen com linguagem em Portugu\u00eas;<\/li>\n<li>Press\u00e3o de impress\u00e3o feito por 2 cilindros com ajuste individual;<\/li>\n<li>Controlo atrav\u00e9s de um microprocessador com diagn\u00f3stico de avaria;<\/li>\n<li>V\u00e1rios programas de impress\u00e3o memorizadas para diferentes tipos de tintas;<\/li>\n<li>Limpeza dos quadros simplificada com a paragem das paletes entre as esta\u00e7\u00f5es;<\/li>\n<li>Contador do n\u00famero de pe\u00e7as;<\/li>\n<li>Fixa\u00e7\u00e3o do quadro feito por cilindros em 4 pontos conjuntamente com aperto m\u00eacanico;<\/li>\n<li>Registo de impress\u00e3o aprox. 0,025 mm;<\/li>\n<li>Sistema de racklet\u2019s duplo com varia\u00e7\u00e3o de \u00e2ngulo 0\u00ba \u2013 30\u00ba ajust\u00e1vel;<\/li>\n<li>Sistema de f\u00e1cil retiro da racklet e contra &#8211; racklet;<\/li>\n<li>Comprimento de impress\u00e3o e raclagem individual e ajust\u00e1vel;<\/li>\n<li>Regula\u00e7\u00e3o de velocidade ajust\u00e1vel para cada racklet e contra racklet;<\/li>\n<li>Sistema seguran\u00e7a com foto \u2013 c\u00e9lula de r\u00e1pida paragem na palete de carga e descarga;<\/li>\n<li>Corrente de seguran\u00e7a em volta da m\u00e1quina;<\/li>\n<\/ul>\n<table class=\"tbl-products\">\n<tbody>\n<tr>\n<th>BASIC LINE<\/th>\n<th style=\"text-align:center;\">Units<\/th>\n<th>BASIC 6<\/th>\n<th>BASIC 8<\/th>\n<th>BASIC 10<\/th>\n<th>BASIC 12<\/th>\n<th>BASIC 14<\/th>\n<\/tr>\n<tr>\n<td>N\u00ba de paletes<\/td>\n<td style=\"text-align:center;\"><\/td>\n<td style=\"text-align:center;\">6<\/td>\n<td style=\"text-align:center;\">8<\/td>\n<td style=\"text-align:center;\">10<\/td>\n<td style=\"text-align:center;\">12<\/td>\n<td style=\"text-align:center;\">14<\/td>\n<\/tr>\n<tr>\n<td>N\u00ba de cabe\u00e7as de impress\u00e3o<\/td>\n<td style=\"text-align:center;\"><\/td>\n<td style=\"text-align:center;\">1 a 4<\/td>\n<td style=\"text-align:center;\">1 a 6<\/td>\n<td style=\"text-align:center;\">1 a 8<\/td>\n<td style=\"text-align:center;\">1 a 10<\/td>\n<td style=\"text-align:center;\">1 a 12<\/td>\n<\/tr>\n<tr>\n<td>P\u00f4tencia do servo motor<\/td>\n<td style=\"text-align:center;\">Kw<\/td>\n<td style=\"text-align:center;\">1,5<\/td>\n<td style=\"text-align:center;\">1,5<\/td>\n<td style=\"text-align:center;\">1,5<\/td>\n<td style=\"text-align:center;\">1,5<\/td>\n<td style=\"text-align:center;\">1,5<\/td>\n<\/tr>\n<tr>\n<td>P\u00f4tencia por cabe\u00e7a de impress\u00e3o<\/td>\n<td style=\"text-align:center;\">Kw<\/td>\n<td style=\"text-align:center;\">0,35<\/td>\n<td style=\"text-align:center;\">0,35<\/td>\n<td style=\"text-align:center;\">0,35<\/td>\n<td style=\"text-align:center;\">0,35<\/td>\n<td style=\"text-align:center;\">0,35<\/td>\n<\/tr>\n<tr>\n<td>Maximum production per hour <\/td>\n<td style=\"text-align:center;\">Uni.<\/td>\n<td style=\"text-align:center;\">980<\/td>\n<td style=\"text-align:center;\">980<\/td>\n<td style=\"text-align:center;\">980<\/td>\n<td style=\"text-align:center;\">980<\/td>\n<td style=\"text-align:center;\">980<\/td>\n<\/tr>\n<tr>\n<td>Air consummation (litres\/ hour) <\/td>\n<td style=\"text-align:center;\">L<\/td>\n<td style=\"text-align:center;\">55 (por cab. imp.)<\/td>\n<td style=\"text-align:center;\">55 (por cab. imp.)<\/td>\n<td style=\"text-align:center;\">55 (por cab. imp.)<\/td>\n<td style=\"text-align:center;\">55 (por cab. imp.)<\/td>\n<td style=\"text-align:center;\">55 (por cab. imp.)<\/td>\n<\/tr>\n<tr>\n<td>Maximum printing size<\/td>\n<td style=\"text-align:center;\">mm<\/td>\n<td style=\"text-align:center;\">50&#215;50<\/td>\n<td style=\"text-align:center;\">50&#215;50<\/td>\n<td style=\"text-align:center;\">50&#215;50<\/td>\n<td style=\"text-align:center;\">50&#215;50<\/td>\n<td style=\"text-align:center;\">50&#215;50<\/td>\n<\/tr>\n<tr>\n<td>Maximum screen size<\/td>\n<td style=\"text-align:center;\">cm<\/td>\n<td style=\"text-align:center;\">62&#215;90<\/td>\n<td style=\"text-align:center;\">62&#215;90<\/td>\n<td style=\"text-align:center;\">62&#215;90<\/td>\n<td style=\"text-align:center;\">62&#215;90<\/td>\n<td style=\"text-align:center;\">62&#215;90<\/td>\n<\/tr>\n<tr>\n<td>Size from alumium pallet<\/td>\n<td style=\"text-align:center;\">Cm<\/td>\n<td style=\"text-align:center;\">42&#215;72<\/td>\n<td style=\"text-align:center;\">42&#215;72<\/td>\n<td style=\"text-align:center;\">42&#215;72<\/td>\n<td style=\"text-align:center;\">42&#215;72<\/td>\n<td style=\"text-align:center;\">42&#215;72<\/td>\n<\/tr>\n<tr>\n<td>Diameter<\/td>\n<td style=\"text-align:center;\">Cm<\/td>\n<td style=\"text-align:center;\">299<\/td>\n<td style=\"text-align:center;\">348<\/td>\n<td style=\"text-align:center;\">388<\/td>\n<td style=\"text-align:center;\">424<\/td>\n<td style=\"text-align:center;\">488<\/td>\n<\/tr>\n<tr>\n<td>Working air pressure<\/td>\n<td style=\"text-align:center;\">BAR<\/td>\n<td style=\"text-align:center;\">8 a 10<\/td>\n<td style=\"text-align:center;\">8 a 10<\/td>\n<td style=\"text-align:center;\">8 a 10<\/td>\n<td style=\"text-align:center;\">8 a 10<\/td>\n<td style=\"text-align:center;\">8 a 10<\/td>\n<\/tr>\n<tr>\n<td>Weight<\/td>\n<td style=\"text-align:center;\">Kg<\/td>\n<td style=\"text-align:center;\">500<\/td>\n<td style=\"text-align:center;\">600<\/td>\n<td style=\"text-align:center;\">700<\/td>\n<td style=\"text-align:center;\">800<\/td>\n<td style=\"text-align:center;\">900<\/td>\n<\/tr>\n<tr>\n<td>Voltage<\/td>\n<td style=\"text-align:center;\">V<\/td>\n<td style=\"text-align:center;\">3&#215;400<\/td>\n<td style=\"text-align:center;\">3&#215;400<\/td>\n<td style=\"text-align:center;\">3&#215;400<\/td>\n<td style=\"text-align:center;\">3&#215;400<\/td>\n<td style=\"text-align:center;\">3&#215;400<\/td>\n<\/tr>\n<\/tbody>\n<\/table>\n","protected":false},"excerpt":{"rendered":"<p>A BASIC LINE \u00e9 um carrossel de impress\u00e3o textil autom\u00e1tico com a possibilidade de ter entre 6,8,10 ou 14 paletes. O BASIC LINE v\u00eam equipado de serie com rota\u00e7\u00e3o das paletes feita por SERVO MOTOR e as cabe\u00e7as de impress\u00e3o s\u00e3o movimentadas por motor el\u00e9ctrico com varia\u00e7\u00e3o de velocidade independente.<\/p>\n<div class=\"btn_product\"><a class=\"btn_short_pdf elementor-align-justify elementor-button\" role=\"button\" href=\"https:\/\/acosgraf.com\/wp-content\/uploads\/2019\/10\/BASIC-LINE.pdf\"><i class=\"far fa-file-pdf\" aria-hidden=\"true\"><\/i> <span class=\"txt_btn_pdf\">T\u00c9L\u00c9CHARGER LE PDF<\/span><\/a><\/div>\n","protected":false},"featured_media":3339,"template":"","meta":[],"product_cat":[215,210],"product_tag":[],"class_list":["post-3337","product","type-product","status-publish","has-post-thumbnail","hentry","product_cat-impressao-textil-automatica-fr","product_cat-serigraphie-textile"],"_links":{"self":[{"href":"https:\/\/acosgraf.com\/fr\/wp-json\/wp\/v2\/product\/3337","targetHints":{"allow":["GET"]}}],"collection":[{"href":"https:\/\/acosgraf.com\/fr\/wp-json\/wp\/v2\/product"}],"about":[{"href":"https:\/\/acosgraf.com\/fr\/wp-json\/wp\/v2\/types\/product"}],"version-history":[{"count":2,"href":"https:\/\/acosgraf.com\/fr\/wp-json\/wp\/v2\/product\/3337\/revisions"}],"predecessor-version":[{"id":3357,"href":"https:\/\/acosgraf.com\/fr\/wp-json\/wp\/v2\/product\/3337\/revisions\/3357"}],"wp:featuredmedia":[{"embeddable":true,"href":"https:\/\/acosgraf.com\/fr\/wp-json\/wp\/v2\/media\/3339"}],"wp:attachment":[{"href":"https:\/\/acosgraf.com\/fr\/wp-json\/wp\/v2\/media?parent=3337"}],"wp:term":[{"taxonomy":"product_cat","embeddable":true,"href":"https:\/\/acosgraf.com\/fr\/wp-json\/wp\/v2\/product_cat?post=3337"},{"taxonomy":"product_tag","embeddable":true,"href":"https:\/\/acosgraf.com\/fr\/wp-json\/wp\/v2\/product_tag?post=3337"}],"curies":[{"name":"wp","href":"https:\/\/api.w.org\/{rel}","templated":true}]}}