
{"id":3361,"date":"2019-10-15T14:04:23","date_gmt":"2019-10-15T14:04:23","guid":{"rendered":"https:\/\/acosgraf.com\/produto\/s-line\/"},"modified":"2019-10-17T10:02:24","modified_gmt":"2019-10-17T10:02:24","slug":"s-line","status":"publish","type":"product","link":"https:\/\/acosgraf.com\/fr\/produto\/s-line\/","title":{"rendered":"S-LINE"},"content":{"rendered":"<p>N\u00famero de cabe\u00e7as de impress\u00e3o: 1 a 10;<br \/>N\u00famero de paletes: 8 ou 10<br \/>Controlo atrav\u00e9s de um microprocessador com diagn\u00f3stico de avaria;<br \/>Controlo em cada esta\u00e7\u00e3o com a possibilidade de movimentar para cima, para baixo, girar e imprimir;<br \/>V\u00e1rios programas de impress\u00e3o memorizadas para diferentes tipos de tintas;<br \/>Limpeza dos quadros simplificada com a paragem das paletes entre as esta\u00e7\u00f5es;<br \/>Contador do n\u00famero de pe\u00e7as;<br \/>Fixa\u00e7\u00e3o do quadro mec\u00e2nico com op\u00e7\u00e3o de 4 pontos pneum\u00e1ticos de f\u00e1cil montagem;<br \/>Registo de impress\u00e3o aprox. 0,025 mm;<br \/>Sistema de racklet\u2019s duplo com varia\u00e7\u00e3o de \u00e2ngulo 0\u00ba \u2013 30\u00ba ajust\u00e1vel;<br \/>Sistema de f\u00e1cil retiro da racklet e contra \u2013 racklet;<br \/>Comprimento de impress\u00e3o individual ajust\u00e1vel;<br \/>Regula\u00e7\u00e3o de velocidade ajust\u00e1vel para cada racklet e contra racklet;<br \/>Sistema seguran\u00e7a com foto \u2013 c\u00e9lula de r\u00e1pida paragem na palete de carga e descarga;<br \/>Corrente de seguran\u00e7a em volta da m\u00e1quina;<br \/>Produ\u00e7\u00e3o: 980 pe\u00e7as por hora.<\/p>\n<table class=\"tbl-products\">\n<tbody>\n<tr>\n<th>S-Line<\/th>\n<th style=\"text-align:center;\">Units<\/th>\n<th>SLINE 8<\/th>\n<th>SLINE 10<\/th>\n<\/tr>\n<tr>\n<td>N\u00ba de paletes<\/td>\n<td style=\"text-align:center;\"><\/td>\n<td style=\"text-align:center;\">8<\/td>\n<td style=\"text-align:center;\">10<\/td>\n<\/tr>\n<tr>\n<td>N\u00ba de cabe\u00e7as de impress\u00e3o<\/td>\n<td style=\"text-align:center;\"><\/td>\n<td style=\"text-align:center;\">1 a 6<\/td>\n<td style=\"text-align:center;\">1 a 8<\/td>\n<\/tr>\n<tr>\n<td>P\u00f4tencia do servo motor<\/td>\n<td style=\"text-align:center;\">Kw<\/td>\n<td style=\"text-align:center;\">0,64<\/td>\n<td style=\"text-align:center;\">0,64<\/td>\n<\/tr>\n<tr>\n<td>P\u00f4tencia por cabe\u00e7a de impress\u00e3o<\/td>\n<td style=\"text-align:center;\">Kw<\/td>\n<td style=\"text-align:center;\">0,44<\/td>\n<td style=\"text-align:center;\">0,44<\/td>\n<\/tr>\n<tr>\n<td>Maximum production per hour <\/td>\n<td style=\"text-align:center;\">Uni.<\/td>\n<td style=\"text-align:center;\">800<\/td>\n<td style=\"text-align:center;\">800<\/td>\n<\/tr>\n<tr>\n<td>Air consummation (litres\/ hour) <\/td>\n<td style=\"text-align:center;\">L<\/td>\n<td style=\"text-align:center;\">55 (por cab. imp.)<\/td>\n<td style=\"text-align:center;\">55 (por cab. imp.)<\/td>\n<\/tr>\n<tr>\n<td>Maximum printing size<\/td>\n<td style=\"text-align:center;\">mm<\/td>\n<td style=\"text-align:center;\">40\u00d740<\/td>\n<td style=\"text-align:center;\">40\u00d740<\/td>\n<\/tr>\n<tr>\n<td>Maximum screen size<\/td>\n<td style=\"text-align:center;\">cm<\/td>\n<td style=\"text-align:center;\">50\u00d770<\/td>\n<td style=\"text-align:center;\">50\u00d770<\/td>\n<\/tr>\n<tr>\n<td>Size from alumium pallet<\/td>\n<td style=\"text-align:center;\">Cm<\/td>\n<td style=\"text-align:center;\">40\u00d750<\/td>\n<td style=\"text-align:center;\">40\u00d750<\/td>\n<\/tr>\n<tr>\n<td>Diameter<\/td>\n<td style=\"text-align:center;\">Cm<\/td>\n<td style=\"text-align:center;\">283<\/td>\n<td style=\"text-align:center;\">308<\/td>\n<\/tr>\n<tr>\n<td>Working air pressure<\/td>\n<td style=\"text-align:center;\">BAR<\/td>\n<td style=\"text-align:center;\">8 a 10<\/td>\n<td style=\"text-align:center;\">8 a 10<\/td>\n<\/tr>\n<tr>\n<td>Weight<\/td>\n<td style=\"text-align:center;\">Kg<\/td>\n<td style=\"text-align:center;\">400<\/td>\n<td style=\"text-align:center;\">500<\/td>\n<\/tr>\n<tr>\n<td>Voltage<\/td>\n<td style=\"text-align:center;\">V<\/td>\n<td style=\"text-align:center;\">3\u00d7400<\/td>\n<td style=\"text-align:center;\">3\u00d7400<\/td>\n<\/tr>\n<\/tbody>\n<\/table>\n","protected":false},"excerpt":{"rendered":"<div class=\"btn_product\"><a class=\"btn_short_pdf elementor-align-justify elementor-button\" role=\"button\" href=\"https:\/\/acosgraf.com\/wp-content\/uploads\/2019\/10\/S-LINE.pdf\"><i class=\"far fa-file-pdf\" aria-hidden=\"true\"><\/i> <span class=\"txt_btn_pdf\">T\u00c9L\u00c9CHARGER LE PDF<\/span><\/a><\/div>\n","protected":false},"featured_media":3363,"template":"","meta":[],"product_cat":[215,210],"product_tag":[],"class_list":["post-3361","product","type-product","status-publish","has-post-thumbnail","hentry","product_cat-impressao-textil-automatica-fr","product_cat-serigraphie-textile"],"_links":{"self":[{"href":"https:\/\/acosgraf.com\/fr\/wp-json\/wp\/v2\/product\/3361","targetHints":{"allow":["GET"]}}],"collection":[{"href":"https:\/\/acosgraf.com\/fr\/wp-json\/wp\/v2\/product"}],"about":[{"href":"https:\/\/acosgraf.com\/fr\/wp-json\/wp\/v2\/types\/product"}],"version-history":[{"count":3,"href":"https:\/\/acosgraf.com\/fr\/wp-json\/wp\/v2\/product\/3361\/revisions"}],"predecessor-version":[{"id":3369,"href":"https:\/\/acosgraf.com\/fr\/wp-json\/wp\/v2\/product\/3361\/revisions\/3369"}],"wp:featuredmedia":[{"embeddable":true,"href":"https:\/\/acosgraf.com\/fr\/wp-json\/wp\/v2\/media\/3363"}],"wp:attachment":[{"href":"https:\/\/acosgraf.com\/fr\/wp-json\/wp\/v2\/media?parent=3361"}],"wp:term":[{"taxonomy":"product_cat","embeddable":true,"href":"https:\/\/acosgraf.com\/fr\/wp-json\/wp\/v2\/product_cat?post=3361"},{"taxonomy":"product_tag","embeddable":true,"href":"https:\/\/acosgraf.com\/fr\/wp-json\/wp\/v2\/product_tag?post=3361"}],"curies":[{"name":"wp","href":"https:\/\/api.w.org\/{rel}","templated":true}]}}