
{"id":3422,"date":"2019-10-15T14:04:23","date_gmt":"2019-10-15T14:04:23","guid":{"rendered":"https:\/\/acosgraf.com\/produto\/texblack\/"},"modified":"2019-10-17T10:15:08","modified_gmt":"2019-10-17T10:15:08","slug":"texblack","status":"publish","type":"product","link":"https:\/\/acosgraf.com\/fr\/produto\/texblack\/","title":{"rendered":"TEXBLACK"},"content":{"rendered":"<table class=\"tbl-products\">\n<tbody>\n<tr>\n<th>TEXBLACK<\/th>\n<th style=\"text-align:center;\">Unidades<\/th>\n<th>TB 0704<\/th>\n<th>TB 0710<\/th>\n<\/tr>\n<tr>\n<td>Surface de s\u00e9chage<\/td>\n<td style=\"text-align:center;\">Cm<\/td>\n<td style=\"text-align:center;\">70&#215;46<\/td>\n<td style=\"text-align:center;\">70&#215;100<\/td>\n<\/tr>\n<tr>\n<td>Temporisa\u00e7\u00e3o<\/td>\n<td style=\"text-align:center;\">S<\/td>\n<td style=\"text-align:center;\">0 to 30<\/td>\n<td style=\"text-align:center;\">0 to 30<\/td>\n<\/tr>\n<tr>\n<td>Hauteur de travaille<\/td>\n<td style=\"text-align:center;\">cm<\/td>\n<td style=\"text-align:center;\">85 a 120<\/td>\n<td style=\"text-align:center;\">85 a 120<\/td>\n<\/tr>\n<tr>\n<td>Power install<\/td>\n<td style=\"text-align:center;\">W<\/td>\n<td style=\"text-align:center;\">4400<\/td>\n<td style=\"text-align:center;\">9591<\/td>\n<\/tr>\n<tr>\n<td>Poids<\/td>\n<td style=\"text-align:center;\">Kg<\/td>\n<td style=\"text-align:center;\">150<\/td>\n<td style=\"text-align:center;\">200<\/td>\n<\/tr>\n<tr>\n<td>Tension<\/td>\n<td style=\"text-align:center;\">V<\/td>\n<td style=\"text-align:center;\">230 or 400<\/td>\n<td style=\"text-align:center;\">230 or 400<\/td>\n<\/tr>\n<\/tbody>\n<\/table>\n","protected":false},"excerpt":{"rendered":"<p>O TEXBLACK \u00e9 um secador intercalar utilizado na secagem interm\u00e9dias impress\u00f5es. O TEXBLACK pode ser diversas \u00e1reas de secagem e pode ser incorporado em qualquer carrossel autom\u00e1tico de impress\u00e3o. Podemos equipar o flash com diversos tipos de START que pode ir ser: fotoc\u00e9lula; pedal; controlo atrav\u00e9s de m\u00e1quina; etc&#8230;<\/p>\n<div class=\"btn_product\"><a class=\"btn_short_pdf elementor-align-justify elementor-button\" role=\"button\" href=\"https:\/\/acosgraf.com\/wp-content\/uploads\/2019\/10\/TEXBLACK.pdf\"><i class=\"far fa-file-pdf\" aria-hidden=\"true\"><\/i> <span class=\"txt_btn_pdf\">T\u00c9L\u00c9CHARGER LE PDF<\/span><\/a><\/div>\n","protected":false},"featured_media":3424,"template":"","meta":[],"product_cat":[220,210],"product_tag":[],"class_list":["post-3422","product","type-product","status-publish","has-post-thumbnail","hentry","product_cat-sechage-intermediaire","product_cat-serigraphie-textile"],"_links":{"self":[{"href":"https:\/\/acosgraf.com\/fr\/wp-json\/wp\/v2\/product\/3422","targetHints":{"allow":["GET"]}}],"collection":[{"href":"https:\/\/acosgraf.com\/fr\/wp-json\/wp\/v2\/product"}],"about":[{"href":"https:\/\/acosgraf.com\/fr\/wp-json\/wp\/v2\/types\/product"}],"version-history":[{"count":3,"href":"https:\/\/acosgraf.com\/fr\/wp-json\/wp\/v2\/product\/3422\/revisions"}],"predecessor-version":[{"id":3447,"href":"https:\/\/acosgraf.com\/fr\/wp-json\/wp\/v2\/product\/3422\/revisions\/3447"}],"wp:featuredmedia":[{"embeddable":true,"href":"https:\/\/acosgraf.com\/fr\/wp-json\/wp\/v2\/media\/3424"}],"wp:attachment":[{"href":"https:\/\/acosgraf.com\/fr\/wp-json\/wp\/v2\/media?parent=3422"}],"wp:term":[{"taxonomy":"product_cat","embeddable":true,"href":"https:\/\/acosgraf.com\/fr\/wp-json\/wp\/v2\/product_cat?post=3422"},{"taxonomy":"product_tag","embeddable":true,"href":"https:\/\/acosgraf.com\/fr\/wp-json\/wp\/v2\/product_tag?post=3422"}],"curies":[{"name":"wp","href":"https:\/\/api.w.org\/{rel}","templated":true}]}}