
{"id":3494,"date":"2019-10-15T14:04:23","date_gmt":"2019-10-15T14:04:23","guid":{"rendered":"https:\/\/acosgraf.com\/produto\/texflash\/"},"modified":"2021-11-18T15:24:44","modified_gmt":"2021-11-18T15:24:44","slug":"texflash","status":"publish","type":"product","link":"https:\/\/acosgraf.com\/fr\/produto\/texflash\/","title":{"rendered":"TEXFLASH"},"content":{"rendered":"\t\t<div data-elementor-type=\"product-post\" data-elementor-id=\"3494\" class=\"elementor elementor-3494\" data-elementor-post-type=\"product\">\n\t\t\t\t\t\t<section class=\"elementor-section elementor-top-section elementor-element elementor-element-3167bbbf elementor-section-boxed elementor-section-height-default elementor-section-height-default\" data-id=\"3167bbbf\" data-element_type=\"section\" data-e-type=\"section\">\n\t\t\t\t\t\t<div class=\"elementor-container elementor-column-gap-default\">\n\t\t\t\t\t<div class=\"elementor-column elementor-col-100 elementor-top-column elementor-element elementor-element-30a0e495\" data-id=\"30a0e495\" data-element_type=\"column\" data-e-type=\"column\">\n\t\t\t<div class=\"elementor-widget-wrap elementor-element-populated\">\n\t\t\t\t\t\t<div class=\"elementor-element elementor-element-7bdb07ee elementor-widget elementor-widget-text-editor\" data-id=\"7bdb07ee\" data-element_type=\"widget\" data-e-type=\"widget\" data-widget_type=\"text-editor.default\">\n\t\t\t\t<div class=\"elementor-widget-container\">\n\t\t\t\t\t\t\t\t\t<ul>\n \t<li>Fonte de calor &#8211; 6000W e 9000W<\/li>\n \t<li>Possibilidade de ajuste da pot\u00eancias das l\u00e2mpadas entre 20% a 100%;<\/li>\n \t<li>Acionamento de l\u00e2mpadas independente;<\/li>\n \t<li>Ventiladores para homogeneiza\u00e7\u00e3o do calor;<\/li>\n \t<li>Funcionamento autom\u00e1tico;<\/li>\n \t<li>Temporizador de exposi\u00e7\u00e3o;<\/li>\n \t<li>Possibilidade de ser equipado com pre aquecimento de l\u00e2mpadas;<\/li>\n \t<li>Pode ter op\u00e7\u00e3o de foto c\u00e9lula da leitura da palete, start autom\u00e1tico atrav\u00e9s do comando da maquina ou pedal.<\/li>\n<\/ul>\n<table class=\"tbl-products\">\n<tbody>\n<tr>\n<th>TEXFLASH<\/th>\n<th style=\"text-align: center;\">Uni<\/th>\n<th>TF 6000<\/th>\n<th>TF 9000<\/th>\n<\/tr>\n<tr>\n<td>\u00c1rea de exposi\u00e7\u00e3o de Calor<\/td>\n<td style=\"text-align: center;\">Cm<\/td>\n<td style=\"text-align: center;\">59&#215;40<\/td>\n<td style=\"text-align: center;\">59&#215;40<\/td>\n<tr>\n<td>Altura da plataforma de trabalho<\/td>\n<td style=\"text-align: center;\">cm<\/td>\n<td style=\"text-align: center;\">85 a 120<\/td>\n<td style=\"text-align: center;\">85 a 120<\/td>\n<\/tr>\n<tr>\n<td>Profundidade exterior<\/td>\n<td style=\"text-align: center;\">Cm<\/td>\n<td style=\"text-align: center;\">101<\/td>\n<td style=\"text-align: center;\">101<\/td>\n<\/tr>\n<tr>\n<td>Largura exterior<\/td>\n<td style=\"text-align: center;\">Cm<\/td>\n<td style=\"text-align: center;\">52<\/td>\n<td style=\"text-align: center;\">52<\/td>\n<\/tr>\n<tr>\n<td>Altura exterior<\/td>\n<td style=\"text-align: center;\">Cm<\/td>\n<td style=\"text-align: center;\">104 a140<\/td>\n<td style=\"text-align: center;\">104 a140<\/td>\n<\/tr>\n<tr>\n<td>Pot\u00eancia<\/td>\n<td style=\"text-align: center;\">W<\/td>\n<td style=\"text-align: center;\">6000<\/td>\n<td style=\"text-align: center;\">9000<\/td>\n<\/tr>\n<tr>\n<td>Peso<\/td>\n<td style=\"text-align: center;\">Kg<\/td>\n<td style=\"text-align: center;\">40<\/td>\n<td style=\"text-align: center;\">45<\/td>\n<\/tr>\n<tr>\n<td>Voltagem<\/td>\n<td style=\"text-align: center;\">V<\/td>\n<td style=\"text-align: center;\">3x 230 ou 3x 400<\/td>\n<td style=\"text-align: center;\">3x 230 ou 3x 400<\/td>\n<\/tr>\n<tr>\n<td>Dimens\u00f5es de envio (larg*prof*alt.)<\/td>\n<td style=\"text-align: center;\">Cm<\/td>\n<td style=\"text-align: center;\">101*52*105<\/td>\n<td style=\"text-align: center;\">101*52*105<\/td>\n<td style=\"text-align: center;\"><\/td>\n<\/tr>\n<tr>\n<td>Dimens\u00f5es de envio (pack de 3)<\/td>\n<td style=\"text-align: center;\">Cm<\/td>\n<td style=\"text-align: center;\">120*100*196<\/td>\n<td style=\"text-align: center;\">120*100*196<\/td>\n<td style=\"text-align: center;\"><\/td>\n<\/tr>\n<\/tbody>\n<\/table>\t\t\t\t\t\t\t\t<\/div>\n\t\t\t\t<\/div>\n\t\t\t\t\t<\/div>\n\t\t<\/div>\n\t\t\t\t\t<\/div>\n\t\t<\/section>\n\t\t\t\t<\/div>\n\t\t","protected":false},"excerpt":{"rendered":"<p>O Texflash \u00e9 um equipamento utilizado num posto de secagem interm\u00e9dio de impress\u00e3o serigr\u00e1fica, no carrossel e outros.<\/p>\n","protected":false},"featured_media":3496,"template":"","meta":[],"product_cat":[220,210],"product_tag":[],"class_list":["post-3494","product","type-product","status-publish","has-post-thumbnail","hentry","product_cat-sechage-intermediaire","product_cat-serigraphie-textile"],"_links":{"self":[{"href":"https:\/\/acosgraf.com\/fr\/wp-json\/wp\/v2\/product\/3494","targetHints":{"allow":["GET"]}}],"collection":[{"href":"https:\/\/acosgraf.com\/fr\/wp-json\/wp\/v2\/product"}],"about":[{"href":"https:\/\/acosgraf.com\/fr\/wp-json\/wp\/v2\/types\/product"}],"version-history":[{"count":4,"href":"https:\/\/acosgraf.com\/fr\/wp-json\/wp\/v2\/product\/3494\/revisions"}],"predecessor-version":[{"id":10202,"href":"https:\/\/acosgraf.com\/fr\/wp-json\/wp\/v2\/product\/3494\/revisions\/10202"}],"wp:featuredmedia":[{"embeddable":true,"href":"https:\/\/acosgraf.com\/fr\/wp-json\/wp\/v2\/media\/3496"}],"wp:attachment":[{"href":"https:\/\/acosgraf.com\/fr\/wp-json\/wp\/v2\/media?parent=3494"}],"wp:term":[{"taxonomy":"product_cat","embeddable":true,"href":"https:\/\/acosgraf.com\/fr\/wp-json\/wp\/v2\/product_cat?post=3494"},{"taxonomy":"product_tag","embeddable":true,"href":"https:\/\/acosgraf.com\/fr\/wp-json\/wp\/v2\/product_tag?post=3494"}],"curies":[{"name":"wp","href":"https:\/\/api.w.org\/{rel}","templated":true}]}}