
{"id":3519,"date":"2019-10-15T14:04:23","date_gmt":"2019-10-15T14:04:23","guid":{"rendered":"https:\/\/acosgraf.com\/produto\/mh-flash-s-type\/"},"modified":"2019-10-17T10:27:19","modified_gmt":"2019-10-17T10:27:19","slug":"mh-flash-s-type","status":"publish","type":"product","link":"https:\/\/acosgraf.com\/fr\/produto\/mh-flash-s-type\/","title":{"rendered":"MH FLASH &#8211; S-TYPE"},"content":{"rendered":"<ul>\n<li>Puissance installai &#8211;&nbsp;9000W;<\/li>\n<li>Ventilation for aidai dans la s\u00e9chage parfait de encres;<\/li>\n<li>Peux \u00eatre utilisai dans les carrousels de impression automatiques ou manuelles;<\/li>\n<li>Temporisateur de flash int\u00e9grai dans la machine;<\/li>\n<li>Contr\u00f4le de puissance des lampes de 20% \u00e0 100%<\/li>\n<li>Lampes commutables ind\u00e9pendamment;<\/li>\n<li>D\u00e9clencheur automatique avec photocellule ou fin de course ou avec contr\u00f4le pour machines : Hebbecker, S-roque, MHM ou autres;<\/li>\n<li>Pr\u00e9 chauffage de les lampes pour avoir une cycle de flash plus rapide.<\/li>\n<\/ul>\n<table class=\"tbl-products\">\n<tbody>\n<tr>\n<th>MHFLASH &#8211; S-TYPE<\/th>\n<th style=\"text-align:center;\">Unidades<\/th>\n<th>MH S 9000<\/th>\n<\/tr>\n<tr>\n<td>Surface de s\u00e9chage<\/td>\n<td style=\"text-align:center;\">Cm<\/td>\n<td style=\"text-align:center;\">60X40<\/td>\n<\/tr>\n<tr>\n<td>Hauteur de travaille<\/td>\n<td style=\"text-align:center;\">cm<\/td>\n<td style=\"text-align:center;\">68 to 115<\/td>\n<\/tr>\n<tr>\n<td>Longueur<\/td>\n<td style=\"text-align:center;\">Cm<\/td>\n<td style=\"text-align:center;\">80<\/td>\n<\/tr>\n<tr>\n<td>Larguer<\/td>\n<td style=\"text-align:center;\">Cm<\/td>\n<td style=\"text-align:center;\">61<\/td>\n<\/tr>\n<tr>\n<td>Hauteur<\/td>\n<td style=\"text-align:center;\">Cm<\/td>\n<td style=\"text-align:center;\">127 to 163<\/td>\n<\/tr>\n<tr>\n<td>Vel. max. de impress\u00e3o a 600dpi<\/td>\n<td style=\"text-align:center;\">m2\/h<\/td>\n<td style=\"text-align:center;\">9000<\/td>\n<\/tr>\n<tr>\n<td>Poids<\/td>\n<td style=\"text-align:center;\">Kg<\/td>\n<td style=\"text-align:center;\">50<\/td>\n<\/tr>\n<tr>\n<td>Tension<\/td>\n<td style=\"text-align:center;\">V<\/td>\n<td style=\"text-align:center;\">230 or 400<\/td>\n<\/tr>\n<tr>\n<td>Dimens\u00f5es de envio (larg*comp*prof.)<\/td>\n<td style=\"text-align:center;\">Cm<\/td>\n<td style=\"text-align:center;\">61*80*137<\/td>\n<\/tr>\n<\/tbody>\n<\/table>\n","protected":false},"excerpt":{"rendered":"<p>Le MH FLASH S-TYPE \u00e9 un s\u00e9cheur interm\u00e9diaire capable de s\u00e9chais les encres entre colleurs. Le MH FLASH S-TYPE peut \u00eatre utilisai dans les machines de impression automatiques et aussi dans le carrousels de impressions manuelles. En peux utilisai le MH FLASH S-TYPE avec pies ou sans le pies d\u00e9pendant de son utilisation. Le MHM FLASH S-TYPE avais de dimension et dessin sp\u00e9ciale pour \u00eatre utilisai dans la t\u00eate de impression da la machine MHM S-TYPE.<\/p>\n<div class=\"btn_product\"><a class=\"btn_short_pdf elementor-align-justify elementor-button\" role=\"button\" href=\"https:\/\/acosgraf.com\/wp-content\/uploads\/2019\/10\/MHFLASH-S-TYPE-fr.pdf\"><i class=\"far fa-file-pdf\" aria-hidden=\"true\"><\/i> <span class=\"txt_btn_pdf\">T\u00c9L\u00c9CHARGER LE PDF<\/span><\/a><\/div>\n","protected":false},"featured_media":3521,"template":"","meta":[],"product_cat":[220,210],"product_tag":[],"class_list":["post-3519","product","type-product","status-publish","has-post-thumbnail","hentry","product_cat-sechage-intermediaire","product_cat-serigraphie-textile"],"_links":{"self":[{"href":"https:\/\/acosgraf.com\/fr\/wp-json\/wp\/v2\/product\/3519","targetHints":{"allow":["GET"]}}],"collection":[{"href":"https:\/\/acosgraf.com\/fr\/wp-json\/wp\/v2\/product"}],"about":[{"href":"https:\/\/acosgraf.com\/fr\/wp-json\/wp\/v2\/types\/product"}],"version-history":[{"count":3,"href":"https:\/\/acosgraf.com\/fr\/wp-json\/wp\/v2\/product\/3519\/revisions"}],"predecessor-version":[{"id":3525,"href":"https:\/\/acosgraf.com\/fr\/wp-json\/wp\/v2\/product\/3519\/revisions\/3525"}],"wp:featuredmedia":[{"embeddable":true,"href":"https:\/\/acosgraf.com\/fr\/wp-json\/wp\/v2\/media\/3521"}],"wp:attachment":[{"href":"https:\/\/acosgraf.com\/fr\/wp-json\/wp\/v2\/media?parent=3519"}],"wp:term":[{"taxonomy":"product_cat","embeddable":true,"href":"https:\/\/acosgraf.com\/fr\/wp-json\/wp\/v2\/product_cat?post=3519"},{"taxonomy":"product_tag","embeddable":true,"href":"https:\/\/acosgraf.com\/fr\/wp-json\/wp\/v2\/product_tag?post=3519"}],"curies":[{"name":"wp","href":"https:\/\/api.w.org\/{rel}","templated":true}]}}