
{"id":3529,"date":"2019-10-15T14:04:23","date_gmt":"2019-10-15T14:04:23","guid":{"rendered":"https:\/\/acosgraf.com\/produto\/walzflash\/"},"modified":"2019-10-17T10:30:57","modified_gmt":"2019-10-17T10:30:57","slug":"walzflash","status":"publish","type":"product","link":"https:\/\/acosgraf.com\/fr\/produto\/walzflash\/","title":{"rendered":"WALZFLASH"},"content":{"rendered":"<ul>\n<li>Fonte de calor &#8211; 6000W,9000W e 13500W;<\/li>\n<li>Possibilidade de ajuste da pot\u00eancias das l\u00e2mpadas entre 20% a 100%;<\/li>\n<li>Accionamento de l\u00e2mpadas independente;<\/li>\n<li>Ventiladores para homogeneiza\u00e7\u00e3o do calor;<\/li>\n<li>Funcionamento autom\u00e1tico;<\/li>\n<li>Temporizador de exposi\u00e7\u00e3o;<\/li>\n<li>Possibilidade de ser equipado com pre aquecimento de lampadas;<\/li>\n<li>Pode ter op\u00e7\u00e3o de foto c\u00e9lula da leitura da palete, start autom\u00e1tico atrav\u00e9s do comando da maquina ou pedal.<\/li>\n<\/ul>\n<table class=\"tbl-products\">\n<tbody>\n<tr>\n<th>WALZFLASH<\/th>\n<th style=\"text-align:center;\">Unidades<\/th>\n<th>WF 6000<\/th>\n<th>WF 9000<\/th>\n<th>WF 13500<\/th>\n<\/tr>\n<tr>\n<td>Dimension du chaleur<\/td>\n<td style=\"text-align:center;\">Cm<\/td>\n<td style=\"text-align:center;\">59&#215;40<\/td>\n<td style=\"text-align:center;\">59&#215;40<\/td>\n<td style=\"text-align:center;\">50 x 70<\/td>\n<\/tr>\n<tr>\n<td>Hauteur de travaille<\/td>\n<td style=\"text-align:center;\">cm<\/td>\n<td style=\"text-align:center;\">85 a 120<\/td>\n<td style=\"text-align:center;\">85 a 120<\/td>\n<td style=\"text-align:center;\">85 a 120<\/td>\n<\/tr>\n<tr>\n<td>Profondeur<\/td>\n<td style=\"text-align:center;\">Cm<\/td>\n<td style=\"text-align:center;\">105<\/td>\n<td style=\"text-align:center;\">105<\/td>\n<td style=\"text-align:center;\"><\/td>\n<\/tr>\n<tr>\n<td>Larguer<\/td>\n<td style=\"text-align:center;\">Cm<\/td>\n<td style=\"text-align:center;\">52<\/td>\n<td style=\"text-align:center;\">52<\/td>\n<td style=\"text-align:center;\"><\/td>\n<\/tr>\n<tr>\n<td>Hauteur<\/td>\n<td style=\"text-align:center;\">Cm<\/td>\n<td style=\"text-align:center;\">104 a140<\/td>\n<td style=\"text-align:center;\">104 a140<\/td>\n<td style=\"text-align:center;\">104 a140<\/td>\n<\/tr>\n<tr>\n<td>Vel. max. de impress\u00e3o a 600dpi<\/td>\n<td style=\"text-align:center;\">m2\/h<\/td>\n<td style=\"text-align:center;\">6000<\/td>\n<td style=\"text-align:center;\">9000<\/td>\n<td style=\"text-align:center;\">13500<\/td>\n<\/tr>\n<tr>\n<td>Tension<\/td>\n<td style=\"text-align:center;\">V<\/td>\n<td style=\"text-align:center;\">3x 230 ou 3x 400<\/td>\n<td style=\"text-align:center;\">3x 230 ou 3x 400<\/td>\n<td style=\"text-align:center;\">3x 230 ou 3x 400<\/td>\n<\/tr>\n<\/tbody>\n<\/table>\n","protected":false},"excerpt":{"rendered":"<p>O WALZFLASH \u00e9 um secador intercalar utilizado na secagem interm\u00e9didas impress\u00f5es. O WALZFLASH pode ser diversas \u00e1reas de secagem e pode ser incoorporado quer em m\u00e1quinas mais ou m\u00e1quinas autom\u00e1ticas. Podemos equipar o flash com diversos tipos de START que pode ir ser: fotocelula; pedal; controlo atrav\u00e9s de m\u00e1quina; etc&#8230;<\/p>\n<div class=\"btn_product\"><a class=\"btn_short_pdf elementor-align-justify elementor-button\" role=\"button\" href=\"https:\/\/acosgraf.com\/wp-content\/uploads\/2019\/10\/WALZFLASH-fr.pdf\"><i class=\"far fa-file-pdf\" aria-hidden=\"true\"><\/i> <span class=\"txt_btn_pdf\">T\u00c9L\u00c9CHARGER LE PDF<\/span><\/a><\/div>\n","protected":false},"featured_media":3531,"template":"","meta":[],"product_cat":[220,210],"product_tag":[],"class_list":["post-3529","product","type-product","status-publish","has-post-thumbnail","hentry","product_cat-sechage-intermediaire","product_cat-serigraphie-textile"],"_links":{"self":[{"href":"https:\/\/acosgraf.com\/fr\/wp-json\/wp\/v2\/product\/3529","targetHints":{"allow":["GET"]}}],"collection":[{"href":"https:\/\/acosgraf.com\/fr\/wp-json\/wp\/v2\/product"}],"about":[{"href":"https:\/\/acosgraf.com\/fr\/wp-json\/wp\/v2\/types\/product"}],"version-history":[{"count":3,"href":"https:\/\/acosgraf.com\/fr\/wp-json\/wp\/v2\/product\/3529\/revisions"}],"predecessor-version":[{"id":3536,"href":"https:\/\/acosgraf.com\/fr\/wp-json\/wp\/v2\/product\/3529\/revisions\/3536"}],"wp:featuredmedia":[{"embeddable":true,"href":"https:\/\/acosgraf.com\/fr\/wp-json\/wp\/v2\/media\/3531"}],"wp:attachment":[{"href":"https:\/\/acosgraf.com\/fr\/wp-json\/wp\/v2\/media?parent=3529"}],"wp:term":[{"taxonomy":"product_cat","embeddable":true,"href":"https:\/\/acosgraf.com\/fr\/wp-json\/wp\/v2\/product_cat?post=3529"},{"taxonomy":"product_tag","embeddable":true,"href":"https:\/\/acosgraf.com\/fr\/wp-json\/wp\/v2\/product_tag?post=3529"}],"curies":[{"name":"wp","href":"https:\/\/api.w.org\/{rel}","templated":true}]}}