
{"id":3568,"date":"2019-10-15T14:04:23","date_gmt":"2019-10-15T14:04:23","guid":{"rendered":"https:\/\/acosgraf.com\/produto\/water-flash\/"},"modified":"2019-10-17T10:44:19","modified_gmt":"2019-10-17T10:44:19","slug":"water-flash","status":"publish","type":"product","link":"https:\/\/acosgraf.com\/fr\/produto\/water-flash\/","title":{"rendered":"WATER FLASH"},"content":{"rendered":"<ul>\n<li>Fonte de calor &#8211; 6000W,9000W e 13500W;<\/li>\n<li>Possibilidade de ajuste da pot\u00eancias das l\u00e2mpadas entre 20% a 100%;<\/li>\n<li>Acionamento de l\u00e2mpadas independente;<\/li>\n<li>6 Ventiladores para homogeneiza\u00e7\u00e3o do calor;<\/li>\n<li>Alto rendimento de ventila\u00e7\u00e3o para obter resultados \u00f3timos em tintas de base de \u00e1gua e solventes;<\/li>\n<li>Funcionamento autom\u00e1tico;<\/li>\n<li>Temporizador de tempo de flash;<\/li>\n<li>Possibilidade de ser equipado com pre aquecimento de l\u00e2mpadas;<\/li>\n<li>Pode ter op\u00e7\u00e3o de foto c\u00e9lula da leitura da palete, start autom\u00e1tico atrav\u00e9s do comando da maquina ou pedal.<\/li>\n<\/ul>\n<table class=\"tbl-products\">\n<tbody>\n<tr>\n<th>WATER FLASH<\/th>\n<th style=\"text-align:center;\">Uni<\/th>\n<th>WA F 6000<\/th>\n<th>WA F 9000<\/th>\n<\/tr>\n<tr>\n<td>\u00c1rea de calor<\/td>\n<td style=\"text-align:center;\">Cm<\/td>\n<td style=\"text-align:center;\">59&#215;40<\/td>\n<td style=\"text-align:center;\">59&#215;40<\/td>\n<\/tr>\n<tr>\n<td>Altura da plataforma de trabalho<\/td>\n<td style=\"text-align:center;\">cm<\/td>\n<td style=\"text-align:center;\">85 a 120<\/td>\n<td style=\"text-align:center;\">85 a 120<\/td>\n<\/tr>\n<tr>\n<td>Profundidade exterior<\/td>\n<td style=\"text-align:center;\">Cm<\/td>\n<td style=\"text-align:center;\">100<\/td>\n<td style=\"text-align:center;\">100<\/td>\n<\/tr>\n<tr>\n<td>Largura exterior<\/td>\n<td style=\"text-align:center;\">Cm<\/td>\n<td style=\"text-align:center;\">52<\/td>\n<td style=\"text-align:center;\">52<\/td>\n<\/tr>\n<tr>\n<td>Altura exterior<\/td>\n<td style=\"text-align:center;\">Cm<\/td>\n<td style=\"text-align:center;\">104 a140<\/td>\n<td style=\"text-align:center;\">104 a140<\/td>\n<\/tr>\n<tr>\n<td>Pot\u00eancia<\/td>\n<td style=\"text-align:center;\">W<\/td>\n<td style=\"text-align:center;\">6000<\/td>\n<td style=\"text-align:center;\">9000<\/td>\n<\/tr>\n<tr>\n<td>Peso<\/td>\n<td style=\"text-align:center;\">Kg<\/td>\n<td style=\"text-align:center;\">40<\/td>\n<td style=\"text-align:center;\">45<\/td>\n<\/tr>\n<tr>\n<td>Voltagem<\/td>\n<td style=\"text-align:center;\">V<\/td>\n<td style=\"text-align:center;\">3&#215;230 ou 3&#215;400<\/td>\n<td style=\"text-align:center;\">3&#215;230 ou 3&#215;400<\/td>\n<\/tr>\n<\/tbody>\n<\/table>\n","protected":false},"excerpt":{"rendered":"<p>O WATTERFLASH \u00e9 um secador intercalar utilizado na secagem interm\u00e9dias impress\u00f5es. O WATTERFLASH pode ser diversas \u00e1reas de secagem e pode ser incorporado quer em m\u00e1quinas mais ou m\u00e1quinas autom\u00e1ticas. Podemos equipar o flash com diversos tipos de START que pode ir ser: fotoc\u00e9lula; pedal; controlo atrav\u00e9s de m\u00e1quina; etc&#8230;<\/p>\n<div class=\"btn_product\"><a class=\"btn_short_pdf elementor-align-justify elementor-button\" role=\"button\" href=\"https:\/\/acosgraf.com\/wp-content\/uploads\/2019\/10\/WATTER-FLASH-fr.pdf\"><i class=\"far fa-file-pdf\" aria-hidden=\"true\"><\/i> <span class=\"txt_btn_pdf\">T\u00c9L\u00c9CHARGER LE PDF<\/span><\/a><\/div>\n","protected":false},"featured_media":3570,"template":"","meta":[],"product_cat":[220,210],"product_tag":[],"class_list":["post-3568","product","type-product","status-publish","has-post-thumbnail","hentry","product_cat-sechage-intermediaire","product_cat-serigraphie-textile"],"_links":{"self":[{"href":"https:\/\/acosgraf.com\/fr\/wp-json\/wp\/v2\/product\/3568","targetHints":{"allow":["GET"]}}],"collection":[{"href":"https:\/\/acosgraf.com\/fr\/wp-json\/wp\/v2\/product"}],"about":[{"href":"https:\/\/acosgraf.com\/fr\/wp-json\/wp\/v2\/types\/product"}],"version-history":[{"count":2,"href":"https:\/\/acosgraf.com\/fr\/wp-json\/wp\/v2\/product\/3568\/revisions"}],"predecessor-version":[{"id":3574,"href":"https:\/\/acosgraf.com\/fr\/wp-json\/wp\/v2\/product\/3568\/revisions\/3574"}],"wp:featuredmedia":[{"embeddable":true,"href":"https:\/\/acosgraf.com\/fr\/wp-json\/wp\/v2\/media\/3570"}],"wp:attachment":[{"href":"https:\/\/acosgraf.com\/fr\/wp-json\/wp\/v2\/media?parent=3568"}],"wp:term":[{"taxonomy":"product_cat","embeddable":true,"href":"https:\/\/acosgraf.com\/fr\/wp-json\/wp\/v2\/product_cat?post=3568"},{"taxonomy":"product_tag","embeddable":true,"href":"https:\/\/acosgraf.com\/fr\/wp-json\/wp\/v2\/product_tag?post=3568"}],"curies":[{"name":"wp","href":"https:\/\/api.w.org\/{rel}","templated":true}]}}