
{"id":3588,"date":"2019-10-15T14:04:34","date_gmt":"2019-10-15T14:04:34","guid":{"rendered":"https:\/\/acosgraf.com\/produto\/ceramic-dryer-3m\/"},"modified":"2019-10-17T10:55:32","modified_gmt":"2019-10-17T10:55:32","slug":"ceramic-dryer-3m","status":"publish","type":"product","link":"https:\/\/acosgraf.com\/fr\/produto\/ceramic-dryer-3m\/","title":{"rendered":"CERAMIC DRYER 3M"},"content":{"rendered":"<table class=\"tbl-products\">\n<tbody>\n<tr>\n<th>CERAMIC DRYER 3M<\/th>\n<th style=\"text-align:center;\">Unidades<\/th>\n<th>CD 30050<\/th>\n<th>CD 30075<\/th>\n<th>CD 30010<\/th>\n<th>CD 30012<\/th>\n<\/tr>\n<tr>\n<td>Dimension du chaleur<\/td>\n<td style=\"text-align:center;\">Cm<\/td>\n<td style=\"text-align:center;\">300&#215;50<\/td>\n<td style=\"text-align:center;\">300&#215;75<\/td>\n<td style=\"text-align:center;\">300&#215;100<\/td>\n<td style=\"text-align:center;\">300&#215;125<\/td>\n<\/tr>\n<tr>\n<td>Vitesse du tapis<\/td>\n<td style=\"text-align:center;\">m\/min<\/td>\n<td style=\"text-align:center;\">25 to 120<\/td>\n<td style=\"text-align:center;\">25 to 120<\/td>\n<td style=\"text-align:center;\">25 to 120<\/td>\n<td style=\"text-align:center;\">25 to 120<\/td>\n<\/tr>\n<tr>\n<td>Larguer du tapis<\/td>\n<td style=\"text-align:center;\">Cm<\/td>\n<td style=\"text-align:center;\">50<\/td>\n<td style=\"text-align:center;\">75<\/td>\n<td style=\"text-align:center;\">100<\/td>\n<td style=\"text-align:center;\">125<\/td>\n<\/tr>\n<tr>\n<td>Hauteur maximum de objectes \u00e0 s\u00e9chai<\/td>\n<td style=\"text-align:center;\">Cm<\/td>\n<td style=\"text-align:center;\">13<\/td>\n<td style=\"text-align:center;\">13<\/td>\n<td style=\"text-align:center;\">13<\/td>\n<td style=\"text-align:center;\">13<\/td>\n<\/tr>\n<tr>\n<td>Puissance installe<\/td>\n<td style=\"text-align:center;\">kW<\/td>\n<td style=\"text-align:center;\">10<\/td>\n<td style=\"text-align:center;\">15<\/td>\n<td style=\"text-align:center;\">20<\/td>\n<td style=\"text-align:center;\">25<\/td>\n<\/tr>\n<tr>\n<td>Longueur<\/td>\n<td style=\"text-align:center;\">Cm<\/td>\n<td style=\"text-align:center;\">450<\/td>\n<td style=\"text-align:center;\">450<\/td>\n<td style=\"text-align:center;\">450<\/td>\n<td style=\"text-align:center;\">450<\/td>\n<\/tr>\n<tr>\n<td>Larguer<\/td>\n<td style=\"text-align:center;\">Cm<\/td>\n<td style=\"text-align:center;\">86<\/td>\n<td style=\"text-align:center;\">102<\/td>\n<td style=\"text-align:center;\">117<\/td>\n<td style=\"text-align:center;\">157<\/td>\n<\/tr>\n<tr>\n<td>Hauteur<\/td>\n<td style=\"text-align:center;\">Cm<\/td>\n<td style=\"text-align:center;\">150<\/td>\n<td style=\"text-align:center;\">150<\/td>\n<td style=\"text-align:center;\">150<\/td>\n<td style=\"text-align:center;\">150<\/td>\n<\/tr>\n<tr>\n<td>Poids<\/td>\n<td style=\"text-align:center;\">Kg<\/td>\n<td style=\"text-align:center;\">660<\/td>\n<td style=\"text-align:center;\">720<\/td>\n<td style=\"text-align:center;\">760<\/td>\n<td style=\"text-align:center;\">800<\/td>\n<\/tr>\n<tr>\n<td>Tension<\/td>\n<td style=\"text-align:center;\">V<\/td>\n<td style=\"text-align:center;\">3x 400<\/td>\n<td style=\"text-align:center;\">3x 400<\/td>\n<td style=\"text-align:center;\">3x 400<\/td>\n<td style=\"text-align:center;\">3x 400<\/td>\n<\/tr>\n<\/tbody>\n<\/table>\n","protected":false},"excerpt":{"rendered":"<p>A m\u00e1quina CERAMIC DRYER \u00e9 um t\u00fanel de secagem ideal para a termofixa\u00e7\u00e3o de plastisol quer impresso directo em textil quer em papel.  O CERAMIC DRYER pode ser construido consoante as necessidades do cliente.<\/p>\n<div class=\"btn_product\"><a class=\"btn_short_pdf elementor-align-justify elementor-button\" role=\"button\" href=\"https:\/\/acosgraf.com\/wp-content\/uploads\/2019\/10\/CERAMIC-DRYER-3M-fr.pdf\"><i class=\"far fa-file-pdf\" aria-hidden=\"true\"><\/i> <span class=\"txt_btn_pdf\">T\u00c9L\u00c9CHARGER LE PDF<\/span><\/a><\/div>\n","protected":false},"featured_media":3589,"template":"","meta":[],"product_cat":[210,222],"product_tag":[],"class_list":["post-3588","product","type-product","status-publish","has-post-thumbnail","hentry","product_cat-serigraphie-textile","product_cat-tunnel-de-sechage-polyvalant"],"_links":{"self":[{"href":"https:\/\/acosgraf.com\/fr\/wp-json\/wp\/v2\/product\/3588","targetHints":{"allow":["GET"]}}],"collection":[{"href":"https:\/\/acosgraf.com\/fr\/wp-json\/wp\/v2\/product"}],"about":[{"href":"https:\/\/acosgraf.com\/fr\/wp-json\/wp\/v2\/types\/product"}],"version-history":[{"count":2,"href":"https:\/\/acosgraf.com\/fr\/wp-json\/wp\/v2\/product\/3588\/revisions"}],"predecessor-version":[{"id":3593,"href":"https:\/\/acosgraf.com\/fr\/wp-json\/wp\/v2\/product\/3588\/revisions\/3593"}],"wp:featuredmedia":[{"embeddable":true,"href":"https:\/\/acosgraf.com\/fr\/wp-json\/wp\/v2\/media\/3589"}],"wp:attachment":[{"href":"https:\/\/acosgraf.com\/fr\/wp-json\/wp\/v2\/media?parent=3588"}],"wp:term":[{"taxonomy":"product_cat","embeddable":true,"href":"https:\/\/acosgraf.com\/fr\/wp-json\/wp\/v2\/product_cat?post=3588"},{"taxonomy":"product_tag","embeddable":true,"href":"https:\/\/acosgraf.com\/fr\/wp-json\/wp\/v2\/product_tag?post=3588"}],"curies":[{"name":"wp","href":"https:\/\/api.w.org\/{rel}","templated":true}]}}