
{"id":3596,"date":"2019-10-15T14:04:34","date_gmt":"2019-10-15T14:04:34","guid":{"rendered":"https:\/\/acosgraf.com\/produto\/ceramic-dryer-15m\/"},"modified":"2019-10-17T11:02:46","modified_gmt":"2019-10-17T11:02:46","slug":"ceramic-dryer-15m","status":"publish","type":"product","link":"https:\/\/acosgraf.com\/fr\/produto\/ceramic-dryer-15m\/","title":{"rendered":"CERAMIC DRYER 1,5M"},"content":{"rendered":"<ul>\n<li>Tapis en maille de fibre de verre et T\u00e9flon;<\/li>\n<li>Variateur \u00e9lectronique de la vitesse du tapis;<\/li>\n<li>Possibilit\u00e9 de ajustement de hauteur de r\u00e9sistances au tapis;<\/li>\n<li>R\u00e9sistances c\u00e9ramique;<\/li>\n<li>Contr\u00f4le digitale de la temp\u00e9rature;<\/li>\n<li>Isolation thermique du tunnel;<\/li>\n<li>Temp\u00e9rature maximum de travail: 180\u00baC;<\/li>\n<li>Autres dimensions disponibles<\/li>\n<\/ul>\n<table class=\"tbl-products\">\n<tbody>\n<tr>\n<th>CERAMIC DRYER 1,5M<\/th>\n<th style=\"text-align:center;\">Unidades<\/th>\n<th>CD 15050<\/th>\n<th>CD 15075<\/th>\n<th>CD 15100<\/th>\n<th>CD 15125<\/th>\n<\/tr>\n<tr>\n<td>Dimension du chaleur<\/td>\n<td style=\"text-align:center;\">Cm<\/td>\n<td style=\"text-align:center;\">150&#215;50<\/td>\n<td style=\"text-align:center;\">150&#215;75<\/td>\n<td style=\"text-align:center;\">150&#215;100<\/td>\n<td style=\"text-align:center;\">150&#215;125<\/td>\n<\/tr>\n<tr>\n<td>Vitesse du tapis<\/td>\n<td style=\"text-align:center;\">m\/min<\/td>\n<td style=\"text-align:center;\">25 a 120<\/td>\n<td style=\"text-align:center;\">25 a 120<\/td>\n<td style=\"text-align:center;\">25 a 120<\/td>\n<td style=\"text-align:center;\">25 a 120<\/td>\n<\/tr>\n<tr>\n<td>Larguer du tapis<\/td>\n<td style=\"text-align:center;\">Cm<\/td>\n<td style=\"text-align:center;\">50<\/td>\n<td style=\"text-align:center;\">75<\/td>\n<td style=\"text-align:center;\">100<\/td>\n<td style=\"text-align:center;\">125<\/td>\n<\/tr>\n<tr>\n<td>Hauteur maximum de objectes \u00e0 s\u00e9chai<\/td>\n<td style=\"text-align:center;\">Cm<\/td>\n<td style=\"text-align:center;\">13<\/td>\n<td style=\"text-align:center;\">13<\/td>\n<td style=\"text-align:center;\">13<\/td>\n<td style=\"text-align:center;\">13<\/td>\n<\/tr>\n<tr>\n<td>Puissance installe<\/td>\n<td style=\"text-align:center;\">kW<\/td>\n<td style=\"text-align:center;\">5<\/td>\n<td style=\"text-align:center;\">7,5<\/td>\n<td style=\"text-align:center;\">10<\/td>\n<td style=\"text-align:center;\">12,5<\/td>\n<\/tr>\n<tr>\n<td>Longueur<\/td>\n<td style=\"text-align:center;\">Cm<\/td>\n<td style=\"text-align:center;\">250<\/td>\n<td style=\"text-align:center;\">250<\/td>\n<td style=\"text-align:center;\">250<\/td>\n<td style=\"text-align:center;\">250<\/td>\n<\/tr>\n<tr>\n<td>Larguer<\/td>\n<td style=\"text-align:center;\">Cm<\/td>\n<td style=\"text-align:center;\">86<\/td>\n<td style=\"text-align:center;\">102<\/td>\n<td style=\"text-align:center;\">117<\/td>\n<td style=\"text-align:center;\">157<\/td>\n<\/tr>\n<tr>\n<td>Hauteur<\/td>\n<td style=\"text-align:center;\">Cm<\/td>\n<td style=\"text-align:center;\">150<\/td>\n<td style=\"text-align:center;\">150<\/td>\n<td style=\"text-align:center;\">150<\/td>\n<td style=\"text-align:center;\">150<\/td>\n<\/tr>\n<tr>\n<td>Poids<\/td>\n<td style=\"text-align:center;\">Kg<\/td>\n<td style=\"text-align:center;\">330<\/td>\n<td style=\"text-align:center;\">360<\/td>\n<td style=\"text-align:center;\">380<\/td>\n<td style=\"text-align:center;\">400<\/td>\n<\/tr>\n<tr>\n<td>Tension<\/td>\n<td style=\"text-align:center;\">V<\/td>\n<td style=\"text-align:center;\">3x 230 ou 3x 400<\/td>\n<td style=\"text-align:center;\">3x 230 ou 3x 400<\/td>\n<td style=\"text-align:center;\">3x 230 ou 3x 400<\/td>\n<td style=\"text-align:center;\">3x 230 ou 3x 400<\/td>\n<\/tr>\n<\/tbody>\n<\/table>\n","protected":false},"excerpt":{"rendered":"<p>Le CERAMIC DRYER est un tunnel de s\u00e9chage textil \u00e9quipai avec r\u00e9sistances c\u00e9ramiques capable de s\u00e9chai du plastisol imprimai direct sur le textil ou sur le papier(transfer). Le CERAMIC DRYER avais la possibilit\u00e9 de changeai la h\u00e2teur de les r\u00e9sistances c\u00e9ramiques au tapis.<\/p>\n<div class=\"btn_product\"><a class=\"btn_short_pdf elementor-align-justify elementor-button\" role=\"button\" href=\"https:\/\/acosgraf.com\/wp-content\/uploads\/2019\/10\/CERAMIC-DRYER-15M-fr.pdf\"><i class=\"far fa-file-pdf\" aria-hidden=\"true\"><\/i> <span class=\"txt_btn_pdf\">T\u00c9L\u00c9CHARGER LE PDF<\/span><\/a><\/div>\n","protected":false},"featured_media":3597,"template":"","meta":[],"product_cat":[210,222],"product_tag":[],"class_list":["post-3596","product","type-product","status-publish","has-post-thumbnail","hentry","product_cat-serigraphie-textile","product_cat-tunnel-de-sechage-polyvalant"],"_links":{"self":[{"href":"https:\/\/acosgraf.com\/fr\/wp-json\/wp\/v2\/product\/3596","targetHints":{"allow":["GET"]}}],"collection":[{"href":"https:\/\/acosgraf.com\/fr\/wp-json\/wp\/v2\/product"}],"about":[{"href":"https:\/\/acosgraf.com\/fr\/wp-json\/wp\/v2\/types\/product"}],"version-history":[{"count":3,"href":"https:\/\/acosgraf.com\/fr\/wp-json\/wp\/v2\/product\/3596\/revisions"}],"predecessor-version":[{"id":3602,"href":"https:\/\/acosgraf.com\/fr\/wp-json\/wp\/v2\/product\/3596\/revisions\/3602"}],"wp:featuredmedia":[{"embeddable":true,"href":"https:\/\/acosgraf.com\/fr\/wp-json\/wp\/v2\/media\/3597"}],"wp:attachment":[{"href":"https:\/\/acosgraf.com\/fr\/wp-json\/wp\/v2\/media?parent=3596"}],"wp:term":[{"taxonomy":"product_cat","embeddable":true,"href":"https:\/\/acosgraf.com\/fr\/wp-json\/wp\/v2\/product_cat?post=3596"},{"taxonomy":"product_tag","embeddable":true,"href":"https:\/\/acosgraf.com\/fr\/wp-json\/wp\/v2\/product_tag?post=3596"}],"curies":[{"name":"wp","href":"https:\/\/api.w.org\/{rel}","templated":true}]}}