
{"id":3625,"date":"2019-10-15T14:04:34","date_gmt":"2019-10-15T14:04:34","guid":{"rendered":"https:\/\/acosgraf.com\/produto\/ceramic-dryer-1m\/"},"modified":"2019-10-17T11:12:19","modified_gmt":"2019-10-17T11:12:19","slug":"ceramic-dryer-1m","status":"publish","type":"product","link":"https:\/\/acosgraf.com\/fr\/produto\/ceramic-dryer-1m\/","title":{"rendered":"CERAMIC DRYER 1M"},"content":{"rendered":"<ul>\n<li>Tapete em malha revestido a Teflon;<\/li>\n<li>Variador electr\u00f3nico da velocidade do tapete;<\/li>\n<li>Possibilidade de ajustamento da altura das resist\u00eancias ao trabalho;<\/li>\n<li>Baterias de resist\u00eancias cer\u00e2micas;<\/li>\n<li>Controlador digital de temperatura;<\/li>\n<li>Chamin\u00e9 para exaust\u00e3o de fumos;<\/li>\n<li>Isolamento t\u00e9rmico em toda a \u00e1rea do t\u00fanel;<\/li>\n<li>Temperatura de funcionamento m\u00e1xima de funcionamento: 180\u00baC;<\/li>\n<li>Outras dimens\u00f5es dispon\u00edveis.<\/li>\n<\/ul>\n<table class=\"tbl-products\">\n<tbody>\n<tr>\n<th>Ceramic Dryer<\/th>\n<th style=\"text-align:center;\">Unidades<\/th>\n<th>CD 10050<\/th>\n<th>CD 10075<\/th>\n<th>CD 10100<\/th>\n<th>CD 10125<\/th>\n<\/tr>\n<tr>\n<td>Dimension du chaleur<\/td>\n<td style=\"text-align:center;\">Cm<\/td>\n<td style=\"text-align:center;\">100&#215;50<\/td>\n<td style=\"text-align:center;\">100&#215;75<\/td>\n<td style=\"text-align:center;\">100&#215;100<\/td>\n<td style=\"text-align:center;\">100&#215;125<\/td>\n<\/tr>\n<tr>\n<td>Vitesse du tapis<\/td>\n<td style=\"text-align:center;\">m\/min<\/td>\n<td style=\"text-align:center;\">25 to 120<\/td>\n<td style=\"text-align:center;\">25 to 120<\/td>\n<td style=\"text-align:center;\">25 to 120<\/td>\n<td style=\"text-align:center;\">25 to 120<\/td>\n<\/tr>\n<tr>\n<td>Larguer du tapis<\/td>\n<td style=\"text-align:center;\">Cm<\/td>\n<td style=\"text-align:center;\">50<\/td>\n<td style=\"text-align:center;\">75<\/td>\n<td style=\"text-align:center;\">100<\/td>\n<td style=\"text-align:center;\">125<\/td>\n<\/tr>\n<tr>\n<td>Hauteur maximum de objectes \u00e0 s\u00e9chai<\/td>\n<td style=\"text-align:center;\">Cm<\/td>\n<td style=\"text-align:center;\">13<\/td>\n<td style=\"text-align:center;\">13<\/td>\n<td style=\"text-align:center;\">13<\/td>\n<td style=\"text-align:center;\">13<\/td>\n<\/tr>\n<tr>\n<td>Puissance installe<\/td>\n<td style=\"text-align:center;\">kW<\/td>\n<td style=\"text-align:center;\">3<\/td>\n<td style=\"text-align:center;\">4,5<\/td>\n<td style=\"text-align:center;\">6,5<\/td>\n<td style=\"text-align:center;\">9,5<\/td>\n<\/tr>\n<tr>\n<td>Longueur<\/td>\n<td style=\"text-align:center;\">Cm<\/td>\n<td style=\"text-align:center;\">200<\/td>\n<td style=\"text-align:center;\">200<\/td>\n<td style=\"text-align:center;\">200<\/td>\n<td style=\"text-align:center;\">200<\/td>\n<\/tr>\n<tr>\n<td>Larguer<\/td>\n<td style=\"text-align:center;\">Cm<\/td>\n<td style=\"text-align:center;\">86<\/td>\n<td style=\"text-align:center;\">102<\/td>\n<td style=\"text-align:center;\">117<\/td>\n<td style=\"text-align:center;\">157<\/td>\n<\/tr>\n<tr>\n<td>Hauteur<\/td>\n<td style=\"text-align:center;\">Cm<\/td>\n<td style=\"text-align:center;\">150<\/td>\n<td style=\"text-align:center;\">150<\/td>\n<td style=\"text-align:center;\">150<\/td>\n<td style=\"text-align:center;\">150<\/td>\n<\/tr>\n<tr>\n<td>Poids<\/td>\n<td style=\"text-align:center;\">Kg<\/td>\n<td style=\"text-align:center;\">300<\/td>\n<td style=\"text-align:center;\">320<\/td>\n<td style=\"text-align:center;\">340<\/td>\n<td style=\"text-align:center;\">360<\/td>\n<\/tr>\n<tr>\n<td>Tension<\/td>\n<td style=\"text-align:center;\">V<\/td>\n<td style=\"text-align:center;\">380 ou 220<\/td>\n<td style=\"text-align:center;\">380 or 220<\/td>\n<td style=\"text-align:center;\">380 ou 220<\/td>\n<td style=\"text-align:center;\">380 ou 220<\/td>\n<\/tr>\n<\/tbody>\n<\/table>\n","protected":false},"excerpt":{"rendered":"<div class=\"btn_product\"><a class=\"btn_short_pdf elementor-align-justify elementor-button\" role=\"button\" href=\"https:\/\/acosgraf.com\/wp-content\/uploads\/2019\/10\/Ceramic-Dryer-fr.pdf\"><i class=\"far fa-file-pdf\" aria-hidden=\"true\"><\/i> <span class=\"txt_btn_pdf\">T\u00c9L\u00c9CHARGER LE PDF<\/span><\/a><\/div>\n","protected":false},"featured_media":3626,"template":"","meta":[],"product_cat":[210,222],"product_tag":[],"class_list":["post-3625","product","type-product","status-publish","has-post-thumbnail","hentry","product_cat-serigraphie-textile","product_cat-tunnel-de-sechage-polyvalant"],"_links":{"self":[{"href":"https:\/\/acosgraf.com\/fr\/wp-json\/wp\/v2\/product\/3625","targetHints":{"allow":["GET"]}}],"collection":[{"href":"https:\/\/acosgraf.com\/fr\/wp-json\/wp\/v2\/product"}],"about":[{"href":"https:\/\/acosgraf.com\/fr\/wp-json\/wp\/v2\/types\/product"}],"version-history":[{"count":3,"href":"https:\/\/acosgraf.com\/fr\/wp-json\/wp\/v2\/product\/3625\/revisions"}],"predecessor-version":[{"id":3631,"href":"https:\/\/acosgraf.com\/fr\/wp-json\/wp\/v2\/product\/3625\/revisions\/3631"}],"wp:featuredmedia":[{"embeddable":true,"href":"https:\/\/acosgraf.com\/fr\/wp-json\/wp\/v2\/media\/3626"}],"wp:attachment":[{"href":"https:\/\/acosgraf.com\/fr\/wp-json\/wp\/v2\/media?parent=3625"}],"wp:term":[{"taxonomy":"product_cat","embeddable":true,"href":"https:\/\/acosgraf.com\/fr\/wp-json\/wp\/v2\/product_cat?post=3625"},{"taxonomy":"product_tag","embeddable":true,"href":"https:\/\/acosgraf.com\/fr\/wp-json\/wp\/v2\/product_tag?post=3625"}],"curies":[{"name":"wp","href":"https:\/\/api.w.org\/{rel}","templated":true}]}}