
{"id":3636,"date":"2019-10-15T14:04:34","date_gmt":"2019-10-15T14:04:34","guid":{"rendered":"https:\/\/acosgraf.com\/produto\/airdryer-4m\/"},"modified":"2021-02-14T12:16:24","modified_gmt":"2021-02-14T12:16:24","slug":"airdryer-4m","status":"publish","type":"product","link":"https:\/\/acosgraf.com\/fr\/produto\/airdryer-4m\/","title":{"rendered":"AIRDRYER 4M"},"content":{"rendered":"\t\t<div data-elementor-type=\"product-post\" data-elementor-id=\"3636\" class=\"elementor elementor-3636\" data-elementor-post-type=\"product\">\n\t\t\t\t\t\t<section class=\"elementor-section elementor-top-section elementor-element elementor-element-2cde7c82 elementor-section-boxed elementor-section-height-default elementor-section-height-default\" data-id=\"2cde7c82\" data-element_type=\"section\" data-e-type=\"section\">\n\t\t\t\t\t\t<div class=\"elementor-container elementor-column-gap-default\">\n\t\t\t\t\t<div class=\"elementor-column elementor-col-100 elementor-top-column elementor-element elementor-element-436dd553\" data-id=\"436dd553\" data-element_type=\"column\" data-e-type=\"column\">\n\t\t\t<div class=\"elementor-widget-wrap elementor-element-populated\">\n\t\t\t\t\t\t<div class=\"elementor-element elementor-element-525910ec elementor-widget elementor-widget-text-editor\" data-id=\"525910ec\" data-element_type=\"widget\" data-e-type=\"widget\" data-widget_type=\"text-editor.default\">\n\t\t\t\t<div class=\"elementor-widget-container\">\n\t\t\t\t\t\t\t\t\t<table class=\"tbl-products\">\n<tbody>\n<tr>\n<th>AIRDRYER 4M<\/th>\n<th style=\"text-align: center;\">Unidades<\/th>\n<th>IN 40007<\/th>\n<th>IN 40008<\/th>\n<th>IN 40010<\/th>\n<th>IN 40012<\/th>\n<th>IN 40015<\/th>\n<th>IN 40016<\/th>\n<\/tr>\n<tr>\n<td>Dimension du chaleur<\/td>\n<td style=\"text-align: center;\">Cm<\/td>\n<td style=\"text-align: center;\">400&#215;70<\/td>\n<td style=\"text-align: center;\">400&#215;80<\/td>\n<td style=\"text-align: center;\">400&#215;100<\/td>\n<td style=\"text-align: center;\">400&#215;120<\/td>\n<td style=\"text-align: center;\">400&#215;150<\/td>\n<td style=\"text-align: center;\">400&#215;160<\/td>\n<\/tr>\n<tr>\n<td>Temps que l\u00e1 piece est sur le challeur<\/td>\n<td style=\"text-align: center;\">Seconds<\/td>\n<td style=\"text-align: center;\">60 \u00e0 180<\/td>\n<td style=\"text-align: center;\">60 \u00e0 180<\/td>\n<td style=\"text-align: center;\">60 \u00e0 180<\/td>\n<td style=\"text-align: center;\">60 \u00e0 180<\/td>\n<td style=\"text-align: center;\">60 \u00e0 180<\/td>\n<td style=\"text-align: center;\">60 \u00e0 180<\/td>\n<\/tr>\n<tr>\n<td>Larguer du tapis<\/td>\n<td style=\"text-align: center;\">Cm<\/td>\n<td style=\"text-align: center;\">70<\/td>\n<td style=\"text-align: center;\">80<\/td>\n<td style=\"text-align: center;\">100<\/td>\n<td style=\"text-align: center;\">120<\/td>\n<td style=\"text-align: center;\">150<\/td>\n<td style=\"text-align: center;\">160<\/td>\n<\/tr>\n<tr>\n<td>Hauteur maximum de objectes \u00e0 s\u00e9chai<\/td>\n<td style=\"text-align: center;\">Cm<\/td>\n<td style=\"text-align: center;\">13<\/td>\n<td style=\"text-align: center;\">13<\/td>\n<td style=\"text-align: center;\">13<\/td>\n<td style=\"text-align: center;\">13<\/td>\n<td style=\"text-align: center;\">13<\/td>\n<td style=\"text-align: center;\">13<\/td>\n<\/tr>\n<tr>\n<td>Puissance installe<\/td>\n<td style=\"text-align: center;\">kW<\/td>\n<td style=\"text-align: center;\">22,4<\/td>\n<td style=\"text-align: center;\">25,6<\/td>\n<td style=\"text-align: center;\">32<\/td>\n<td style=\"text-align: center;\">38,4<\/td>\n<td style=\"text-align: center;\">48<\/td>\n<td style=\"text-align: center;\">51,2<\/td>\n<\/tr>\n<tr>\n<td>Temp\u00e9rature maximum de fonctionnement<\/td>\n<td style=\"text-align: center;\">\u00baC<\/td>\n<td style=\"text-align: center;\">180<\/td>\n<td style=\"text-align: center;\">180<\/td>\n<td style=\"text-align: center;\">180<\/td>\n<td style=\"text-align: center;\">180<\/td>\n<td style=\"text-align: center;\">180<\/td>\n<td style=\"text-align: center;\">180<\/td>\n<\/tr>\n<tr>\n<td>Longueur<\/td>\n<td style=\"text-align: center;\">Cm<\/td>\n<td style=\"text-align: center;\">550<\/td>\n<td style=\"text-align: center;\">550<\/td>\n<td style=\"text-align: center;\">550<\/td>\n<td style=\"text-align: center;\">550<\/td>\n<td style=\"text-align: center;\">550<\/td>\n<td style=\"text-align: center;\">550<\/td>\n<\/tr>\n<tr>\n<td>Larguer<\/td>\n<td style=\"text-align: center;\">Cm<\/td>\n<td style=\"text-align: center;\">115<\/td>\n<td style=\"text-align: center;\">125<\/td>\n<td style=\"text-align: center;\">145<\/td>\n<td style=\"text-align: center;\">165<\/td>\n<td style=\"text-align: center;\">185<\/td>\n<td style=\"text-align: center;\">195<\/td>\n<\/tr>\n<tr>\n<td>Hauteur<\/td>\n<td style=\"text-align: center;\">Cm<\/td>\n<td style=\"text-align: center;\">130<\/td>\n<td style=\"text-align: center;\">130<\/td>\n<td style=\"text-align: center;\">130<\/td>\n<td style=\"text-align: center;\">130<\/td>\n<td style=\"text-align: center;\">130<\/td>\n<td style=\"text-align: center;\">130<\/td>\n<\/tr>\n<tr>\n<td>Poids<\/td>\n<td style=\"text-align: center;\">Kg<\/td>\n<td style=\"text-align: center;\">450<\/td>\n<td style=\"text-align: center;\">490<\/td>\n<td style=\"text-align: center;\">540<\/td>\n<td style=\"text-align: center;\">600<\/td>\n<td style=\"text-align: center;\">650<\/td>\n<td style=\"text-align: center;\">670<\/td>\n<\/tr>\n<tr>\n<td>Tension<\/td>\n<td style=\"text-align: center;\">V<\/td>\n<td style=\"text-align: center;\">380<\/td>\n<td style=\"text-align: center;\">380<\/td>\n<td style=\"text-align: center;\">380<\/td>\n<td style=\"text-align: center;\">380<\/td>\n<td style=\"text-align: center;\">380<\/td>\n<td style=\"text-align: center;\">3x 400<\/td>\n<\/tr>\n<\/tbody>\n<\/table>\t\t\t\t\t\t\t\t<\/div>\n\t\t\t\t<\/div>\n\t\t\t\t\t<\/div>\n\t\t<\/div>\n\t\t\t\t\t<\/div>\n\t\t<\/section>\n\t\t\t\t<\/div>\n\t\t","protected":false},"excerpt":{"rendered":"<p>L&#8217;AIRDRYER est un tunnel de s\u00e9chage \u00e9quip\u00e9 pour s\u00e9cher les encres plastisol; encres \u00e0 base d&#8217;eau ou \u00e0 solvant. L&#8217;AIRDRYER est \u00e9quip\u00e9 d&#8217;une turbine \u00e0 air chaud qui fonctionnera en circuit d&#8217;air en boucle ferm\u00e9e afin que vous ayez une \u00e9conomie d&#8217;\u00e9nergie maximale avec des r\u00e9sultats de s\u00e9chage optimaux dans tous les types d&#8217;encres.<\/p>\n","protected":false},"featured_media":9081,"template":"","meta":[],"product_cat":[210,222],"product_tag":[],"class_list":["post-3636","product","type-product","status-publish","has-post-thumbnail","hentry","product_cat-serigraphie-textile","product_cat-tunnel-de-sechage-polyvalant"],"_links":{"self":[{"href":"https:\/\/acosgraf.com\/fr\/wp-json\/wp\/v2\/product\/3636","targetHints":{"allow":["GET"]}}],"collection":[{"href":"https:\/\/acosgraf.com\/fr\/wp-json\/wp\/v2\/product"}],"about":[{"href":"https:\/\/acosgraf.com\/fr\/wp-json\/wp\/v2\/types\/product"}],"version-history":[{"count":5,"href":"https:\/\/acosgraf.com\/fr\/wp-json\/wp\/v2\/product\/3636\/revisions"}],"predecessor-version":[{"id":9104,"href":"https:\/\/acosgraf.com\/fr\/wp-json\/wp\/v2\/product\/3636\/revisions\/9104"}],"wp:featuredmedia":[{"embeddable":true,"href":"https:\/\/acosgraf.com\/fr\/wp-json\/wp\/v2\/media\/9081"}],"wp:attachment":[{"href":"https:\/\/acosgraf.com\/fr\/wp-json\/wp\/v2\/media?parent=3636"}],"wp:term":[{"taxonomy":"product_cat","embeddable":true,"href":"https:\/\/acosgraf.com\/fr\/wp-json\/wp\/v2\/product_cat?post=3636"},{"taxonomy":"product_tag","embeddable":true,"href":"https:\/\/acosgraf.com\/fr\/wp-json\/wp\/v2\/product_tag?post=3636"}],"curies":[{"name":"wp","href":"https:\/\/api.w.org\/{rel}","templated":true}]}}