
{"id":3644,"date":"2019-10-15T14:04:34","date_gmt":"2019-10-15T14:04:34","guid":{"rendered":"https:\/\/acosgraf.com\/produto\/airdryer-6m\/"},"modified":"2021-11-23T11:28:22","modified_gmt":"2021-11-23T11:28:22","slug":"airdryer-6m","status":"publish","type":"product","link":"https:\/\/acosgraf.com\/fr\/produit\/airdryer-6m\/","title":{"rendered":"AIRDRYER 6M"},"content":{"rendered":"<ul>\n<li>Tapete em malha revestido a Teflon;<\/li>\n<li>Variador electr\u00f3nico da velocidade do tapete;<\/li>\n<li>Ar for\u00e7ado com ventilador de elevado rendimento;<\/li>\n<li>Regulador do caudal de ar;<\/li>\n<li>Baterias de resist\u00eancias em cromo n\u00edquel;<\/li>\n<li>Controlador digital de temperatura;<\/li>\n<li>Chamin\u00e9 para exaust\u00e3o de fumos;<\/li>\n<li>Isolamento t\u00e9rmico em toda a \u00e1rea do t\u00fanel;<\/li>\n<li>Possibilidade de equipar t\u00fanel com extrac\u00e7\u00e3o de fumos;<\/li>\n<li>Possibilidade ter painel de controlo com modo de economiza\u00e7\u00e3o de energia.<\/li>\n<\/ul>\n<table class=\"tbl-products\">\n<tbody>\n<tr>\n<th>AIRDRYER 6M<\/th>\n<th style=\"text-align:center;\">Unidades<\/th>\n<th>IN 60014<\/th>\n<th>IN 60016<\/th>\n<th>IN 60018<\/th>\n<\/tr>\n<tr>\n<td>Dimension du chaleur<\/td>\n<td style=\"text-align:center;\">Cm<\/td>\n<td style=\"text-align:center;\">600&#215;140<\/td>\n<td style=\"text-align:center;\">600&#215;160<\/td>\n<td style=\"text-align:center;\">600&#215;180<\/td>\n<\/tr>\n<tr>\n<td>Vitesse du tapis<\/td>\n<td style=\"text-align:center;\">m\/min<\/td>\n<td style=\"text-align:center;\">1-7<\/td>\n<td style=\"text-align:center;\">1-7<\/td>\n<td style=\"text-align:center;\">1-7<\/td>\n<\/tr>\n<tr>\n<td>Larguer du tapis<\/td>\n<td style=\"text-align:center;\">Cm<\/td>\n<td style=\"text-align:center;\">140<\/td>\n<td style=\"text-align:center;\">160<\/td>\n<td style=\"text-align:center;\">180<\/td>\n<\/tr>\n<tr>\n<td>Hauteur maximum de objectes \u00e0 s\u00e9chai<\/td>\n<td style=\"text-align:center;\">Cm<\/td>\n<td style=\"text-align:center;\">13<\/td>\n<td style=\"text-align:center;\">13<\/td>\n<td style=\"text-align:center;\">13<\/td>\n<\/tr>\n<tr>\n<td>Puissance installe<\/td>\n<td style=\"text-align:center;\">kW<\/td>\n<td style=\"text-align:center;\">68<\/td>\n<td style=\"text-align:center;\">74<\/td>\n<td style=\"text-align:center;\">86,4<\/td>\n<\/tr>\n<tr>\n<td>Temp\u00e9rature maximum de fonctionnement<\/td>\n<td style=\"text-align:center;\">\ufffdC<\/td>\n<td style=\"text-align:center;\">200<\/td>\n<td style=\"text-align:center;\">200<\/td>\n<td style=\"text-align:center;\">200<\/td>\n<\/tr>\n<tr>\n<td>Longueur<\/td>\n<td style=\"text-align:center;\">Cm<\/td>\n<td style=\"text-align:center;\">715<\/td>\n<td style=\"text-align:center;\">715<\/td>\n<td style=\"text-align:center;\">715<\/td>\n<\/tr>\n<tr>\n<td>Larguer<\/td>\n<td style=\"text-align:center;\">Cm<\/td>\n<td style=\"text-align:center;\">180<\/td>\n<td style=\"text-align:center;\">210<\/td>\n<td style=\"text-align:center;\">220<\/td>\n<\/tr>\n<tr>\n<td>Hauteur<\/td>\n<td style=\"text-align:center;\">Cm<\/td>\n<td style=\"text-align:center;\">130<\/td>\n<td style=\"text-align:center;\">130<\/td>\n<td style=\"text-align:center;\">130<\/td>\n<\/tr>\n<tr>\n<td>Poids<\/td>\n<td style=\"text-align:center;\">Kg<\/td>\n<td style=\"text-align:center;\">1200<\/td>\n<td style=\"text-align:center;\">1400<\/td>\n<td style=\"text-align:center;\">1700<\/td>\n<\/tr>\n<tr>\n<td>Tension<\/td>\n<td style=\"text-align:center;\">V<\/td>\n<td style=\"text-align:center;\">3x 400<\/td>\n<td style=\"text-align:center;\">400<\/td>\n<td style=\"text-align:center;\">3&#215;400<\/td>\n<\/tr>\n<\/tbody>\n<\/table>\n","protected":false},"excerpt":{"rendered":"<p>L\u2019AIRDRYER 6M est un tunnel de s\u00e9chage \u00e9quip\u00e9 pour s\u00e9cher les encres plastisol; encres \u00e0 base d\u2019eau ou \u00e0 solvant. L\u2019AIRDRYER 6M est \u00e9quip\u00e9 d\u2019une turbine \u00e0 air chaud qui fonctionnera en circuit d\u2019air en boucle ferm\u00e9e afin que vous ayez une \u00e9conomie d\u2019\u00e9nergie maximale avec des r\u00e9sultats de s\u00e9chage optimaux dans tous les types d\u2019encres.<br \/>\nL\u00b4AIRDRYER 6M peux \u00eatre \u00e9quipais avec diff\u00e8rent option comme: module de refroidissement de pi\u00e8ce; lampes IR; chemin\u00e9s de aspiration de fumes; module avec lampes UV ; etc\u2026 <\/p>\n","protected":false},"featured_media":10236,"template":"","meta":[],"product_brand":[],"product_cat":[210,222],"product_tag":[],"class_list":{"0":"post-3644","1":"product","2":"type-product","3":"status-publish","4":"has-post-thumbnail","6":"product_cat-serigraphie-textile","7":"product_cat-tunnel-de-sechage-polyvalant","9":"first","10":"instock","11":"purchasable","12":"product-type-simple"},"_links":{"self":[{"href":"https:\/\/acosgraf.com\/fr\/wp-json\/wp\/v2\/product\/3644","targetHints":{"allow":["GET"]}}],"collection":[{"href":"https:\/\/acosgraf.com\/fr\/wp-json\/wp\/v2\/product"}],"about":[{"href":"https:\/\/acosgraf.com\/fr\/wp-json\/wp\/v2\/types\/product"}],"version-history":[{"count":5,"href":"https:\/\/acosgraf.com\/fr\/wp-json\/wp\/v2\/product\/3644\/revisions"}],"predecessor-version":[{"id":10242,"href":"https:\/\/acosgraf.com\/fr\/wp-json\/wp\/v2\/product\/3644\/revisions\/10242"}],"wp:featuredmedia":[{"embeddable":true,"href":"https:\/\/acosgraf.com\/fr\/wp-json\/wp\/v2\/media\/10236"}],"wp:attachment":[{"href":"https:\/\/acosgraf.com\/fr\/wp-json\/wp\/v2\/media?parent=3644"}],"wp:term":[{"taxonomy":"product_brand","embeddable":true,"href":"https:\/\/acosgraf.com\/fr\/wp-json\/wp\/v2\/product_brand?post=3644"},{"taxonomy":"product_cat","embeddable":true,"href":"https:\/\/acosgraf.com\/fr\/wp-json\/wp\/v2\/product_cat?post=3644"},{"taxonomy":"product_tag","embeddable":true,"href":"https:\/\/acosgraf.com\/fr\/wp-json\/wp\/v2\/product_tag?post=3644"}],"curies":[{"name":"wp","href":"https:\/\/api.w.org\/{rel}","templated":true}]}}