
{"id":3725,"date":"2019-10-15T14:04:34","date_gmt":"2019-10-15T14:04:34","guid":{"rendered":"https:\/\/acosgraf.com\/produto\/airdryer-2m\/"},"modified":"2019-10-17T11:40:23","modified_gmt":"2019-10-17T11:40:23","slug":"airdryer-2m","status":"publish","type":"product","link":"https:\/\/acosgraf.com\/fr\/produto\/airdryer-2m\/","title":{"rendered":"AIRDRYER 2M"},"content":{"rendered":"<ul>\n<li>Tapete em malha revestido a Teflon;<\/li>\n<li>Variador electr\u00f3nico da velocidade do tapete;<\/li>\n<li>Ar for\u00e7ado com ventilador de elevado rendimento;<\/li>\n<li>Regulador do caudal de ar;<\/li>\n<li>Baterias de resist\u00eancias em cromo n\u00edquel;<\/li>\n<li>Controlador digital de temperatura;<\/li>\n<li>Chamin\u00e9 para exaust\u00e3o de fumos;<\/li>\n<li>Isolamento t\u00e9rmico em toda a \u00e1rea do t\u00fanel.<\/li>\n<\/ul>\n<table class=\"tbl-products\">\n<tbody>\n<tr>\n<th>AIRDRYER 2M<\/th>\n<th style=\"text-align:center;\">Unidades<\/th>\n<th>IN 20007<\/th>\n<th>IN 20008<\/th>\n<th>IN 20010<\/th>\n<th>IN 20012<\/th>\n<\/tr>\n<tr>\n<td>Dimension du chaleur<\/td>\n<td style=\"text-align:center;\">Cm<\/td>\n<td style=\"text-align:center;\">200&#215;70<\/td>\n<td style=\"text-align:center;\">200&#215;80<\/td>\n<td style=\"text-align:center;\">200&#215;100<\/td>\n<td style=\"text-align:center;\">200&#215;120<\/td>\n<\/tr>\n<tr>\n<td>Vitesse du tapis<\/td>\n<td style=\"text-align:center;\">m\/min<\/td>\n<td style=\"text-align:center;\">60 &#8211; 180<\/td>\n<td style=\"text-align:center;\">60 &#8211; 180<\/td>\n<td style=\"text-align:center;\">60 &#8211; 180<\/td>\n<td style=\"text-align:center;\">60 &#8211; 180<\/td>\n<\/tr>\n<tr>\n<td>Larguer du tapis<\/td>\n<td style=\"text-align:center;\">Cm<\/td>\n<td style=\"text-align:center;\">70<\/td>\n<td style=\"text-align:center;\">80<\/td>\n<td style=\"text-align:center;\">100<\/td>\n<td style=\"text-align:center;\">120<\/td>\n<\/tr>\n<tr>\n<td>Hauteur maximum de objectes \u00e0 s\u00e9chai<\/td>\n<td style=\"text-align:center;\">Cm<\/td>\n<td style=\"text-align:center;\">13<\/td>\n<td style=\"text-align:center;\">13<\/td>\n<td style=\"text-align:center;\">13<\/td>\n<td style=\"text-align:center;\">13<\/td>\n<\/tr>\n<tr>\n<td>Puissance installe<\/td>\n<td style=\"text-align:center;\">kW<\/td>\n<td style=\"text-align:center;\">14<\/td>\n<td style=\"text-align:center;\">14<\/td>\n<td style=\"text-align:center;\">16<\/td>\n<td style=\"text-align:center;\">20,5<\/td>\n<\/tr>\n<tr>\n<td>Temp\u00e9rature maximum de fonctionnement<\/td>\n<td style=\"text-align:center;\">\ufffdC<\/td>\n<td style=\"text-align:center;\">180<\/td>\n<td style=\"text-align:center;\">180<\/td>\n<td style=\"text-align:center;\">180<\/td>\n<td style=\"text-align:center;\">180<\/td>\n<\/tr>\n<tr>\n<td>Longueur<\/td>\n<td style=\"text-align:center;\">Cm<\/td>\n<td style=\"text-align:center;\">315<\/td>\n<td style=\"text-align:center;\">315<\/td>\n<td style=\"text-align:center;\">315<\/td>\n<td style=\"text-align:center;\">315<\/td>\n<\/tr>\n<tr>\n<td>Larguer<\/td>\n<td style=\"text-align:center;\">Cm<\/td>\n<td style=\"text-align:center;\">115<\/td>\n<td style=\"text-align:center;\">125<\/td>\n<td style=\"text-align:center;\">145<\/td>\n<td style=\"text-align:center;\">165<\/td>\n<\/tr>\n<tr>\n<td>Hauteur<\/td>\n<td style=\"text-align:center;\">Cm<\/td>\n<td style=\"text-align:center;\">130<\/td>\n<td style=\"text-align:center;\">130<\/td>\n<td style=\"text-align:center;\">130<\/td>\n<td style=\"text-align:center;\">130<\/td>\n<\/tr>\n<tr>\n<td>Poids<\/td>\n<td style=\"text-align:center;\">Kg<\/td>\n<td style=\"text-align:center;\">250<\/td>\n<td style=\"text-align:center;\">270<\/td>\n<td style=\"text-align:center;\">300<\/td>\n<td style=\"text-align:center;\">330<\/td>\n<\/tr>\n<tr>\n<td>Tension<\/td>\n<td style=\"text-align:center;\">V<\/td>\n<td style=\"text-align:center;\">220 ou 380<\/td>\n<td style=\"text-align:center;\">220 ou 380<\/td>\n<td style=\"text-align:center;\">220 ou 380<\/td>\n<td style=\"text-align:center;\">220 ou 380<\/td>\n<\/tr>\n<\/tbody>\n<\/table>\n","protected":false},"excerpt":{"rendered":"<div class=\"btn_product\"><a class=\"btn_short_pdf elementor-align-justify elementor-button\" role=\"button\" href=\"https:\/\/acosgraf.com\/wp-content\/uploads\/2019\/10\/AIRDRYER-2M-fr.pdf\"><i class=\"far fa-file-pdf\" aria-hidden=\"true\"><\/i> <span class=\"txt_btn_pdf\">T\u00c9L\u00c9CHARGER LE PDF<\/span><\/a><\/div>\n","protected":false},"featured_media":3726,"template":"","meta":[],"product_cat":[210,222],"product_tag":[],"class_list":["post-3725","product","type-product","status-publish","has-post-thumbnail","hentry","product_cat-serigraphie-textile","product_cat-tunnel-de-sechage-polyvalant"],"_links":{"self":[{"href":"https:\/\/acosgraf.com\/fr\/wp-json\/wp\/v2\/product\/3725","targetHints":{"allow":["GET"]}}],"collection":[{"href":"https:\/\/acosgraf.com\/fr\/wp-json\/wp\/v2\/product"}],"about":[{"href":"https:\/\/acosgraf.com\/fr\/wp-json\/wp\/v2\/types\/product"}],"version-history":[{"count":3,"href":"https:\/\/acosgraf.com\/fr\/wp-json\/wp\/v2\/product\/3725\/revisions"}],"predecessor-version":[{"id":3731,"href":"https:\/\/acosgraf.com\/fr\/wp-json\/wp\/v2\/product\/3725\/revisions\/3731"}],"wp:featuredmedia":[{"embeddable":true,"href":"https:\/\/acosgraf.com\/fr\/wp-json\/wp\/v2\/media\/3726"}],"wp:attachment":[{"href":"https:\/\/acosgraf.com\/fr\/wp-json\/wp\/v2\/media?parent=3725"}],"wp:term":[{"taxonomy":"product_cat","embeddable":true,"href":"https:\/\/acosgraf.com\/fr\/wp-json\/wp\/v2\/product_cat?post=3725"},{"taxonomy":"product_tag","embeddable":true,"href":"https:\/\/acosgraf.com\/fr\/wp-json\/wp\/v2\/product_tag?post=3725"}],"curies":[{"name":"wp","href":"https:\/\/api.w.org\/{rel}","templated":true}]}}