
{"id":3743,"date":"2019-10-15T09:43:45","date_gmt":"2019-10-15T09:43:45","guid":{"rendered":"https:\/\/acosgraf.com\/produto\/ac-2000\/"},"modified":"2019-10-17T11:47:47","modified_gmt":"2019-10-17T11:47:47","slug":"ac-2000","status":"publish","type":"product","link":"https:\/\/acosgraf.com\/fr\/produto\/ac-2000\/","title":{"rendered":"AC &#8211; 2000"},"content":{"rendered":"<ul>\n<li>M\u00e1quina electro pneum\u00e1tica;<\/li>\n<li>Ajuste de press\u00e3o manual de 0 a 800 kg;<\/li>\n<li>Mesa de alimenta\u00e7\u00e3o manual<\/li>\n<li>Selector digital de controlo de temperatura de 0 a 220\u00ba C;<\/li>\n<li>Distancia de enrolamento das fitas regul\u00e1vel;<\/li>\n<li>Cabe\u00e7a de impress\u00e3o regul\u00e1vel em altura;<\/li>\n<li>\u00c1rea de impress\u00e3o de 100mm x 80mm;<\/li>\n<li>Cadencia m\u00e1xima de trabalho 700 impress\u00f5es hora;<\/li>\n<li>Mesa de coloca\u00e7\u00e3o de pe\u00e7a com movimento manual.<\/li>\n<\/ul>\n<table class=\"tbl-products\">\n<tbody>\n<tr>\n<th>AC &#8211; 2000<\/th>\n<th style=\"text-align:center;\">Uni<\/th>\n<th>AC &#8211; 2000<\/th>\n<\/tr>\n<tr>\n<td>Dimens\u00e3o m\u00e1xima de transferencia<\/td>\n<td style=\"text-align:center;\">mm<\/td>\n<td style=\"text-align:center;\">100 x 80<\/td>\n<\/tr>\n<tr>\n<td>Press\u00e3o m\u00e1xima de trabalho<\/td>\n<td style=\"text-align:center;\">Kg<\/td>\n<td style=\"text-align:center;\">800<\/td>\n<\/tr>\n<tr>\n<td>Numero m\u00e1ximo de ciclos por hora<\/td>\n<td style=\"text-align:center;\"><\/td>\n<td style=\"text-align:center;\">700<\/td>\n<\/tr>\n<tr>\n<td>Pot\u00eancia instalada<\/td>\n<td style=\"text-align:center;\">kW<\/td>\n<td style=\"text-align:center;\">1000<\/td>\n<\/tr>\n<tr>\n<td>Temp. m\u00e1xima de funcionamento<\/td>\n<td style=\"text-align:center;\">C<\/td>\n<td style=\"text-align:center;\">220<\/td>\n<\/tr>\n<tr>\n<td>Peso<\/td>\n<td style=\"text-align:center;\">Kg<\/td>\n<td style=\"text-align:center;\">180<\/td>\n<\/tr>\n<tr>\n<td>Voltagem<\/td>\n<td style=\"text-align:center;\">V<\/td>\n<td style=\"text-align:center;\">230\/50<\/td>\n<\/tr>\n<\/tbody>\n<\/table>\n","protected":false},"excerpt":{"rendered":"<p>A AC-2000 \u00e9 uma m\u00e1quina de estampar a quente electro pneum\u00e1tica. A AC-2000 disp\u00f5em de uma mesa de coloca\u00e7\u00e3o de pe\u00e7a com movimento manual e a prensa \u00e9 feita atrav\u00e9s de um cilindro pneum\u00e1tico.<\/p>\n<div class=\"btn_product\"><a class=\"btn_short_pdf elementor-align-justify elementor-button\" role=\"button\" href=\"https:\/\/acosgraf.com\/wp-content\/uploads\/2019\/10\/AC-2000.pdf\"><i class=\"far fa-file-pdf\" aria-hidden=\"true\"><\/i> <span class=\"txt_btn_pdf\">T\u00c9L\u00c9CHARGER LE PDF<\/span><\/a><\/div>\n","protected":false},"featured_media":3745,"template":"","meta":[],"product_cat":[146,148],"product_tag":[],"class_list":["post-3743","product","type-product","status-publish","has-post-thumbnail","hentry","product_cat-estampagem-a-quente-fr","product_cat-pneumatica-fr"],"_links":{"self":[{"href":"https:\/\/acosgraf.com\/fr\/wp-json\/wp\/v2\/product\/3743","targetHints":{"allow":["GET"]}}],"collection":[{"href":"https:\/\/acosgraf.com\/fr\/wp-json\/wp\/v2\/product"}],"about":[{"href":"https:\/\/acosgraf.com\/fr\/wp-json\/wp\/v2\/types\/product"}],"version-history":[{"count":2,"href":"https:\/\/acosgraf.com\/fr\/wp-json\/wp\/v2\/product\/3743\/revisions"}],"predecessor-version":[{"id":3749,"href":"https:\/\/acosgraf.com\/fr\/wp-json\/wp\/v2\/product\/3743\/revisions\/3749"}],"wp:featuredmedia":[{"embeddable":true,"href":"https:\/\/acosgraf.com\/fr\/wp-json\/wp\/v2\/media\/3745"}],"wp:attachment":[{"href":"https:\/\/acosgraf.com\/fr\/wp-json\/wp\/v2\/media?parent=3743"}],"wp:term":[{"taxonomy":"product_cat","embeddable":true,"href":"https:\/\/acosgraf.com\/fr\/wp-json\/wp\/v2\/product_cat?post=3743"},{"taxonomy":"product_tag","embeddable":true,"href":"https:\/\/acosgraf.com\/fr\/wp-json\/wp\/v2\/product_tag?post=3743"}],"curies":[{"name":"wp","href":"https:\/\/api.w.org\/{rel}","templated":true}]}}