
{"id":3752,"date":"2019-10-15T09:43:45","date_gmt":"2019-10-15T09:43:45","guid":{"rendered":"https:\/\/acosgraf.com\/produto\/cyclone\/"},"modified":"2021-04-05T09:21:29","modified_gmt":"2021-04-05T09:21:29","slug":"vortex","status":"publish","type":"product","link":"https:\/\/acosgraf.com\/fr\/produto\/vortex\/","title":{"rendered":"VORTEX"},"content":{"rendered":"\t\t<div data-elementor-type=\"product-post\" data-elementor-id=\"3752\" class=\"elementor elementor-3752\" data-elementor-post-type=\"product\">\n\t\t\t\t\t\t<section class=\"elementor-section elementor-top-section elementor-element elementor-element-a1a8f37 elementor-section-boxed elementor-section-height-default elementor-section-height-default\" data-id=\"a1a8f37\" data-element_type=\"section\" data-e-type=\"section\">\n\t\t\t\t\t\t<div class=\"elementor-container elementor-column-gap-default\">\n\t\t\t\t\t<div class=\"elementor-column elementor-col-100 elementor-top-column elementor-element elementor-element-4495ec03\" data-id=\"4495ec03\" data-element_type=\"column\" data-e-type=\"column\">\n\t\t\t<div class=\"elementor-widget-wrap elementor-element-populated\">\n\t\t\t\t\t\t<div class=\"elementor-element elementor-element-32e5bc54 elementor-widget elementor-widget-text-editor\" data-id=\"32e5bc54\" data-element_type=\"widget\" data-e-type=\"widget\" data-widget_type=\"text-editor.default\">\n\t\t\t\t<div class=\"elementor-widget-container\">\n\t\t\t\t\t\t\t\t\t<p><div style=\"width: 640px;\" class=\"wp-video\"><!--[if lt IE 9]><script>document.createElement('video');<\/script><![endif]-->\n<video class=\"wp-video-shortcode\" id=\"video-3752-1\" width=\"640\" height=\"362\" preload=\"metadata\" controls=\"controls\"><source type=\"video\/mp4\" src=\"https:\/\/acosgraf.com\/wp-content\/uploads\/2019\/10\/VORTEX-800-in-Ireland_high.mp4?_=1\" \/><a href=\"https:\/\/acosgraf.com\/wp-content\/uploads\/2019\/10\/VORTEX-800-in-Ireland_high.mp4\">https:\/\/acosgraf.com\/wp-content\/uploads\/2019\/10\/VORTEX-800-in-Ireland_high.mp4<\/a><\/video><\/div><\/p><ul><li>Nettoyage de la impression sans laissais de marque sur le papier<\/li><li>Re circulation de poudre en circuit fermais ;<\/li><li>Double soufflerie dans la sortie du papier ;<\/li><li>Variateur de vitesse du tapis;<\/li><li>Touche inf\u00e9rieur du papier pour faire la lib\u00e9ration de la poudre ;<\/li><li>Mouvement de la poudre dans un syst\u00e8me vortex<\/li><li>Commande par \u00e9cran tactile 7\u2033<\/li><li>Barre anti statique comme option \u00e0 la entrais et sortie du papier.<\/li><\/ul><table class=\"tbl-products\"><tbody><tr><th>VORTEX<\/th><th style=\"text-align: center;\">Uni<\/th><th>V 500<\/th><th>V 800<\/th><th>V 1100<\/th><\/tr><tr><td>\u00c9paisseur du poudre \u00e0 utilisais<\/td><td style=\"text-align: center;\">\u03bc<\/td><td style=\"text-align: center;\">80 a 300<\/td><td style=\"text-align: center;\">80 a 300<\/td><td style=\"text-align: center;\">80 a 300<\/td><\/tr><tr><td>Larguer du tapis<\/td><td style=\"text-align: center;\">Cm<\/td><td style=\"text-align: center;\">50<\/td><td style=\"text-align: center;\">80<\/td><td style=\"text-align: center;\">110<\/td><\/tr><tr><td>Longueur ext\u00e9rieur<\/td><td style=\"text-align: center;\">Cm<\/td><td style=\"text-align: center;\">178<\/td><td style=\"text-align: center;\">178<\/td><td style=\"text-align: center;\">178<\/td><\/tr><tr><td>Largueur ext\u00e9rieur<\/td><td style=\"text-align: center;\">Cm<\/td><td style=\"text-align: center;\">197<\/td><td style=\"text-align: center;\">227<\/td><td style=\"text-align: center;\">257<\/td><\/tr><tr><td>Hauteur ext\u00e9rieur<\/td><td style=\"text-align: center;\">Cm<\/td><td style=\"text-align: center;\">155<\/td><td style=\"text-align: center;\">155<\/td><td style=\"text-align: center;\">155<\/td><\/tr><tr><td>Puissance install\u00e9<\/td><td style=\"text-align: center;\">Kw<\/td><td style=\"text-align: center;\">3,6<\/td><td style=\"text-align: center;\">3,6<\/td><td style=\"text-align: center;\">4,5<\/td><\/tr><tr><td>Poids<\/td><td style=\"text-align: center;\">Kg<\/td><td style=\"text-align: center;\">650<\/td><td style=\"text-align: center;\">710<\/td><td style=\"text-align: center;\">800<\/td><\/tr><tr><td>Voltage<\/td><td style=\"text-align: center;\">V<\/td><td style=\"text-align: center;\">400<\/td><td style=\"text-align: center;\">400<\/td><td style=\"text-align: center;\">400<\/td><\/tr><tr><td>Dimension de envoie (larg.*prof.*haut.)<\/td><td style=\"text-align: center;\">Cm<\/td><td style=\"text-align: center;\">\u00a0<\/td><td style=\"text-align: center;\">230*190*180<\/td><td style=\"text-align: center;\">260*200*170<\/td><\/tr><\/tbody><\/table>\t\t\t\t\t\t\t\t<\/div>\n\t\t\t\t<\/div>\n\t\t\t\t\t<\/div>\n\t\t<\/div>\n\t\t\t\t\t<\/div>\n\t\t<\/section>\n\t\t\t\t<\/div>\n\t\t","protected":false},"excerpt":{"rendered":"<p>Le VORTEX est un applicateur automatique de poudre de transfert utilis\u00e9e dans l&#8217; industrie de l&#8217;impression de transfer par le m\u00e9thode de s\u00e9rigraphie . Le VORTEX applique la poudre automatique dans la feuille d&#8217;impression , nettoie l&#8217;exc\u00e8s de poudre et re utilis\u00e9 la poudre de transfert. Le VORTEX est \u00e9quip\u00e9 avec un filtre dans la sortie de air pour ne avoir pas contamination de enivrement avec poudre de transfert.<\/p>\n<div class=\"btn_product\"><a class=\"btn_short_pdf elementor-align-justify elementor-button\" role=\"button\" href=\"https:\/\/acosgraf.com\/wp-content\/uploads\/2019\/10\/Cyclone-fr.pdf\"><i class=\"far fa-file-pdf\" aria-hidden=\"true\"><\/i> <span class=\"txt_btn_pdf\">T\u00c9L\u00c9CHARGER LE PDF<\/span><\/a><\/div>\n","protected":false},"featured_media":9816,"template":"","meta":[],"product_cat":[247,246],"product_tag":[],"class_list":["post-3752","product","type-product","status-publish","has-post-thumbnail","hentry","product_cat-application-de-poudre-automatiquement-sur-papier-transfer","product_cat-transfer-fr"],"_links":{"self":[{"href":"https:\/\/acosgraf.com\/fr\/wp-json\/wp\/v2\/product\/3752","targetHints":{"allow":["GET"]}}],"collection":[{"href":"https:\/\/acosgraf.com\/fr\/wp-json\/wp\/v2\/product"}],"about":[{"href":"https:\/\/acosgraf.com\/fr\/wp-json\/wp\/v2\/types\/product"}],"version-history":[{"count":5,"href":"https:\/\/acosgraf.com\/fr\/wp-json\/wp\/v2\/product\/3752\/revisions"}],"predecessor-version":[{"id":9522,"href":"https:\/\/acosgraf.com\/fr\/wp-json\/wp\/v2\/product\/3752\/revisions\/9522"}],"wp:featuredmedia":[{"embeddable":true,"href":"https:\/\/acosgraf.com\/fr\/wp-json\/wp\/v2\/media\/9816"}],"wp:attachment":[{"href":"https:\/\/acosgraf.com\/fr\/wp-json\/wp\/v2\/media?parent=3752"}],"wp:term":[{"taxonomy":"product_cat","embeddable":true,"href":"https:\/\/acosgraf.com\/fr\/wp-json\/wp\/v2\/product_cat?post=3752"},{"taxonomy":"product_tag","embeddable":true,"href":"https:\/\/acosgraf.com\/fr\/wp-json\/wp\/v2\/product_tag?post=3752"}],"curies":[{"name":"wp","href":"https:\/\/api.w.org\/{rel}","templated":true}]}}