
{"id":3781,"date":"2019-10-15T09:43:45","date_gmt":"2019-10-15T09:43:45","guid":{"rendered":"https:\/\/acosgraf.com\/produto\/galaxy-swing\/"},"modified":"2019-10-17T13:25:48","modified_gmt":"2019-10-17T13:25:48","slug":"galaxy-swing","status":"publish","type":"product","link":"https:\/\/acosgraf.com\/fr\/produto\/galaxy-swing\/","title":{"rendered":"GALAXY SWING"},"content":{"rendered":"<table class=\"tbl-products\">\n<tbody>\n<tr>\n<th>GALAXY SWING<\/th>\n<th style=\"text-align:center;\">Unidades<\/th>\n<th>GA &#8211; SWING 38<\/th>\n<th>GA &#8211; SWING 50<\/th>\n<\/tr>\n<tr>\n<td>Dimens\u00f5es do prato de transfer<\/td>\n<td style=\"text-align:center;\">cm<\/td>\n<td style=\"text-align:center;\">38&#215;38<\/td>\n<td style=\"text-align:center;\">38&#215;50<\/td>\n<\/tr>\n<tr>\n<td>Fornecidade m\u00e1xima oferecida<\/td>\n<td style=\"text-align:center;\">Kg<\/td>\n<td style=\"text-align:center;\">1050<\/td>\n<td style=\"text-align:center;\">1050<\/td>\n<\/tr>\n<tr>\n<td>Temp\u00e9rature maximum de fonctionnement<\/td>\n<td style=\"text-align:center;\">\ufffdC<\/td>\n<td style=\"text-align:center;\">230<\/td>\n<td style=\"text-align:center;\">230<\/td>\n<\/tr>\n<tr>\n<td>Vel. max. de impress\u00e3o a 600dpi<\/td>\n<td style=\"text-align:center;\">m2\/h<\/td>\n<td style=\"text-align:center;\">1,8<\/td>\n<td style=\"text-align:center;\">2,5<\/td>\n<\/tr>\n<tr>\n<td>Poids<\/td>\n<td style=\"text-align:center;\">Kg<\/td>\n<td style=\"text-align:center;\">40<\/td>\n<td style=\"text-align:center;\">52<\/td>\n<\/tr>\n<tr>\n<td>Tension<\/td>\n<td style=\"text-align:center;\">V<\/td>\n<td style=\"text-align:center;\">230\/50<\/td>\n<td style=\"text-align:center;\">230\/50<\/td>\n<\/tr>\n<\/tbody>\n<\/table>\n","protected":false},"excerpt":{"rendered":"<p>A GALAXY SWING \u00e9 uma prensa de transfer manual com abertura lateral. A GALAXY SWING \u00e9 equipado com um prato de transfer com dimens\u00f5es de 38&#215;38 ou 38&#215;50 cm. Na GALAXY SWING o prato inferior pode ser trocado para qualquer dimens\u00e3o desejada.<\/p>\n<div class=\"btn_product\"><a class=\"btn_short_pdf elementor-align-justify elementor-button\" role=\"button\" href=\"https:\/\/acosgraf.com\/wp-content\/uploads\/2019\/10\/GALAXY-SWING-fr.pdf\"><i class=\"far fa-file-pdf\" aria-hidden=\"true\"><\/i> <span class=\"txt_btn_pdf\">T\u00c9L\u00c9CHARGER LE PDF<\/span><\/a><\/div>\n","protected":false},"featured_media":3783,"template":"","meta":[],"product_cat":[254,246],"product_tag":[],"class_list":["post-3781","product","type-product","status-publish","has-post-thumbnail","hentry","product_cat-manual-fr-2","product_cat-transfer-fr"],"_links":{"self":[{"href":"https:\/\/acosgraf.com\/fr\/wp-json\/wp\/v2\/product\/3781","targetHints":{"allow":["GET"]}}],"collection":[{"href":"https:\/\/acosgraf.com\/fr\/wp-json\/wp\/v2\/product"}],"about":[{"href":"https:\/\/acosgraf.com\/fr\/wp-json\/wp\/v2\/types\/product"}],"version-history":[{"count":3,"href":"https:\/\/acosgraf.com\/fr\/wp-json\/wp\/v2\/product\/3781\/revisions"}],"predecessor-version":[{"id":3788,"href":"https:\/\/acosgraf.com\/fr\/wp-json\/wp\/v2\/product\/3781\/revisions\/3788"}],"wp:featuredmedia":[{"embeddable":true,"href":"https:\/\/acosgraf.com\/fr\/wp-json\/wp\/v2\/media\/3783"}],"wp:attachment":[{"href":"https:\/\/acosgraf.com\/fr\/wp-json\/wp\/v2\/media?parent=3781"}],"wp:term":[{"taxonomy":"product_cat","embeddable":true,"href":"https:\/\/acosgraf.com\/fr\/wp-json\/wp\/v2\/product_cat?post=3781"},{"taxonomy":"product_tag","embeddable":true,"href":"https:\/\/acosgraf.com\/fr\/wp-json\/wp\/v2\/product_tag?post=3781"}],"curies":[{"name":"wp","href":"https:\/\/api.w.org\/{rel}","templated":true}]}}